{"id":32609,"date":"2016-09-25T23:27:41","date_gmt":"2016-09-25T23:27:41","guid":{"rendered":"https:\/\/www.myaquastore.com\/product\/refletor-led-submersivel-4-5-boyu-para-lago-sdl03\/"},"modified":"2025-03-16T08:20:13","modified_gmt":"2025-03-16T08:20:13","slug":"refletor-led-submersivel-4-5-boyu-para-lago-sdl03","status":"publish","type":"product","link":"https:\/\/www.myaquastore.com\/pt-br\/produto\/refletor-led-submersivel-4-5-boyu-para-lago-sdl03\/","title":{"rendered":"Refletor LED submers\u00edvel 4.5 BOYU para lago SDL03"},"content":{"rendered":"<article class=\"article richtext richtext-detail AE:disable\" id=\"richTextContainer\">\n<div style=\"clear:both\">\n<p><span style=\"font-size: 18px\">Refletor LED submers\u00edvel 4,5 BOYU para lagoa SDL03 <br \/><\/span><\/p>\n<\/p>\n<p><span style=\"font-size: 18px\">Benef\u00edcio:<\/span><\/p>\n<p style=\"border: 0px;font-family: Arial,Helvetica;line-height: 18px;vertical-align: linha de base;font-size: 12px line-he\"><span style=\"linha de base\">1.Tamanho pequeno, formato atraente, design com v\u00e1rios selos.<\/span><br \/><span>2.Qualquer regula\u00e7\u00e3o de \u00e2ngulo, luz LED, alta efici\u00eancia, produz muitos raios coloridos.<\/span><br \/><span style=\"margin: 0px\">3.Trabalhar com tens\u00e3o segura, segura e confi\u00e1vel. F\u00e1cil instala\u00e7\u00e3o e opera\u00e7\u00e3o<\/span><\/p>\n<p style=\"border: 0px;color: #333333\"><span>4.Adequado para uso terrestre e subaqu\u00e1tico.<\/span><\/p>\n<p style=\"border: 0px;color: #333333\"><span>5.embalagem:18 pe\u00e7as\/caixa<\/span><\/p>\n<p style=\"border: 0px;color: #333333\">\n<p style=\"border: 0px;color: #333333\">\n<p style=\"border: 0px;color: #333333\">\n<div style=\"clear:both\"><\/article>\n","protected":false},"excerpt":{"rendered":"<p>Refletor LED submers\u00edvel 4.5 BOYU para lago SDL03<\/p>\n","protected":false},"featured_media":2311,"comment_status":"open","ping_status":"closed","template":"","meta":[],"product_brand":[],"product_cat":[627],"product_tag":[],"class_list":{"0":"post-32609","1":"product","2":"type-product","3":"status-publish","4":"has-post-thumbnail","6":"product_cat-filtros-de-aquario","8":"first","9":"instock","10":"shipping-taxable","11":"purchasable","12":"product-type-simple"},"_links":{"self":[{"href":"https:\/\/www.myaquastore.com\/pt-br\/wp-json\/wp\/v2\/product\/32609","targetHints":{"allow":["GET"]}}],"collection":[{"href":"https:\/\/www.myaquastore.com\/pt-br\/wp-json\/wp\/v2\/product"}],"about":[{"href":"https:\/\/www.myaquastore.com\/pt-br\/wp-json\/wp\/v2\/types\/product"}],"replies":[{"embeddable":true,"href":"https:\/\/www.myaquastore.com\/pt-br\/wp-json\/wp\/v2\/comments?post=32609"}],"wp:featuredmedia":[{"embeddable":true,"href":"https:\/\/www.myaquastore.com\/pt-br\/wp-json\/wp\/v2\/media\/2311"}],"wp:attachment":[{"href":"https:\/\/www.myaquastore.com\/pt-br\/wp-json\/wp\/v2\/media?parent=32609"}],"wp:term":[{"taxonomy":"product_brand","embeddable":true,"href":"https:\/\/www.myaquastore.com\/pt-br\/wp-json\/wp\/v2\/product_brand?post=32609"},{"taxonomy":"product_cat","embeddable":true,"href":"https:\/\/www.myaquastore.com\/pt-br\/wp-json\/wp\/v2\/product_cat?post=32609"},{"taxonomy":"product_tag","embeddable":true,"href":"https:\/\/www.myaquastore.com\/pt-br\/wp-json\/wp\/v2\/product_tag?post=32609"}],"curies":[{"name":"wp","href":"https:\/\/api.w.org\/{rel}","templated":true}]}}