{"id":32617,"date":"2016-09-25T23:27:41","date_gmt":"2016-09-25T23:27:41","guid":{"rendered":"https:\/\/www.myaquastore.com\/product\/novo-produto-jebao-conversao-de-frequencia-bomba-de-agua-submersivel-marinha-super-silenciosa-bomba-de-agua-do-mar-dt10000\/"},"modified":"2025-03-16T08:20:14","modified_gmt":"2025-03-16T08:20:14","slug":"novo-produto-jebao-conversao-de-frequencia-bomba-de-agua-submersivel-marinha-super-silenciosa-bomba-de-agua-do-mar-dt10000","status":"publish","type":"product","link":"https:\/\/www.myaquastore.com\/pt-br\/produto\/novo-produto-jebao-conversao-de-frequencia-bomba-de-agua-submersivel-marinha-super-silenciosa-bomba-de-agua-do-mar-dt10000\/","title":{"rendered":"Novo produto Jebao convers\u00e3o de frequ\u00eancia bomba de \u00e1gua submers\u00edvel marinha super silenciosa bomba de \u00e1gua do mar DT10000"},"content":{"rendered":"<article class=\"article richtext richtext-detail AE:disable\" id=\"richTextContainer\">\n<div style=\"clear:both\">\n<p><span style=\"font-size: 18px\">Novo produto Jebao convers\u00e3o de frequ\u00eancia bomba de \u00e1gua submers\u00edvel marinha super silenciosa bomba de \u00e1gua do mar DT10000 <\/span><\/p>\n<\/p>\n<p><span style=\"font-size: 18px\">Benef\u00edcio:<\/span><\/p>\n<p style=\"border: 0px;font-family: Arial,Helvetica;line-height: 18px;vertical-align: linha de base;font-size: 12px\"><span><span>1.Motor ass\u00edncrono padr\u00e3o de alto desempenho com novo design e economia de energia at\u00e9 50% do que antes<\/span>;<\/span><\/p>\n<p style=\"border: 0px;color: #333333\">\n<p style=\"border: 0px;color: #333333\"><span><span><span>2. <span style=\"vertical-align: baseline\">Altas cabe\u00e7as de bomba e maior vaz\u00e3o<\/span><\/span><\/span><span style=\"margin: 0px\">;<\/span><br \/><\/span><\/p>\n<p style=\"border: 0px;color: #333333\">\n<p style=\"border: 0px;color: #333333\"><span>3. <span style=\"vertical-align: baseline\">Pode bombear part\u00edculas de sujeira de at\u00e9 6mm<\/span>;<\/span><\/p>\n<p style=\"border: 0px;color: #333333\">\n<p style=\"border: 0px;color: #333333\"><span>4. <span>Adote um eixo cer\u00e2mico \u00e0 prova de desgaste que pode<\/p>\n","protected":false},"excerpt":{"rendered":"<p>Novo produto Jebao convers\u00e3o de frequ\u00eancia bomba de \u00e1gua submers\u00edvel marinha super silenciosa bomba de \u00e1gua do mar DT10000<\/p>\n","protected":false},"featured_media":2326,"comment_status":"open","ping_status":"closed","template":"","meta":[],"product_brand":[],"product_cat":[627],"product_tag":[],"class_list":{"0":"post-32617","1":"product","2":"type-product","3":"status-publish","4":"has-post-thumbnail","6":"product_cat-filtros-de-aquario","8":"first","9":"instock","10":"shipping-taxable","11":"purchasable","12":"product-type-simple"},"_links":{"self":[{"href":"https:\/\/www.myaquastore.com\/pt-br\/wp-json\/wp\/v2\/product\/32617","targetHints":{"allow":["GET"]}}],"collection":[{"href":"https:\/\/www.myaquastore.com\/pt-br\/wp-json\/wp\/v2\/product"}],"about":[{"href":"https:\/\/www.myaquastore.com\/pt-br\/wp-json\/wp\/v2\/types\/product"}],"replies":[{"embeddable":true,"href":"https:\/\/www.myaquastore.com\/pt-br\/wp-json\/wp\/v2\/comments?post=32617"}],"wp:featuredmedia":[{"embeddable":true,"href":"https:\/\/www.myaquastore.com\/pt-br\/wp-json\/wp\/v2\/media\/2326"}],"wp:attachment":[{"href":"https:\/\/www.myaquastore.com\/pt-br\/wp-json\/wp\/v2\/media?parent=32617"}],"wp:term":[{"taxonomy":"product_brand","embeddable":true,"href":"https:\/\/www.myaquastore.com\/pt-br\/wp-json\/wp\/v2\/product_brand?post=32617"},{"taxonomy":"product_cat","embeddable":true,"href":"https:\/\/www.myaquastore.com\/pt-br\/wp-json\/wp\/v2\/product_cat?post=32617"},{"taxonomy":"product_tag","embeddable":true,"href":"https:\/\/www.myaquastore.com\/pt-br\/wp-json\/wp\/v2\/product_tag?post=32617"}],"curies":[{"name":"wp","href":"https:\/\/api.w.org\/{rel}","templated":true}]}}