{"id":32639,"date":"2016-09-25T23:27:41","date_gmt":"2016-09-25T23:27:41","guid":{"rendered":"https:\/\/www.myaquastore.com\/product\/6w-melhor-venda-captador-de-alta-qualidade-200-filtro-externo-pratico-para-aquario\/"},"modified":"2025-03-16T08:20:18","modified_gmt":"2025-03-16T08:20:18","slug":"6w-melhor-venda-captador-de-alta-qualidade-200-filtro-externo-pratico-para-aquario","status":"publish","type":"product","link":"https:\/\/www.myaquastore.com\/pt-br\/produto\/6w-melhor-venda-captador-de-alta-qualidade-200-filtro-externo-pratico-para-aquario\/","title":{"rendered":"6w melhor venda captador de alta qualidade 200 filtro externo pr\u00e1tico para aqu\u00e1rio"},"content":{"rendered":"<article class=\"article richtext richtext-detail AE:disable\" id=\"richTextContainer\">\n<div style=\"clear:both\">\n<p><span style=\"font-family: 'times new roman', times;font-size: 18px\"> 6w captador de alta qualidade mais vendido 200 filtro externo pr\u00e1tico para aqu\u00e1rio <\/span><\/p>\n<p style=\"padding-top: 15px;padding-bottom: 15px\">O filtro \u00e9 simples de fixar no tanque com ventosas. A particularidade do conceito do captador \u00e9 que o recipiente do filtro junto com seu cartucho pode ser removido por cima, enquanto a unidade da bomba permanece no tanque. Esta \u00e9 uma solu\u00e7\u00e3o muito pr\u00e1tica para limpar ou trocar o cartucho do filtro. <\/p>\n<p style=\"padding-top: 15px;padding-bottom: 15px;font-size: 14px;line-height: 20px;font-family: Arial, Helvetica, sans-serif\">A bomba suga a \u00e1gua de baixo e a transporta atrav\u00e9s do cartucho do filtro at\u00e9 o topo. Aqui a \u00e1gua filtrada \u00e9 direcionada de volta para o tanque atrav\u00e9s do bocal de sa\u00edda girat\u00f3rio. <\/p>\n<p style=\"padding-top: 15px;padding-bottom: 15px;font-size: 14px;line-height: 20px;font-family: Arial, Helvetica, sans-serif\"><span style=\"background-color: #cee1e1;padding: 0px\">Benef\u00edcios da capta\u00e7\u00e3o 200<\/span><\/p>\n<div style=\"margin: 0px;padding: 0px;font-family: Arial, Helvetica, sans-serif;line-height: 16px\">\n<p style=\"margin-top: 0px;margin-right: 0px;margin-bottom: 0px;padding-top: 0px;padding-right: 0px;padding-bottom: 10px\">Filtro interno menor para aqu\u00e1rios de at\u00e9 200 L.<\/p>\n<p style=\"margin-top: 0px;margin-right: 0px;padding-top: 0px;padding-right: 0px;padding-bottom: 10px\">Entrada de \u00e1gua na parte inferior do filtro<\/p>\n<p style=\"margin-top: 0px;margin-bottom: 0px;padding-top: 0px;padding-right: 0px;padding-bottom: 10px\">bocal de sa\u00edda girat\u00f3rio para ajustar a dire\u00e7\u00e3o do fluxo<\/p>\n<p>&lt;p style=&quot;margin-top: 0px; margin-bottom: 0px; padding-top: 0px; irm\u00e3 com cartucho de filtro f\u00e1cil de remover da unidade da bomba por cima <\/p>\n<p style=\"margin-top: 0px;padding-bottom: 10px\">Completo com cartucho de filtro, pronto para uso <\/p>\n<p style=\"margin-top: 0px;padding-bottom: 10px\">Cartuchos de carv\u00e3o ativado tamb\u00e9m podem ser usados \u200b\u200b(por exemplo, durante a inicializa\u00e7\u00e3o do aqu\u00e1rio ou ap\u00f3s tratamento medicamentoso)<\/p>\n<p style=\"margin-top: 0px;padding-bottom: 10px\">Artigo No.2012020<\/p>\n<p style=\"margin-top: 0px;padding-bottom: 10px\">Para aqu\u00e1rios de at\u00e9 aproximadamente 200 L<\/p>\n<p style=\"margin-top: 0px;padding-bottom: 10px\">Pot\u00eancia da bomba (50 Hz) por hora de aprox.220,00 L<\/p>\n<p style=\"margin-top: 0px;padding-bottom: 10px\">Pot\u00eancia da bomba (50 Hz) por hora para cerca de 570 L<\/p>\n<p style=\"margin-top: 0px;padding-bottom: 10px\">Cabe\u00e7a de bombeamento aprox. (H m\u00e1x. a 50 Hz)0,4 m<\/p>\n<p style=\"margin-top: 0px;padding-bottom: 10px\">Pot\u00eancia(50 Hz) a 6 watts<\/p>\n<p style=\"margin-top: 0px;padding-bottom: 10px\">Volume do filtro0,33 L<\/p>\n<p style=\"margin-top: 0px;padding-bottom: 10px\">Largura75,00 mm<\/p>\n<p style=\"margin-top: 0px\">Altura218,00 mm&lt;<\/p>\n","protected":false},"excerpt":{"rendered":"<p>6w melhor venda captador de alta qualidade 200 filtro externo pr\u00e1tico para aqu\u00e1rio<\/p>\n","protected":false},"featured_media":2359,"comment_status":"open","ping_status":"closed","template":"","meta":[],"product_brand":[],"product_cat":[627],"product_tag":[],"class_list":{"0":"post-32639","1":"product","2":"type-product","3":"status-publish","4":"has-post-thumbnail","6":"product_cat-filtros-de-aquario","8":"first","9":"instock","10":"shipping-taxable","11":"purchasable","12":"product-type-simple"},"_links":{"self":[{"href":"https:\/\/www.myaquastore.com\/pt-br\/wp-json\/wp\/v2\/product\/32639","targetHints":{"allow":["GET"]}}],"collection":[{"href":"https:\/\/www.myaquastore.com\/pt-br\/wp-json\/wp\/v2\/product"}],"about":[{"href":"https:\/\/www.myaquastore.com\/pt-br\/wp-json\/wp\/v2\/types\/product"}],"replies":[{"embeddable":true,"href":"https:\/\/www.myaquastore.com\/pt-br\/wp-json\/wp\/v2\/comments?post=32639"}],"wp:featuredmedia":[{"embeddable":true,"href":"https:\/\/www.myaquastore.com\/pt-br\/wp-json\/wp\/v2\/media\/2359"}],"wp:attachment":[{"href":"https:\/\/www.myaquastore.com\/pt-br\/wp-json\/wp\/v2\/media?parent=32639"}],"wp:term":[{"taxonomy":"product_brand","embeddable":true,"href":"https:\/\/www.myaquastore.com\/pt-br\/wp-json\/wp\/v2\/product_brand?post=32639"},{"taxonomy":"product_cat","embeddable":true,"href":"https:\/\/www.myaquastore.com\/pt-br\/wp-json\/wp\/v2\/product_cat?post=32639"},{"taxonomy":"product_tag","embeddable":true,"href":"https:\/\/www.myaquastore.com\/pt-br\/wp-json\/wp\/v2\/product_tag?post=32639"}],"curies":[{"name":"wp","href":"https:\/\/api.w.org\/{rel}","templated":true}]}}