{"id":32651,"date":"2016-09-25T23:27:43","date_gmt":"2016-09-25T23:27:43","guid":{"rendered":"https:\/\/www.myaquastore.com\/product\/aquecedor-de-aquario-em-aco-inoxidavel-rs-200w-300w-rs158\/"},"modified":"2025-03-16T08:20:21","modified_gmt":"2025-03-16T08:20:21","slug":"aquecedor-de-aquario-em-aco-inoxidavel-rs-200w-300w-rs158","status":"publish","type":"product","link":"https:\/\/www.myaquastore.com\/pt-br\/produto\/aquecedor-de-aquario-em-aco-inoxidavel-rs-200w-300w-rs158\/","title":{"rendered":"Aquecedor de aqu\u00e1rio em a\u00e7o inoxid\u00e1vel RS 200W\/300W RS158"},"content":{"rendered":"<article class=\"article richtext richtext-detail AE:disable\" id=\"richTextContainer\">\n<div style=\"clear:both\">\n<p><strong><span style=\"line-height: 27.25694465637207px\"><strong>200W\/300W RS aquecedor de aqu\u00e1rio em a\u00e7o inoxid\u00e1vel RS158 <br \/><\/strong><br \/><\/span><\/strong><\/p>\n<p><span style=\"font-size: 18px\">Benef\u00edcio <\/span><\/p>\n<p><span style=\"font-size: 18px\">1. controlador digital de temperatura<br \/>2. Garantindo uma opera\u00e7\u00e3o segura<br \/>3.Prote\u00e7\u00e3o m\u00e1xima de temperatura <\/span><\/p>\n<p><span style=\"font-size: 18px\">4.Controlador de temperatura digital Microchip<\/span><\/p>\n<p><span style=\"font-size: 18px\">5.Desligamento autom\u00e1tico operado sem \u00e1gua<\/span><\/p>\n<p><span style=\"font-size: 18px\">6.Anti explos\u00e3o <\/span><\/p>\n<div style=\"clear:both\"><\/article>\n","protected":false},"excerpt":{"rendered":"<p>Aquecedor de aqu\u00e1rio em a\u00e7o inoxid\u00e1vel RS 200W\/300W RS158<\/p>\n","protected":false},"featured_media":2385,"comment_status":"open","ping_status":"closed","template":"","meta":[],"product_brand":[],"product_cat":[627],"product_tag":[],"class_list":{"0":"post-32651","1":"product","2":"type-product","3":"status-publish","4":"has-post-thumbnail","6":"product_cat-filtros-de-aquario","8":"first","9":"instock","10":"shipping-taxable","11":"purchasable","12":"product-type-simple"},"_links":{"self":[{"href":"https:\/\/www.myaquastore.com\/pt-br\/wp-json\/wp\/v2\/product\/32651","targetHints":{"allow":["GET"]}}],"collection":[{"href":"https:\/\/www.myaquastore.com\/pt-br\/wp-json\/wp\/v2\/product"}],"about":[{"href":"https:\/\/www.myaquastore.com\/pt-br\/wp-json\/wp\/v2\/types\/product"}],"replies":[{"embeddable":true,"href":"https:\/\/www.myaquastore.com\/pt-br\/wp-json\/wp\/v2\/comments?post=32651"}],"wp:featuredmedia":[{"embeddable":true,"href":"https:\/\/www.myaquastore.com\/pt-br\/wp-json\/wp\/v2\/media\/2385"}],"wp:attachment":[{"href":"https:\/\/www.myaquastore.com\/pt-br\/wp-json\/wp\/v2\/media?parent=32651"}],"wp:term":[{"taxonomy":"product_brand","embeddable":true,"href":"https:\/\/www.myaquastore.com\/pt-br\/wp-json\/wp\/v2\/product_brand?post=32651"},{"taxonomy":"product_cat","embeddable":true,"href":"https:\/\/www.myaquastore.com\/pt-br\/wp-json\/wp\/v2\/product_cat?post=32651"},{"taxonomy":"product_tag","embeddable":true,"href":"https:\/\/www.myaquastore.com\/pt-br\/wp-json\/wp\/v2\/product_tag?post=32651"}],"curies":[{"name":"wp","href":"https:\/\/api.w.org\/{rel}","templated":true}]}}