{"id":32653,"date":"2016-09-25T23:27:43","date_gmt":"2016-09-25T23:27:43","guid":{"rendered":"https:\/\/www.myaquastore.com\/product\/aquecedor-de-aquario-de-vidro-atman-300w-bt300\/"},"modified":"2025-03-16T08:20:21","modified_gmt":"2025-03-16T08:20:21","slug":"aquecedor-de-aquario-de-vidro-atman-300w-bt300","status":"publish","type":"product","link":"https:\/\/www.myaquastore.com\/pt-br\/produto\/aquecedor-de-aquario-de-vidro-atman-300w-bt300\/","title":{"rendered":"Aquecedor de aqu\u00e1rio de vidro Atman 300W BT300"},"content":{"rendered":"<article class=\"article richtext richtext-detail AE:disable\" id=\"richTextContainer\">\n<div style=\"clear:both\">\n<p><strong><span style=\"line-height: 27.25694465637207px\">Aquecedor de aqu\u00e1rio de vidro Atman 300W BT300 <br \/><\/span><\/strong><\/p>\n<\/p>\n<p><span style=\"font-size: 18px\">Benef\u00edcio <\/span><\/p>\n<p><span style=\"font-size: 18px\">1. controlador digital de temperatura<br \/>2. Garantindo uma opera\u00e7\u00e3o segura<br \/>3.Prote\u00e7\u00e3o m\u00e1xima de temperatura <\/span><\/p>\n<p><span style=\"font-size: 18px\">4.Controlador de temperatura digital Microchip<\/span><\/p>\n<p><span style=\"font-size: 18px\">5.Desligamento autom\u00e1tico operado sem \u00e1gua<\/span><\/p>\n<p><span style=\"font-size: 18px\">6.Anti explos\u00e3o <\/span><\/p>\n<div style=\"clear:both\"><\/article>\n","protected":false},"excerpt":{"rendered":"<p>Aquecedor de aqu\u00e1rio de vidro Atman 300W BT300<\/p>\n","protected":false},"featured_media":2389,"comment_status":"open","ping_status":"closed","template":"","meta":[],"product_brand":[],"product_cat":[627],"product_tag":[],"class_list":{"0":"post-32653","1":"product","2":"type-product","3":"status-publish","4":"has-post-thumbnail","6":"product_cat-filtros-de-aquario","8":"first","9":"instock","10":"shipping-taxable","11":"purchasable","12":"product-type-simple"},"_links":{"self":[{"href":"https:\/\/www.myaquastore.com\/pt-br\/wp-json\/wp\/v2\/product\/32653","targetHints":{"allow":["GET"]}}],"collection":[{"href":"https:\/\/www.myaquastore.com\/pt-br\/wp-json\/wp\/v2\/product"}],"about":[{"href":"https:\/\/www.myaquastore.com\/pt-br\/wp-json\/wp\/v2\/types\/product"}],"replies":[{"embeddable":true,"href":"https:\/\/www.myaquastore.com\/pt-br\/wp-json\/wp\/v2\/comments?post=32653"}],"wp:featuredmedia":[{"embeddable":true,"href":"https:\/\/www.myaquastore.com\/pt-br\/wp-json\/wp\/v2\/media\/2389"}],"wp:attachment":[{"href":"https:\/\/www.myaquastore.com\/pt-br\/wp-json\/wp\/v2\/media?parent=32653"}],"wp:term":[{"taxonomy":"product_brand","embeddable":true,"href":"https:\/\/www.myaquastore.com\/pt-br\/wp-json\/wp\/v2\/product_brand?post=32653"},{"taxonomy":"product_cat","embeddable":true,"href":"https:\/\/www.myaquastore.com\/pt-br\/wp-json\/wp\/v2\/product_cat?post=32653"},{"taxonomy":"product_tag","embeddable":true,"href":"https:\/\/www.myaquastore.com\/pt-br\/wp-json\/wp\/v2\/product_tag?post=32653"}],"curies":[{"name":"wp","href":"https:\/\/api.w.org\/{rel}","templated":true}]}}