{"id":32673,"date":"2016-09-25T23:27:44","date_gmt":"2016-09-25T23:27:44","guid":{"rendered":"https:\/\/www.myaquastore.com\/product\/jebao-125-w-8000l-h-eco-grande-fluxo-bomba-de-agua-da-lagoa-bomba-de-agua-doce-jsp8000\/"},"modified":"2025-03-16T08:20:25","modified_gmt":"2025-03-16T08:20:25","slug":"jebao-125-w-8000l-h-eco-grande-fluxo-bomba-de-agua-da-lagoa-bomba-de-agua-doce-jsp8000","status":"publish","type":"product","link":"https:\/\/www.myaquastore.com\/pt-br\/produto\/jebao-125-w-8000l-h-eco-grande-fluxo-bomba-de-agua-da-lagoa-bomba-de-agua-doce-jsp8000\/","title":{"rendered":"Jebao 125 W 8000L\/H ECO grande fluxo bomba de \u00e1gua da lagoa bomba de \u00e1gua doce JSP8000"},"content":{"rendered":"<article class=\"article richtext richtext-detail AE:disable\" id=\"richTextContainer\">\n<div style=\"clear:both\">\n<p><strong><span style=\"line-height: 27.25694465637207px\">Jebao 125W 8000L\/H ECO bomba de \u00e1gua de lagoa de grande fluxo bomba de \u00e1gua doce JSP8000 <\/span><\/strong><\/p>\n<\/p>\n<p><span style=\"font-size: 18px\">Benef\u00edcio:<\/span><\/p>\n<p style=\"border: 0px;font-family: Arial,Helvetica\"><span>1.<span style=\"color: #333333\">Motor ass\u00edncrono padr\u00e3o de alto desempenho com novo design e economia de energia at\u00e9 50% do que antes<\/span>;<\/span><\/p>\n<p style=\"border: 0px;font-family: Arial,Helvetica;color: #333333\"><span><span style=\"font-family: Arial\"><span style=\"line-height: 24px\">2. <span style=\"color: #333333;line-height: 35.45454406738281px\">Altas cabe\u00e7as de bomba e maior fluxo<\/span><\/span><\/span><span style=\"color: #333333\">;<\/span><br \/><\/span><\/p>\n<p style=\"border: 0px;color: #333333\"><span>3. <span style=\"color: #333333;line-height: 35.45454406738281px\">Pode bombear part\u00edculas de sujeira de at\u00e9 6mm<\/span>;<\/span><\/p>\n<p style=\"border: 0px;color: #333333\"><span>4. <span style=\"color: #333333;line-height: 35.45454406738281px\">Adote um eixo de cer\u00e2mica \u00e0 prova de desgaste que pode ser usado por mais tempo<\/span>;<\/span><\/p>\n<p style=\"border: 0px;color: #333333\"><span>5. M<span style=\"color: #333333;line-height: 35.45454406738281px\">fluxo ax \u00e9 8000L\/H <\/span>;<\/span><\/p>\n<p style=\"border: 0px;color: #333333\"><span>6. <span style=\"color: #333333;line-height: 35.45454406738281px\">O jato m\u00e1ximo \u00e9 de 4m<\/span>.<\/span><\/p>\n<div style=\"clear:both\"><\/article>\n","protected":false},"excerpt":{"rendered":"<p>Jebao 125 W 8000L\/H ECO grande fluxo bomba de \u00e1gua da lagoa bomba de \u00e1gua doce JSP8000<\/p>\n","protected":false},"featured_media":2425,"comment_status":"open","ping_status":"closed","template":"","meta":[],"product_brand":[],"product_cat":[627],"product_tag":[],"class_list":{"0":"post-32673","1":"product","2":"type-product","3":"status-publish","4":"has-post-thumbnail","6":"product_cat-filtros-de-aquario","8":"first","9":"instock","10":"shipping-taxable","11":"purchasable","12":"product-type-simple"},"_links":{"self":[{"href":"https:\/\/www.myaquastore.com\/pt-br\/wp-json\/wp\/v2\/product\/32673","targetHints":{"allow":["GET"]}}],"collection":[{"href":"https:\/\/www.myaquastore.com\/pt-br\/wp-json\/wp\/v2\/product"}],"about":[{"href":"https:\/\/www.myaquastore.com\/pt-br\/wp-json\/wp\/v2\/types\/product"}],"replies":[{"embeddable":true,"href":"https:\/\/www.myaquastore.com\/pt-br\/wp-json\/wp\/v2\/comments?post=32673"}],"wp:featuredmedia":[{"embeddable":true,"href":"https:\/\/www.myaquastore.com\/pt-br\/wp-json\/wp\/v2\/media\/2425"}],"wp:attachment":[{"href":"https:\/\/www.myaquastore.com\/pt-br\/wp-json\/wp\/v2\/media?parent=32673"}],"wp:term":[{"taxonomy":"product_brand","embeddable":true,"href":"https:\/\/www.myaquastore.com\/pt-br\/wp-json\/wp\/v2\/product_brand?post=32673"},{"taxonomy":"product_cat","embeddable":true,"href":"https:\/\/www.myaquastore.com\/pt-br\/wp-json\/wp\/v2\/product_cat?post=32673"},{"taxonomy":"product_tag","embeddable":true,"href":"https:\/\/www.myaquastore.com\/pt-br\/wp-json\/wp\/v2\/product_tag?post=32673"}],"curies":[{"name":"wp","href":"https:\/\/api.w.org\/{rel}","templated":true}]}}