{"id":32697,"date":"2016-09-25T23:27:44","date_gmt":"2016-09-25T23:27:44","guid":{"rendered":"https:\/\/www.myaquastore.com\/product\/aquario-rs-usa-bomba-de-ar-battary-rs960\/"},"modified":"2025-03-16T08:20:30","modified_gmt":"2025-03-16T08:20:30","slug":"aquario-rs-usa-bomba-de-ar-battary-rs960","status":"publish","type":"product","link":"https:\/\/www.myaquastore.com\/pt-br\/produto\/aquario-rs-usa-bomba-de-ar-battary-rs960\/","title":{"rendered":"Aqu\u00e1rio RS usa bomba de ar battary RS960"},"content":{"rendered":"<article class=\"article richtext richtext-detail AE:disable\" id=\"richTextContainer\">\n<div style=\"clear:both\">\n<p><span style=\"font-size: 18.18181800842285px;line-height: 27.27272605895996px\">Aqu\u00e1rio RS usa bomba de ar battary RS960 <br \/><\/span><\/p>\n<\/p>\n<p><span style=\"font-size: 18px\">Benef\u00edcio:<\/span><\/p>\n<p style=\"border: 0px;font-family: Arial,Helvetica;line-height: 15px;vertical-align: baseline;color: #333333\"><span style=\"margin: 0px;padding: 0px;border: 0px;font-family: Arial;font-size: 18px;font-style: font-weight: line-height: 24px;line-height: 15px\"><span style=\"margin: 0px;padding: 0px;border: 0px;font-family: base\"><span style=\"font-family: Arial\"><span style=\"line-height: 24px\">2.<\/span><\/span><span style=\"color: #333333;line-height: 15px\">Consumo de energia super baixo, economia de energia de 30%;<\/span><br \/><\/span><\/p>\n<p style=\"border: 0px;color: #333333\"><span>3.<span style=\"color: #333333;line-height: 15px\">Excelente qualidade com o melhor pre\u00e7o<\/span>;<\/span><\/p>\n<p style=\"border: 0px;color: #333333\"><span>4. <span style=\"color: #333333;line-height: 16.363636016845703px\">possuem sistema avan\u00e7ado de compress\u00e3o de ar, sistema de amortecimento e silenciador multin\u00edvel com ru\u00eddo extremamente baixo<\/span>;<\/span><\/p>\n<p style=\"border: 0px;color: #333333\"><span>5. <span style=\"color: #333333;line-height: 16.363636016845703px\">Adote borracha artificial especial para manter a sa\u00edda e a press\u00e3o do ar constantes<\/span>;<\/span><\/p>\n<p style=\"border: 0px;color: #333333\"><span>6.O micro regulador est\u00e1 dispon\u00edvel no modo de opera\u00e7\u00e3o AC.A sa\u00edda de ar pode ser ajustada livremente.<\/span><\/p>\n<p style=\"border: 0px;color: #333333\"><span>7.Design de abafamento duplo, baixo ru\u00eddo, grande sa\u00edda de ar e alta press\u00e3o.<\/span><\/p>\n<p style=\"border: 0px;color: #333333\"><span>8. <span style=\"color: #333333;line-height: 16.363636016845703px\">A estrutura \u00e9 razo\u00e1vel e compacta, tem longa vida \u00fatil e adquire melhor efeito com menor consumo de energia.<\/span><br \/><\/span><\/p>\n<div style=\"clear:both\"><\/article>\n","protected":false},"excerpt":{"rendered":"<p>Aqu\u00e1rio RS usa bomba de ar battary RS960<\/p>\n","protected":false},"featured_media":2472,"comment_status":"open","ping_status":"closed","template":"","meta":[],"product_brand":[],"product_cat":[627],"product_tag":[],"class_list":{"0":"post-32697","1":"product","2":"type-product","3":"status-publish","4":"has-post-thumbnail","6":"product_cat-filtros-de-aquario","8":"first","9":"instock","10":"shipping-taxable","11":"purchasable","12":"product-type-simple"},"_links":{"self":[{"href":"https:\/\/www.myaquastore.com\/pt-br\/wp-json\/wp\/v2\/product\/32697","targetHints":{"allow":["GET"]}}],"collection":[{"href":"https:\/\/www.myaquastore.com\/pt-br\/wp-json\/wp\/v2\/product"}],"about":[{"href":"https:\/\/www.myaquastore.com\/pt-br\/wp-json\/wp\/v2\/types\/product"}],"replies":[{"embeddable":true,"href":"https:\/\/www.myaquastore.com\/pt-br\/wp-json\/wp\/v2\/comments?post=32697"}],"wp:featuredmedia":[{"embeddable":true,"href":"https:\/\/www.myaquastore.com\/pt-br\/wp-json\/wp\/v2\/media\/2472"}],"wp:attachment":[{"href":"https:\/\/www.myaquastore.com\/pt-br\/wp-json\/wp\/v2\/media?parent=32697"}],"wp:term":[{"taxonomy":"product_brand","embeddable":true,"href":"https:\/\/www.myaquastore.com\/pt-br\/wp-json\/wp\/v2\/product_brand?post=32697"},{"taxonomy":"product_cat","embeddable":true,"href":"https:\/\/www.myaquastore.com\/pt-br\/wp-json\/wp\/v2\/product_cat?post=32697"},{"taxonomy":"product_tag","embeddable":true,"href":"https:\/\/www.myaquastore.com\/pt-br\/wp-json\/wp\/v2\/product_tag?post=32697"}],"curies":[{"name":"wp","href":"https:\/\/api.w.org\/{rel}","templated":true}]}}