{"id":32701,"date":"2016-09-25T23:27:44","date_gmt":"2016-09-25T23:27:44","guid":{"rendered":"https:\/\/www.myaquastore.com\/product\/bomba-de-ar-para-aquario-7w-super-bastante-hopar-ac-dc-ad8000\/"},"modified":"2025-03-16T08:20:31","modified_gmt":"2025-03-16T08:20:31","slug":"bomba-de-ar-para-aquario-7w-super-bastante-hopar-ac-dc-ad8000","status":"publish","type":"product","link":"https:\/\/www.myaquastore.com\/pt-br\/produto\/bomba-de-ar-para-aquario-7w-super-bastante-hopar-ac-dc-ad8000\/","title":{"rendered":"Bomba de ar para aqu\u00e1rio 7W super bastante Hopar AC\/DC AD8000"},"content":{"rendered":"<article class=\"article richtext richtext-detail AE:disable\" id=\"richTextContainer\">\n<div style=\"clear:both\">\n<p><span style=\"font-size: 18.18181800842285px;line-height: 27.27272605895996px\">7W super bastante bomba de ar para aqu\u00e1rio Hopar AC\/DC AD8000 <\/span><\/p>\n<\/p>\n<p><span style=\"font-size: 18px\">Benef\u00edcio:<\/span><\/p>\n<p style=\"border: 0px;font-family: Arial,Helvetica;line-height: 15px;vertical-align: baseline;color: #333333\"><span style=\"margin: 0px;padding: 0px;border: 0px;#333333\"><span style=\"margin: 0px;padding: 0px;border: 0px;font-family: base\"><span style=\"font-family: Arial\"><span style=\"line-height: 24px\">2.<\/span><\/span><span style=\"color: #333333;line-height: 15px\">Consumo de energia super baixo, economia de energia de 30%;<\/span><br \/><\/span><\/p>\n<p style=\"border: 0px;color: #333333\"><span>3.<span style=\"color: #333333;line-height: 15px\">Excelente qualidade com o melhor pre\u00e7o<\/span>;<\/span><\/p>\n<p style=\"border: 0px;color: #333333\"><span>4. <span style=\"color: #333333;line-height: 16.363636016845703px\">possuem sistema avan\u00e7ado de compress\u00e3o de ar, sistema de amortecimento e silenciador multin\u00edvel com ru\u00eddo extremamente baixo<\/span>;<\/span><\/p>\n<p style=\"border: 0px;color: #333333\"><span>5. <span style=\"color: #333333;line-height: 16.363636016845703px\">Adote borracha artificial especial para manter a sa\u00edda e a press\u00e3o do ar constantes<\/span>;<\/span><\/p>\n<p style=\"border: 0px;color: #333333\"><span>6.O micro regulador est\u00e1 dispon\u00edvel no modo de opera\u00e7\u00e3o AC.A sa\u00edda de ar pode ser ajustada livremente.<\/span><\/p>\n<p style=\"border: 0px;color: #333333\"><span>7.Design de abafamento duplo, baixo ru\u00eddo, grande sa\u00edda de ar e alta press\u00e3o.<\/span><\/p>\n<p style=\"border: 0px;color: #333333\"><span>8.A bateria pode ser carregada quando ligada na fonte de alimenta\u00e7\u00e3o CA.O circuito de prote\u00e7\u00e3o cuidadosamente projetado pode fazer com que a bateria carregue e descarregue com seguran\u00e7a.<\/span><\/p>\n<p style=\"border: 0px\">&lt;span chiqueiro<\/p>\n","protected":false},"excerpt":{"rendered":"<p>Bomba de ar para aqu\u00e1rio 7W super bastante Hopar AC\/DC AD8000<\/p>\n","protected":false},"featured_media":2480,"comment_status":"open","ping_status":"closed","template":"","meta":[],"product_brand":[],"product_cat":[627],"product_tag":[],"class_list":{"0":"post-32701","1":"product","2":"type-product","3":"status-publish","4":"has-post-thumbnail","6":"product_cat-filtros-de-aquario","8":"first","9":"instock","10":"shipping-taxable","11":"purchasable","12":"product-type-simple"},"_links":{"self":[{"href":"https:\/\/www.myaquastore.com\/pt-br\/wp-json\/wp\/v2\/product\/32701","targetHints":{"allow":["GET"]}}],"collection":[{"href":"https:\/\/www.myaquastore.com\/pt-br\/wp-json\/wp\/v2\/product"}],"about":[{"href":"https:\/\/www.myaquastore.com\/pt-br\/wp-json\/wp\/v2\/types\/product"}],"replies":[{"embeddable":true,"href":"https:\/\/www.myaquastore.com\/pt-br\/wp-json\/wp\/v2\/comments?post=32701"}],"wp:featuredmedia":[{"embeddable":true,"href":"https:\/\/www.myaquastore.com\/pt-br\/wp-json\/wp\/v2\/media\/2480"}],"wp:attachment":[{"href":"https:\/\/www.myaquastore.com\/pt-br\/wp-json\/wp\/v2\/media?parent=32701"}],"wp:term":[{"taxonomy":"product_brand","embeddable":true,"href":"https:\/\/www.myaquastore.com\/pt-br\/wp-json\/wp\/v2\/product_brand?post=32701"},{"taxonomy":"product_cat","embeddable":true,"href":"https:\/\/www.myaquastore.com\/pt-br\/wp-json\/wp\/v2\/product_cat?post=32701"},{"taxonomy":"product_tag","embeddable":true,"href":"https:\/\/www.myaquastore.com\/pt-br\/wp-json\/wp\/v2\/product_tag?post=32701"}],"curies":[{"name":"wp","href":"https:\/\/api.w.org\/{rel}","templated":true}]}}