{"id":32714,"date":"2016-09-25T23:27:45","date_gmt":"2016-09-25T23:27:45","guid":{"rendered":"https:\/\/www.myaquastore.com\/product\/novo-alimentador-automatico-de-alimentos-para-peixes-hopar-h9000\/"},"modified":"2025-03-16T08:20:33","modified_gmt":"2025-03-16T08:20:33","slug":"novo-alimentador-automatico-de-alimentos-para-peixes-hopar-h9000","status":"publish","type":"product","link":"https:\/\/www.myaquastore.com\/pt-br\/produto\/novo-alimentador-automatico-de-alimentos-para-peixes-hopar-h9000\/","title":{"rendered":"Novo alimentador autom\u00e1tico de alimentos para peixes HOPAR H9000"},"content":{"rendered":"<article class=\"article richtext richtext-detail AE:disable\" id=\"richTextContainer\">\n<div style=\"clear:both\">\n<p><span style=\"font-size: 18px\">Novo alimentador autom\u00e1tico de alimentos para peixes HOPAR H9000 <br \/><\/span><\/p>\n<\/p>\n<p><span style=\"font-size: 18px\">Benef\u00edcio:<\/span><\/p>\n<p>&lt;span style=&quot;margem: 0px; preenchimento: 0px; borda: 0px; fam\u00edlia de fontes: &#039;times new roman&#039;, times; tamanho da fonte: 24px; estilo da fonte: herdar; peso da fonte: altura da linha: 35,45454406738281px; Alimentos secos e soltos em flocos e pellets podem ser usados<\/span><\/p>\n<p style=\"border: 0px;font-family: Arial,Helvetica;font-size: 11.818181991577148px;line-height: 16.363636016845703px;vertical-align: linha de base;color: #333333\"><span>2. Ideal para v\u00e1rios tamanhos de aqu\u00e1rios. style=&#8221;margem: 0px; preenchimento: 0px; borda: 0px; fam\u00edlia de fontes: &#8216;times new roman&#8217;, times; tamanho da fonte: 24px; estilo da fonte: herdar; peso da fonte: herdar; altura da linha: 35,45454406738281px; alinhamento vertical: linha de base;&#8221;&gt;3. Temporizador digital para configurar programas regulares de alimenta\u00e7\u00e3o<\/span><\/p>\n<p style=\"border: 0px;font-family: Arial,Helvetica;font-size: 11.818181991577148px;line-height: 16.363636016845703px;vertical-align: linha de base\"><span>4. Sistema exclusivo para evitar que os alimentos sejam hidratados ou entupidos no dispensador<\/span><\/p>\n<p style=\"border: 0px;font-family: Arial,Helvetica;font-size: 11.818181991577148px;line-height: 16.363636016845703px;vertical-align: linha de base;color: #333333\"><span>5. Pode ser operado autom\u00e1tica ou manualmente, facilitando a manuten\u00e7\u00e3o dos peixes<\/span><\/p>\n<p style=\"border: 0px;font-family: Arial,Helvetica;line-height: 15px;vertical-align: baseline;color: #333333\"><span style=\"margin: 0px;padding: 0px;border: 0px;font-family: Arial;font-size: 18px;font-style: herdar\"><img decoding=\"async\" data-alt=\"Novo alimentador autom\u00e1tico de comida para peixes HOPAR H9000\" data-src=\"http:\/\/localhost\/media\/import\/detail\/HTB1eI0CHFXXXXa_XpXXq6xXFXXXx.jpg\" src=\"\"><img decoding=\"async\" alt=\"Novo alimentador autom\u00e1tico de comida para peixes HOPAR H9000\" src=\"http:\/\/localhost\/media\/import\/detail\/HTB1eI0CHFXXXXa_XpXXq6xXFXXXx.jpg\"><\/span><\/p>\n<div style=\"clear:both\"><\/div>\n<\/div>\n<\/article>\n","protected":false},"excerpt":{"rendered":"<p>Novo alimentador autom\u00e1tico de alimentos para peixes HOPAR H9000<\/p>\n","protected":false},"featured_media":2503,"comment_status":"open","ping_status":"closed","template":"","meta":[],"product_brand":[],"product_cat":[627],"product_tag":[],"class_list":{"0":"post-32714","1":"product","2":"type-product","3":"status-publish","4":"has-post-thumbnail","6":"product_cat-filtros-de-aquario","8":"first","9":"instock","10":"shipping-taxable","11":"purchasable","12":"product-type-simple"},"_links":{"self":[{"href":"https:\/\/www.myaquastore.com\/pt-br\/wp-json\/wp\/v2\/product\/32714","targetHints":{"allow":["GET"]}}],"collection":[{"href":"https:\/\/www.myaquastore.com\/pt-br\/wp-json\/wp\/v2\/product"}],"about":[{"href":"https:\/\/www.myaquastore.com\/pt-br\/wp-json\/wp\/v2\/types\/product"}],"replies":[{"embeddable":true,"href":"https:\/\/www.myaquastore.com\/pt-br\/wp-json\/wp\/v2\/comments?post=32714"}],"wp:featuredmedia":[{"embeddable":true,"href":"https:\/\/www.myaquastore.com\/pt-br\/wp-json\/wp\/v2\/media\/2503"}],"wp:attachment":[{"href":"https:\/\/www.myaquastore.com\/pt-br\/wp-json\/wp\/v2\/media?parent=32714"}],"wp:term":[{"taxonomy":"product_brand","embeddable":true,"href":"https:\/\/www.myaquastore.com\/pt-br\/wp-json\/wp\/v2\/product_brand?post=32714"},{"taxonomy":"product_cat","embeddable":true,"href":"https:\/\/www.myaquastore.com\/pt-br\/wp-json\/wp\/v2\/product_cat?post=32714"},{"taxonomy":"product_tag","embeddable":true,"href":"https:\/\/www.myaquastore.com\/pt-br\/wp-json\/wp\/v2\/product_tag?post=32714"}],"curies":[{"name":"wp","href":"https:\/\/api.w.org\/{rel}","templated":true}]}}