{"id":32737,"date":"2016-09-25T23:27:45","date_gmt":"2016-09-25T23:27:45","guid":{"rendered":"https:\/\/www.myaquastore.com\/product\/filtro-biologico-para-lago-atman-ef6000uv\/"},"modified":"2025-03-16T08:20:38","modified_gmt":"2025-03-16T08:20:38","slug":"filtro-biologico-para-lago-atman-ef6000uv","status":"publish","type":"product","link":"https:\/\/www.myaquastore.com\/pt-br\/produto\/filtro-biologico-para-lago-atman-ef6000uv\/","title":{"rendered":"Filtro biol\u00f3gico para lago Atman EF6000UV"},"content":{"rendered":"<article class=\"article richtext richtext-detail AE:disable\" id=\"richTextContainer\">\n<div style=\"clear:both\">\n<p><span style=\"font-size: 18px\">Filtro biol\u00f3gico de lago Atman EF6000UV <br \/><\/span><\/p>\n<\/p>\n<p><span style=\"font-size: 18px\">Especifica\u00e7\u00e3o:<\/span><\/p>\n<p> <span style=\"line-height: 28.171875px;font-size: 14pt;font-style: herdar;font-weight: herdar;font-family: 'Times New Roman'\">1.<span style=\"color: #333333;font-family: Arial, Helvetica;font-size: 18px;line-height: 16.363636016845703px\">Adequado para filtragem de tanques de peixes de \u00e1gua doce e marinha <\/span><\/span><\/p>\n<p><span style=\"line-height: 28.171875px;font-size: 14pt;font-style: font-weight: inherit;font-family: 'Times New Roman'\">2. E<\/span><span style=\"font-style: inherit;font-weight: inherit;color: #333333;font-family: Arial, Helvetica;font-size: 18px;line-height: 16.363636016845703px\">opera\u00e7\u00e3o f\u00e1cil, bastante<\/span><\/p>\n<p>&lt;p style=&quot;border: 0px; font-family: Arial, Helvetica; tamanho da fonte: 11,818181991577148px; altura da linha: 16,363636016845703px; alinhamento vertical: linha de base; quebra de palavra: cor de quebra; possui a caracter\u00edstica de alta efici\u00eancia, grande capacidade e multifuncional: com esteriliza\u00e7\u00e3o UV embutida. <\/span><br \/><span style=\"font-size: 18px\">4. Fun\u00e7\u00e3o de filtragem multicamadas, controle de interruptor separado do esterilizador uv.<\/span><br \/><span style=\"font-size: 18px\">5. A entrada e sa\u00edda de \u00e1gua s\u00e3o integradas no controle da v\u00e1lvula, f\u00e1ceis de manuten\u00e7\u00e3o. #333333;&#8221;&gt;<span>6.Adequado para filtragem de tanques de peixes de \u00e1gua doce e marinha<\/span><\/span><\/span><\/p>\n<p style=\"border: 0px;color: #333333\"><span style=\"color: #243f7d\"><span style=\"color: #000066\"><span style=\"color: #333333\">7. Integrado em grande fluxo e bomba de alta qualidade, silencioso durante o funcionamento.<br \/>8. Anel de borracha seguro e bra\u00e7adeira de trava de eleva\u00e7\u00e3o da tampa, livre de vazamentos.<br \/>9. P\u00e9s de borracha para reduzir a vibra\u00e7\u00e3o.<\/span><\/span><\/span><\/p>\n<p><span style=\"color: #333333\"><span style=\"line-height: 24px\"><span style=\"color: #333333\"><br \/><\/span><\/span><\/span><\/p>\n<p style=\"border: 0px;color: #333333\"><span><br \/><\/span><\/p>\n<div style=\"clear:both\"><\/article>\n","protected":false},"excerpt":{"rendered":"<p>Filtro biol\u00f3gico para lago Atman EF6000UV<\/p>\n","protected":false},"featured_media":2549,"comment_status":"open","ping_status":"closed","template":"","meta":[],"product_brand":[],"product_cat":[627],"product_tag":[],"class_list":{"0":"post-32737","1":"product","2":"type-product","3":"status-publish","4":"has-post-thumbnail","6":"product_cat-filtros-de-aquario","8":"first","9":"instock","10":"shipping-taxable","11":"purchasable","12":"product-type-simple"},"_links":{"self":[{"href":"https:\/\/www.myaquastore.com\/pt-br\/wp-json\/wp\/v2\/product\/32737","targetHints":{"allow":["GET"]}}],"collection":[{"href":"https:\/\/www.myaquastore.com\/pt-br\/wp-json\/wp\/v2\/product"}],"about":[{"href":"https:\/\/www.myaquastore.com\/pt-br\/wp-json\/wp\/v2\/types\/product"}],"replies":[{"embeddable":true,"href":"https:\/\/www.myaquastore.com\/pt-br\/wp-json\/wp\/v2\/comments?post=32737"}],"wp:featuredmedia":[{"embeddable":true,"href":"https:\/\/www.myaquastore.com\/pt-br\/wp-json\/wp\/v2\/media\/2549"}],"wp:attachment":[{"href":"https:\/\/www.myaquastore.com\/pt-br\/wp-json\/wp\/v2\/media?parent=32737"}],"wp:term":[{"taxonomy":"product_brand","embeddable":true,"href":"https:\/\/www.myaquastore.com\/pt-br\/wp-json\/wp\/v2\/product_brand?post=32737"},{"taxonomy":"product_cat","embeddable":true,"href":"https:\/\/www.myaquastore.com\/pt-br\/wp-json\/wp\/v2\/product_cat?post=32737"},{"taxonomy":"product_tag","embeddable":true,"href":"https:\/\/www.myaquastore.com\/pt-br\/wp-json\/wp\/v2\/product_tag?post=32737"}],"curies":[{"name":"wp","href":"https:\/\/api.w.org\/{rel}","templated":true}]}}