{"id":32748,"date":"2016-09-25T23:27:46","date_gmt":"2016-09-25T23:27:46","guid":{"rendered":"https:\/\/www.myaquastore.com\/product\/nova-unidade-de-resfriamento-de-aquario-hailea-1-15hp-hc130a\/"},"modified":"2025-03-16T08:20:41","modified_gmt":"2025-03-16T08:20:41","slug":"nova-unidade-de-resfriamento-de-aquario-hailea-1-15hp-hc130a","status":"publish","type":"product","link":"https:\/\/www.myaquastore.com\/pt-br\/produto\/nova-unidade-de-resfriamento-de-aquario-hailea-1-15hp-hc130a\/","title":{"rendered":"Nova unidade de resfriamento de aqu\u00e1rio HAILEA 1 \/ 15HP HC130A"},"content":{"rendered":"<article class=\"article richtext richtext-detail AE:disable\" id=\"richTextContainer\">\n<div style=\"clear:both\">\n<p><span style=\"font-size: 18px\">Nova unidade de resfriamento de aqu\u00e1rio HAILEA 1\/15HP HC130A <br \/><\/span><\/p>\n<\/p>\n<p><span style=\"font-size: 18px\">Especifica\u00e7\u00e3o:<\/span><\/p>\n<p> <span style=\"font-size: 18px\">1.<span style=\"color: #333333;font-family: 'times new roman', times;font-weight: line-height: 35.45454406738281px\">.<\/span><span style=\"font-family: Verdana, Arial, Helvetica, sans-serif\">Os chillers Hailea HC possuem chassi de metal resistente com uma caixa de<\/span><\/span><\/p>\n<p>&lt;p style=&quot;border: 0px; font-family: Arial,Helvetica; 11.818181991577148px; altura da linha: 16.363636016845703px; alinhamento vertical: linha de base; quebra de palavra: cor de quebra; em<\/span><\/p>\n<p style=\"border: 0px;color: #333333\">\n<p><span style=\"font-size: 18px\">qualquer ambiente e como acontece com outras unidades de resfriamento,nossos chillers-o HC<\/span><\/p>\n<p style=\"border: 0px;color: #333333\">\n<p><span style=\"font-size: 18px\">a s\u00e9rie usa o refrigerante ecol\u00f3gico R134a.<\/span><\/p>\n<\/p>\n<p><span style=\"font-size: 18px\">2.<\/span><span style=\"font-family: Verdana, Arial, Helvetica, sans-serif;font-size: 18px\">Design de menor ru\u00eddo, enquanto o controlador de temperatura digital garante<\/span><\/p>\n<p><span style=\"font-size: 18px\">que a temperatura selecionada seja mantida.<\/span><\/p>\n<\/p>\n<p><span style=\"font-size: 18px\">3.<span style=\"font-family: Verdana, Arial, Helvetica, sans-serif\">A taxa de fluxo \u00e9 decidida de acordo com o jato m\u00e1ximo da bomba<\/span><\/span><\/p>\n<p><span style=\"font-size: 18px\">(filtro de pot\u00eancia imers\u00edvel) e o equipamento de circula\u00e7\u00e3o.<\/span><\/p>\n<p style=\"border: 0px;color: #333333\">\n<\/p>\n<p style=\"border: 0px;color: #333333\"><span><br \/><\/span><\/p>\n<div style=\"clear:both\"><\/article>\n","protected":false},"excerpt":{"rendered":"<p>Nova unidade de resfriamento de aqu\u00e1rio HAILEA 1 \/ 15HP HC130A<\/p>\n","protected":false},"featured_media":2572,"comment_status":"open","ping_status":"closed","template":"","meta":[],"product_brand":[],"product_cat":[627],"product_tag":[],"class_list":{"0":"post-32748","1":"product","2":"type-product","3":"status-publish","4":"has-post-thumbnail","6":"product_cat-filtros-de-aquario","8":"first","9":"instock","10":"shipping-taxable","11":"purchasable","12":"product-type-simple"},"_links":{"self":[{"href":"https:\/\/www.myaquastore.com\/pt-br\/wp-json\/wp\/v2\/product\/32748","targetHints":{"allow":["GET"]}}],"collection":[{"href":"https:\/\/www.myaquastore.com\/pt-br\/wp-json\/wp\/v2\/product"}],"about":[{"href":"https:\/\/www.myaquastore.com\/pt-br\/wp-json\/wp\/v2\/types\/product"}],"replies":[{"embeddable":true,"href":"https:\/\/www.myaquastore.com\/pt-br\/wp-json\/wp\/v2\/comments?post=32748"}],"wp:featuredmedia":[{"embeddable":true,"href":"https:\/\/www.myaquastore.com\/pt-br\/wp-json\/wp\/v2\/media\/2572"}],"wp:attachment":[{"href":"https:\/\/www.myaquastore.com\/pt-br\/wp-json\/wp\/v2\/media?parent=32748"}],"wp:term":[{"taxonomy":"product_brand","embeddable":true,"href":"https:\/\/www.myaquastore.com\/pt-br\/wp-json\/wp\/v2\/product_brand?post=32748"},{"taxonomy":"product_cat","embeddable":true,"href":"https:\/\/www.myaquastore.com\/pt-br\/wp-json\/wp\/v2\/product_cat?post=32748"},{"taxonomy":"product_tag","embeddable":true,"href":"https:\/\/www.myaquastore.com\/pt-br\/wp-json\/wp\/v2\/product_tag?post=32748"}],"curies":[{"name":"wp","href":"https:\/\/api.w.org\/{rel}","templated":true}]}}