{"id":32772,"date":"2016-09-25T23:27:48","date_gmt":"2016-09-25T23:27:48","guid":{"rendered":"https:\/\/www.myaquastore.com\/product\/2015-venda-imperdivel-1000g-bonus-koi-crescimento-de-alimentos-para-peixes-b01065\/"},"modified":"2025-03-16T08:20:48","modified_gmt":"2025-03-16T08:20:48","slug":"2015-venda-imperdivel-1000g-bonus-koi-crescimento-de-alimentos-para-peixes-b01065","status":"publish","type":"product","link":"https:\/\/www.myaquastore.com\/pt-br\/produto\/2015-venda-imperdivel-1000g-bonus-koi-crescimento-de-alimentos-para-peixes-b01065\/","title":{"rendered":"2015 venda imperd\u00edvel 1000G B\u00d4NUS KOI crescimento de alimentos para peixes B01065"},"content":{"rendered":"<article class=\"article richtext richtext-detail AE:disable\" id=\"richTextContainer\">\n<div style=\"clear:both\">\n<p><span style=\"font-size: 18px\">2015 promo\u00e7\u00e3o 1000G B\u00d4NUS KOI crescimento peixe alimento B01065 <br \/><\/span><\/p>\n<\/p>\n<p><span style=\"font-size: 18px\">Benef\u00edcio:<\/span><\/p>\n<p><span style=\"color: #333333;font-family: Arial;font-size: large\"><span style=\"line-height: 24px\">1.Alimento b\u00e1sico que \u00e9 para a alimenta\u00e7\u00e3o di\u00e1ria de koi os torna saud\u00e1veis \u200b\u200be fortes.<\/span><\/span><\/p>\n<\/p>\n<p style=\"border: 0px\"><span><br \/><\/span><\/p>\n<div style=\"clear:both\"><\/article>\n","protected":false},"excerpt":{"rendered":"<p>2015 venda imperd\u00edvel 1000G B\u00d4NUS KOI crescimento de alimentos para peixes B01065<\/p>\n","protected":false},"featured_media":2631,"comment_status":"open","ping_status":"closed","template":"","meta":[],"product_brand":[],"product_cat":[627],"product_tag":[],"class_list":{"0":"post-32772","1":"product","2":"type-product","3":"status-publish","4":"has-post-thumbnail","6":"product_cat-filtros-de-aquario","8":"first","9":"instock","10":"shipping-taxable","11":"purchasable","12":"product-type-simple"},"_links":{"self":[{"href":"https:\/\/www.myaquastore.com\/pt-br\/wp-json\/wp\/v2\/product\/32772","targetHints":{"allow":["GET"]}}],"collection":[{"href":"https:\/\/www.myaquastore.com\/pt-br\/wp-json\/wp\/v2\/product"}],"about":[{"href":"https:\/\/www.myaquastore.com\/pt-br\/wp-json\/wp\/v2\/types\/product"}],"replies":[{"embeddable":true,"href":"https:\/\/www.myaquastore.com\/pt-br\/wp-json\/wp\/v2\/comments?post=32772"}],"wp:featuredmedia":[{"embeddable":true,"href":"https:\/\/www.myaquastore.com\/pt-br\/wp-json\/wp\/v2\/media\/2631"}],"wp:attachment":[{"href":"https:\/\/www.myaquastore.com\/pt-br\/wp-json\/wp\/v2\/media?parent=32772"}],"wp:term":[{"taxonomy":"product_brand","embeddable":true,"href":"https:\/\/www.myaquastore.com\/pt-br\/wp-json\/wp\/v2\/product_brand?post=32772"},{"taxonomy":"product_cat","embeddable":true,"href":"https:\/\/www.myaquastore.com\/pt-br\/wp-json\/wp\/v2\/product_cat?post=32772"},{"taxonomy":"product_tag","embeddable":true,"href":"https:\/\/www.myaquastore.com\/pt-br\/wp-json\/wp\/v2\/product_tag?post=32772"}],"curies":[{"name":"wp","href":"https:\/\/api.w.org\/{rel}","templated":true}]}}