{"id":32794,"date":"2016-09-25T23:27:48","date_gmt":"2016-09-25T23:27:48","guid":{"rendered":"https:\/\/www.myaquastore.com\/product\/produto-de-atacado-bomba-de-helice-jebao-wave-maker-wp60\/"},"modified":"2025-03-16T08:20:52","modified_gmt":"2025-03-16T08:20:52","slug":"produto-de-atacado-bomba-de-helice-jebao-wave-maker-wp60","status":"publish","type":"product","link":"https:\/\/www.myaquastore.com\/pt-br\/produto\/produto-de-atacado-bomba-de-helice-jebao-wave-maker-wp60\/","title":{"rendered":"Produto de atacado Bomba de h\u00e9lice Jebao wave maker wp60"},"content":{"rendered":"<article class=\"article richtext richtext-detail AE:disable\" id=\"richTextContainer\">\n<div style=\"clear:both\">\n<p><span style=\"font-size: 18px\">Produto de atacado Bomba de h\u00e9lice Jebao wave maker wp60 <\/span><\/p>\n<\/p>\n<p><span style=\"font-size: 18px\">Benef\u00edcio:<\/span><\/p>\n<p style=\"border: 0px;font-family: Arial,Helvetica;line-height: 15px;vertical-align: linha de base;color: #333333\"><span style=\"margin: 0px;padding: 0px;border: 0px;font-family: Arial;font-size: 18px;font-style: herdar;font-weight: herdar;line-height: 24px;vertical-align: linha de base\">1.Fixado com base magn\u00e9tica, f\u00e1cil de instalar e manter;<\/span><\/p>\n<p style=\"border: 0px;padding: 0px;font-family: font-size\">2.Rota\u00e7\u00e3o opcional para dire\u00e7\u00e3o da onda;<\/span><\/p>\n<p style=\"border: 0px;color: #333333\"><span>3.Alto desempenho, fluxo de \u00e1gua poderoso e baixo consumo de energia.<\/span><\/p>\n<p style=\"border: 0px;color: #333333\"><span>4.Adotando o eixo cer\u00e2mico \u00e0 prova de desgaste para prolongar a vida \u00fatil;<\/span><\/p>\n<p style=\"border: 0px;color: #333333\"><span>5.V\u00e1rios padr\u00f5es de onda com sistema de controle inteligente;<\/span><\/p>\n<p style=\"border: 0px;color: #333333\"><span>6. Opera\u00e7\u00e3o em baixa tens\u00e3o, segura e confi\u00e1vel;<\/span><\/p>\n<p style=\"border: 0px;color: #333333\"><span style=\"vertical-align: baseline\">Adequado para \u00e1gua doce e \u00e1gua marinha.<\/span><\/p>\n<div style=\"clear:both\"><\/article>\n","protected":false},"excerpt":{"rendered":"<p>Produto de atacado Bomba de h\u00e9lice Jebao wave maker wp60<\/p>\n","protected":false},"featured_media":2675,"comment_status":"open","ping_status":"closed","template":"","meta":[],"product_brand":[],"product_cat":[627],"product_tag":[],"class_list":{"0":"post-32794","1":"product","2":"type-product","3":"status-publish","4":"has-post-thumbnail","6":"product_cat-filtros-de-aquario","8":"first","9":"instock","10":"shipping-taxable","11":"purchasable","12":"product-type-simple"},"_links":{"self":[{"href":"https:\/\/www.myaquastore.com\/pt-br\/wp-json\/wp\/v2\/product\/32794","targetHints":{"allow":["GET"]}}],"collection":[{"href":"https:\/\/www.myaquastore.com\/pt-br\/wp-json\/wp\/v2\/product"}],"about":[{"href":"https:\/\/www.myaquastore.com\/pt-br\/wp-json\/wp\/v2\/types\/product"}],"replies":[{"embeddable":true,"href":"https:\/\/www.myaquastore.com\/pt-br\/wp-json\/wp\/v2\/comments?post=32794"}],"wp:featuredmedia":[{"embeddable":true,"href":"https:\/\/www.myaquastore.com\/pt-br\/wp-json\/wp\/v2\/media\/2675"}],"wp:attachment":[{"href":"https:\/\/www.myaquastore.com\/pt-br\/wp-json\/wp\/v2\/media?parent=32794"}],"wp:term":[{"taxonomy":"product_brand","embeddable":true,"href":"https:\/\/www.myaquastore.com\/pt-br\/wp-json\/wp\/v2\/product_brand?post=32794"},{"taxonomy":"product_cat","embeddable":true,"href":"https:\/\/www.myaquastore.com\/pt-br\/wp-json\/wp\/v2\/product_cat?post=32794"},{"taxonomy":"product_tag","embeddable":true,"href":"https:\/\/www.myaquastore.com\/pt-br\/wp-json\/wp\/v2\/product_tag?post=32794"}],"curies":[{"name":"wp","href":"https:\/\/api.w.org\/{rel}","templated":true}]}}