{"id":32808,"date":"2016-09-25T23:27:49","date_gmt":"2016-09-25T23:27:49","guid":{"rendered":"https:\/\/www.myaquastore.com\/product\/nova-chegou-jecod-super-bastante-bomba-de-agua-do-aquario-bomba-de-agua-submersivel-fa2500f\/"},"modified":"2025-03-16T08:20:55","modified_gmt":"2025-03-16T08:20:55","slug":"nova-chegou-jecod-super-bastante-bomba-de-agua-do-aquario-bomba-de-agua-submersivel-fa2500f","status":"publish","type":"product","link":"https:\/\/www.myaquastore.com\/pt-br\/produto\/nova-chegou-jecod-super-bastante-bomba-de-agua-do-aquario-bomba-de-agua-submersivel-fa2500f\/","title":{"rendered":"Nova chegou jecod super bastante bomba de \u00e1gua do aqu\u00e1rio bomba de \u00e1gua submers\u00edvel fa2500f"},"content":{"rendered":"<article class=\"article richtext richtext-detail AE:disable\" id=\"richTextContainer\">\n<div style=\"clear:both\">\n<p><span style=\"font-size: 18px\">Nova bomba de \u00e1gua submers\u00edvel Jecod super bastante para aqu\u00e1rio, bomba de \u00e1gua submers\u00edvel FA2500F <\/span><\/p>\n<\/p>\n<p><span style=\"font-size: 18px\">Benef\u00edcio:<\/span><\/p>\n<p style=\"border: 0px;font-family: Arial,Helvetica;line-height: 0px;font-family: font-size: 18px;isso\"> 1,40% Maior que a bomba de \u00e1gua normal; : 0px; fam\u00edlia da fonte: Arial; tamanho da fonte: 18px; estilo da fonte: herdar; altura da linha: 24px; fam\u00edlia de fontes: Helvetica,Tahoma,Arial,sans-serif; line-height: 15px;&#8221;&gt;Consumo de energia super baixo, economia de energia de 30%;<\/span><br \/><\/span><\/p>\n<p style=\"border: 0px;color: #333333\"><span>3.<span style=\"color: #333333;line-height: 15px\">Excelente qualidade com o melhor pre\u00e7o<\/span>;<\/span><\/p>\n<p style=\"border: 0px;color: #333333\"><span>4.Rotor de eixo cer\u00e2mico fixo, silencioso e us\u00e1vel;<\/span><\/p>\n<p style=\"border: 0px;color: #333333\"><span>5. Unidade magn\u00e9tica sem \u00f3leo;<\/span><\/p>\n<p style=\"border: 0px;color: #333333\"><span>6. Adequado para \u00e1gua doce e \u00e1gua do mar.<\/span><\/p>\n<div style=\"clear:both\"><\/article>\n","protected":false},"excerpt":{"rendered":"<p>Nova chegou jecod super bastante bomba de \u00e1gua do aqu\u00e1rio bomba de \u00e1gua submers\u00edvel fa2500f<\/p>\n","protected":false},"featured_media":2698,"comment_status":"open","ping_status":"closed","template":"","meta":[],"product_brand":[],"product_cat":[627],"product_tag":[],"class_list":{"0":"post-32808","1":"product","2":"type-product","3":"status-publish","4":"has-post-thumbnail","6":"product_cat-filtros-de-aquario","8":"first","9":"instock","10":"shipping-taxable","11":"purchasable","12":"product-type-simple"},"_links":{"self":[{"href":"https:\/\/www.myaquastore.com\/pt-br\/wp-json\/wp\/v2\/product\/32808","targetHints":{"allow":["GET"]}}],"collection":[{"href":"https:\/\/www.myaquastore.com\/pt-br\/wp-json\/wp\/v2\/product"}],"about":[{"href":"https:\/\/www.myaquastore.com\/pt-br\/wp-json\/wp\/v2\/types\/product"}],"replies":[{"embeddable":true,"href":"https:\/\/www.myaquastore.com\/pt-br\/wp-json\/wp\/v2\/comments?post=32808"}],"wp:featuredmedia":[{"embeddable":true,"href":"https:\/\/www.myaquastore.com\/pt-br\/wp-json\/wp\/v2\/media\/2698"}],"wp:attachment":[{"href":"https:\/\/www.myaquastore.com\/pt-br\/wp-json\/wp\/v2\/media?parent=32808"}],"wp:term":[{"taxonomy":"product_brand","embeddable":true,"href":"https:\/\/www.myaquastore.com\/pt-br\/wp-json\/wp\/v2\/product_brand?post=32808"},{"taxonomy":"product_cat","embeddable":true,"href":"https:\/\/www.myaquastore.com\/pt-br\/wp-json\/wp\/v2\/product_cat?post=32808"},{"taxonomy":"product_tag","embeddable":true,"href":"https:\/\/www.myaquastore.com\/pt-br\/wp-json\/wp\/v2\/product_tag?post=32808"}],"curies":[{"name":"wp","href":"https:\/\/api.w.org\/{rel}","templated":true}]}}