{"id":32816,"date":"2016-09-25T23:27:49","date_gmt":"2016-09-25T23:27:49","guid":{"rendered":"https:\/\/www.myaquastore.com\/product\/2015-novo-produto-hakawin-aquecedor-de-aquario-aquecedor-de-aco-inoxidavel-he908-50w\/"},"modified":"2025-03-16T08:20:56","modified_gmt":"2025-03-16T08:20:56","slug":"2015-novo-produto-hakawin-aquecedor-de-aquario-aquecedor-de-aco-inoxidavel-he908-50w","status":"publish","type":"product","link":"https:\/\/www.myaquastore.com\/pt-br\/produto\/2015-novo-produto-hakawin-aquecedor-de-aquario-aquecedor-de-aco-inoxidavel-he908-50w\/","title":{"rendered":"2015 novo produto HAKAWIN aquecedor de aqu\u00e1rio aquecedor de a\u00e7o inoxid\u00e1vel HE908 50W"},"content":{"rendered":"<article class=\"article richtext richtext-detail AE:disable\" id=\"richTextContainer\">\n<div style=\"clear:both\">\n<p><span style=\"font-size: 18px\"> 2015 novo aquecedor de aqu\u00e1rio HAKAWIN projetado aquecedor de a\u00e7o inoxid\u00e1vel HE908 25W <\/span><\/p>\n<\/p>\n<p><span style=\"font-size: 18px\">Aqu\u00e1rio <span style=\"font-size: 18px;line-height: 27px\">aquecedor de a\u00e7o inoxid\u00e1vel HE908<\/span><br \/><\/span><\/p>\n<\/p>\n<p><span style=\"font-size: 18px\">Benef\u00edcio:<\/span><\/p>\n<p style=\"border: 0px;font-family: Arial,Helvetica\"><span>1. apar\u00eancia<\/span><\/p>\n<p style=\"border: 0px;font-family: Arial,Helvetica;line-height: 15px;vertical-align: linha de base\"><span style=\"margin: 0px;padding: 0px;border: 0px;font-family: Arial;font-size: 18px\">2.Imperme\u00e1vel e ajuste a temperatura automaticamente<\/span><\/p>\n<p style=\"border: 0px;color: #333333\"><span>3.Design de drenagem com veda\u00e7\u00e3o dupla<\/span><\/p>\n<p style=\"border: 0px;color: #333333\"><span>4.Adequado para aquecimento de \u00e1gua doce e \u00e1gua do mar<\/span><\/p>\n<div style=\"clear:both\"><\/article>\n","protected":false},"excerpt":{"rendered":"<p>2015 novo produto HAKAWIN aquecedor de aqu\u00e1rio aquecedor de a\u00e7o inoxid\u00e1vel HE908 50W<\/p>\n","protected":false},"featured_media":2711,"comment_status":"open","ping_status":"closed","template":"","meta":[],"product_brand":[],"product_cat":[627],"product_tag":[],"class_list":{"0":"post-32816","1":"product","2":"type-product","3":"status-publish","4":"has-post-thumbnail","6":"product_cat-filtros-de-aquario","8":"first","9":"instock","10":"shipping-taxable","11":"purchasable","12":"product-type-simple"},"_links":{"self":[{"href":"https:\/\/www.myaquastore.com\/pt-br\/wp-json\/wp\/v2\/product\/32816","targetHints":{"allow":["GET"]}}],"collection":[{"href":"https:\/\/www.myaquastore.com\/pt-br\/wp-json\/wp\/v2\/product"}],"about":[{"href":"https:\/\/www.myaquastore.com\/pt-br\/wp-json\/wp\/v2\/types\/product"}],"replies":[{"embeddable":true,"href":"https:\/\/www.myaquastore.com\/pt-br\/wp-json\/wp\/v2\/comments?post=32816"}],"wp:featuredmedia":[{"embeddable":true,"href":"https:\/\/www.myaquastore.com\/pt-br\/wp-json\/wp\/v2\/media\/2711"}],"wp:attachment":[{"href":"https:\/\/www.myaquastore.com\/pt-br\/wp-json\/wp\/v2\/media?parent=32816"}],"wp:term":[{"taxonomy":"product_brand","embeddable":true,"href":"https:\/\/www.myaquastore.com\/pt-br\/wp-json\/wp\/v2\/product_brand?post=32816"},{"taxonomy":"product_cat","embeddable":true,"href":"https:\/\/www.myaquastore.com\/pt-br\/wp-json\/wp\/v2\/product_cat?post=32816"},{"taxonomy":"product_tag","embeddable":true,"href":"https:\/\/www.myaquastore.com\/pt-br\/wp-json\/wp\/v2\/product_tag?post=32816"}],"curies":[{"name":"wp","href":"https:\/\/api.w.org\/{rel}","templated":true}]}}