{"id":32821,"date":"2016-09-25T23:27:49","date_gmt":"2016-09-25T23:27:49","guid":{"rendered":"https:\/\/www.myaquastore.com\/product\/cor-mutavel-das-luzes-conduzidas-coloridas-de-113cm-com-controlador-infravermelho\/"},"modified":"2025-03-16T08:20:57","modified_gmt":"2025-03-16T08:20:57","slug":"cor-mutavel-das-luzes-conduzidas-coloridas-de-113cm-com-controlador-infravermelho","status":"publish","type":"product","link":"https:\/\/www.myaquastore.com\/pt-br\/produto\/cor-mutavel-das-luzes-conduzidas-coloridas-de-113cm-com-controlador-infravermelho\/","title":{"rendered":"Cor mut\u00e1vel das luzes conduzidas coloridas de 113CM com controlador infravermelho"},"content":{"rendered":"<article class=\"article richtext richtext-detail AE:disable\" id=\"richTextContainer\">\n<div style=\"clear:both\">\n<p><span style=\"font-family: 'times new roman', times;font-size: 24px\">113CM luzes LED coloridas de cor mut\u00e1vel com controlador infravermelho<\/span><br \/><span style=\"font-family: 'times new roman', times;font-size: 24px\">1.pode mudar de cor<\/span><br \/><span style=\"font-family: 'times new roman', times;font-size: 24px\">2.comprimento diferente(18cm 23cm 33cm 43cm 53cm 73cm 93cm 113cm)<\/span><br \/><span style=\"font-family: 'times new roman', times;24px\">3.economia de energia<\/span><\/p>\n<p><span style=\"font-family: 'times new roman', times\">4.a embalagem \u00e9 de 20 pe\u00e7as\/caixa<\/span><\/p>\n<p>&lt;span style=&quot;font-family: &#039;times new roman&#039;, times; grau<\/span><\/p>\n<p><span style=\"font-family: 'times new roman', times;font-size: 24px\">6.tens\u00e3o de alimenta\u00e7\u00e3o: DC12V<\/span><\/p>\n<p><span style=\"font-family: 'times new roman', times\">7.Tamanho do produto:1130*22*12mm<\/span><\/p>\n<p><span style=\"font-family: 'times new roman', times;font-size: 24px\">8.output:tr\u00eas sa\u00edda de drenagem CMOS aberta<\/span><\/p>\n<p><span style=\"font-family: 'times new roman', times;font-size: 24px\">9.modo de conex\u00e3o: \u00e2nodo comum<\/span><\/p>\n<p><span style=\"font-family: 'times new roman', times;font-size: 24px\">10.sa\u00edda atual:&lt;2A cada cor<\/span><\/p>\n<p><span style=\"font-family: 'times new roman', times;font-size: 24px\">11.conecte o controlador RGS \u00e0 cabe\u00e7a da faixa de LED atrav\u00e9s de marca de seta a marca de seta.<\/span><\/p>\n<div style=\"clear:both\"><\/article>\n","protected":false},"excerpt":{"rendered":"<p>Cor mut\u00e1vel das luzes conduzidas coloridas de 113CM com controlador infravermelho<\/p>\n","protected":false},"featured_media":2722,"comment_status":"open","ping_status":"closed","template":"","meta":[],"product_brand":[],"product_cat":[627],"product_tag":[],"class_list":{"0":"post-32821","1":"product","2":"type-product","3":"status-publish","4":"has-post-thumbnail","6":"product_cat-filtros-de-aquario","8":"first","9":"instock","10":"shipping-taxable","11":"purchasable","12":"product-type-simple"},"_links":{"self":[{"href":"https:\/\/www.myaquastore.com\/pt-br\/wp-json\/wp\/v2\/product\/32821","targetHints":{"allow":["GET"]}}],"collection":[{"href":"https:\/\/www.myaquastore.com\/pt-br\/wp-json\/wp\/v2\/product"}],"about":[{"href":"https:\/\/www.myaquastore.com\/pt-br\/wp-json\/wp\/v2\/types\/product"}],"replies":[{"embeddable":true,"href":"https:\/\/www.myaquastore.com\/pt-br\/wp-json\/wp\/v2\/comments?post=32821"}],"wp:featuredmedia":[{"embeddable":true,"href":"https:\/\/www.myaquastore.com\/pt-br\/wp-json\/wp\/v2\/media\/2722"}],"wp:attachment":[{"href":"https:\/\/www.myaquastore.com\/pt-br\/wp-json\/wp\/v2\/media?parent=32821"}],"wp:term":[{"taxonomy":"product_brand","embeddable":true,"href":"https:\/\/www.myaquastore.com\/pt-br\/wp-json\/wp\/v2\/product_brand?post=32821"},{"taxonomy":"product_cat","embeddable":true,"href":"https:\/\/www.myaquastore.com\/pt-br\/wp-json\/wp\/v2\/product_cat?post=32821"},{"taxonomy":"product_tag","embeddable":true,"href":"https:\/\/www.myaquastore.com\/pt-br\/wp-json\/wp\/v2\/product_tag?post=32821"}],"curies":[{"name":"wp","href":"https:\/\/api.w.org\/{rel}","templated":true}]}}