{"id":32827,"date":"2016-09-25T23:27:49","date_gmt":"2016-09-25T23:27:49","guid":{"rendered":"https:\/\/www.myaquastore.com\/product\/novo-produto-aquario-600g-ocean-free-comida-de-peixe-vermelho-real\/"},"modified":"2025-03-16T08:20:59","modified_gmt":"2025-03-16T08:20:59","slug":"novo-produto-aquario-600g-ocean-free-comida-de-peixe-vermelho-real","status":"publish","type":"product","link":"https:\/\/www.myaquastore.com\/pt-br\/produto\/novo-produto-aquario-600g-ocean-free-comida-de-peixe-vermelho-real\/","title":{"rendered":"Novo produto aqu\u00e1rio 600g OCEAN FREE comida de peixe vermelho real"},"content":{"rendered":"<article class=\"article richtext richtext-detail AE:disable\" id=\"richTextContainer\">\n<div style=\"clear:both\">\n<p><span style=\"font-size: 18px\">Novo produto aqu\u00e1rio 600g Ra\u00e7\u00e3o para peixe vermelho real OCEAN FREE<\/span><\/p>\n<\/p>\n<p><span style=\"font-size: 18px\">Benef\u00edcio:<\/span><\/p>\n<p style=\"border: 0px;font-family: Arial,Helvetica;line-height: 15px;vertical-align: linha de base;color: #333333\"><span style=\"margin: 0px;padding: 0px;border: 0px;font-family: Arial;font-size: 18px;font-style: herdar;font-weight: herdar;line-height: 24px\">1.Design inovador e apar\u00eancia agrad\u00e1vel;<\/span><\/p>\n<p style=\"border: 0px;padding: 0px;\"><span style=\"font-family: Arial\"><span style=\"line-height: 24px\">2.<\/span><\/span><span style=\"color: #333333;line-height: 15px\">Natural e livre de polui\u00e7\u00e3o;<\/span><br \/><\/span><\/p>\n<p style=\"border: 0px;color: #333333\"><span>3.<span style=\"color: #333333;line-height: 15px\">Excelente qualidade com o melhor pre\u00e7o<\/span>;<\/span><\/p>\n<div style=\"clear:both\"><\/article>\n","protected":false},"excerpt":{"rendered":"<p>Novo produto aqu\u00e1rio 600g OCEAN FREE comida de peixe vermelho real<\/p>\n","protected":false},"featured_media":2734,"comment_status":"open","ping_status":"closed","template":"","meta":[],"product_brand":[],"product_cat":[627],"product_tag":[],"class_list":{"0":"post-32827","1":"product","2":"type-product","3":"status-publish","4":"has-post-thumbnail","6":"product_cat-filtros-de-aquario","8":"first","9":"instock","10":"shipping-taxable","11":"purchasable","12":"product-type-simple"},"_links":{"self":[{"href":"https:\/\/www.myaquastore.com\/pt-br\/wp-json\/wp\/v2\/product\/32827","targetHints":{"allow":["GET"]}}],"collection":[{"href":"https:\/\/www.myaquastore.com\/pt-br\/wp-json\/wp\/v2\/product"}],"about":[{"href":"https:\/\/www.myaquastore.com\/pt-br\/wp-json\/wp\/v2\/types\/product"}],"replies":[{"embeddable":true,"href":"https:\/\/www.myaquastore.com\/pt-br\/wp-json\/wp\/v2\/comments?post=32827"}],"wp:featuredmedia":[{"embeddable":true,"href":"https:\/\/www.myaquastore.com\/pt-br\/wp-json\/wp\/v2\/media\/2734"}],"wp:attachment":[{"href":"https:\/\/www.myaquastore.com\/pt-br\/wp-json\/wp\/v2\/media?parent=32827"}],"wp:term":[{"taxonomy":"product_brand","embeddable":true,"href":"https:\/\/www.myaquastore.com\/pt-br\/wp-json\/wp\/v2\/product_brand?post=32827"},{"taxonomy":"product_cat","embeddable":true,"href":"https:\/\/www.myaquastore.com\/pt-br\/wp-json\/wp\/v2\/product_cat?post=32827"},{"taxonomy":"product_tag","embeddable":true,"href":"https:\/\/www.myaquastore.com\/pt-br\/wp-json\/wp\/v2\/product_tag?post=32827"}],"curies":[{"name":"wp","href":"https:\/\/api.w.org\/{rel}","templated":true}]}}