{"id":32830,"date":"2016-09-25T23:27:49","date_gmt":"2016-09-25T23:27:49","guid":{"rendered":"https:\/\/www.myaquastore.com\/product\/novo-produto-aquarex-aquecedor-de-aquario-terno-para-agua-doce-e-aquecedor-de-agua-do-mar-gh50\/"},"modified":"2025-03-16T08:21:00","modified_gmt":"2025-03-16T08:21:00","slug":"novo-produto-aquarex-aquecedor-de-aquario-terno-para-agua-doce-e-aquecedor-de-agua-do-mar-gh50","status":"publish","type":"product","link":"https:\/\/www.myaquastore.com\/pt-br\/produto\/novo-produto-aquarex-aquecedor-de-aquario-terno-para-agua-doce-e-aquecedor-de-agua-do-mar-gh50\/","title":{"rendered":"Novo produto AQUAREX aquecedor de aqu\u00e1rio terno para \u00e1gua doce e aquecedor de \u00e1gua do mar GH50"},"content":{"rendered":"<article class=\"article richtext richtext-detail AE:disable\" id=\"richTextContainer\">\n<div style=\"clear:both\">\n<p><span style=\"font-size: 18px\">Novo produto AQUAREX aquecedor de aqu\u00e1rio para \u00e1gua doce e aquecedor de \u00e1gua do mar GH50 <\/span><\/p>\n<\/p>\n<p><span style=\"font-size: 18px\">Aqu\u00e1rio <span style=\"font-size: 18px;line-height: 27px\">terno aquecedor para \u00e1gua doce e aquecedor de \u00e1gua do mar GH50<\/span><\/p>\n<p><\/span><\/p>\n<\/p>\n<p><span style=\"font-size: 18px\">Benef\u00edcio:<\/span><\/p>\n<p style=\"border: 0px\"><span>1. apar\u00eancia;<\/span><\/p>\n<p style=\"border: 0px;font-family: Arial,Helvetica;line-height: 15px;vertical-align: linha de base;color: #333333\"><span style=\"margin: 0px;padding: 0px;border: 0px\">2.Imperme\u00e1vel e ajuste a temperatura automaticamente;<\/span><\/p>\n<p style=\"border: 0px;color: #333333\"><span>3.Design de drenagem com veda\u00e7\u00e3o dupla;<\/span><\/p>\n<p style=\"border: 0px;color: #333333\"><span>4.Adequado para aquecimento de \u00e1gua doce e \u00e1gua do mar.<\/span><\/p>\n<div style=\"clear:both\"><\/article>\n","protected":false},"excerpt":{"rendered":"<p>Novo produto AQUAREX aquecedor de aqu\u00e1rio terno para \u00e1gua doce e aquecedor de \u00e1gua do mar GH50<\/p>\n","protected":false},"featured_media":2738,"comment_status":"open","ping_status":"closed","template":"","meta":[],"product_brand":[],"product_cat":[627],"product_tag":[],"class_list":{"0":"post-32830","1":"product","2":"type-product","3":"status-publish","4":"has-post-thumbnail","6":"product_cat-filtros-de-aquario","8":"first","9":"instock","10":"shipping-taxable","11":"purchasable","12":"product-type-simple"},"_links":{"self":[{"href":"https:\/\/www.myaquastore.com\/pt-br\/wp-json\/wp\/v2\/product\/32830","targetHints":{"allow":["GET"]}}],"collection":[{"href":"https:\/\/www.myaquastore.com\/pt-br\/wp-json\/wp\/v2\/product"}],"about":[{"href":"https:\/\/www.myaquastore.com\/pt-br\/wp-json\/wp\/v2\/types\/product"}],"replies":[{"embeddable":true,"href":"https:\/\/www.myaquastore.com\/pt-br\/wp-json\/wp\/v2\/comments?post=32830"}],"wp:featuredmedia":[{"embeddable":true,"href":"https:\/\/www.myaquastore.com\/pt-br\/wp-json\/wp\/v2\/media\/2738"}],"wp:attachment":[{"href":"https:\/\/www.myaquastore.com\/pt-br\/wp-json\/wp\/v2\/media?parent=32830"}],"wp:term":[{"taxonomy":"product_brand","embeddable":true,"href":"https:\/\/www.myaquastore.com\/pt-br\/wp-json\/wp\/v2\/product_brand?post=32830"},{"taxonomy":"product_cat","embeddable":true,"href":"https:\/\/www.myaquastore.com\/pt-br\/wp-json\/wp\/v2\/product_cat?post=32830"},{"taxonomy":"product_tag","embeddable":true,"href":"https:\/\/www.myaquastore.com\/pt-br\/wp-json\/wp\/v2\/product_tag?post=32830"}],"curies":[{"name":"wp","href":"https:\/\/api.w.org\/{rel}","templated":true}]}}