{"id":32832,"date":"2016-09-25T23:27:49","date_gmt":"2016-09-25T23:27:49","guid":{"rendered":"https:\/\/www.myaquastore.com\/product\/2015-novo-aquecedor-de-aquario-hakawin-aquecedor-de-aco-inoxidavel-he908\/"},"modified":"2025-03-16T08:21:00","modified_gmt":"2025-03-16T08:21:00","slug":"2015-novo-aquecedor-de-aquario-hakawin-aquecedor-de-aco-inoxidavel-he908","status":"publish","type":"product","link":"https:\/\/www.myaquastore.com\/pt-br\/produto\/2015-novo-aquecedor-de-aquario-hakawin-aquecedor-de-aco-inoxidavel-he908\/","title":{"rendered":"2015 novo aquecedor de aqu\u00e1rio HAKAWIN aquecedor de a\u00e7o inoxid\u00e1vel HE908"},"content":{"rendered":"<p>Aqu\u00e1rio <span style=\"font-size: 18px;line-height: 27px\">aquecedor de a\u00e7o inoxid\u00e1vel HE908<\/span><br \/><\/span><\/p>\n<\/p>\n<p><span style=\"font-size: 18px\">Benef\u00edcio:<\/span><\/p>\n<p style=\"border: 0px;font-family: Arial,Helvetica;line-height: 15px;vertical-align: linha de base: #333333\"><span style=\"margin: 0px;line-height: 0px;vertical-align: linha de base\">1.Design inovador e apar\u00eancia agrad\u00e1vel<\/span><\/p>\n<p style=\"border\"><span>2.Imperme\u00e1vel e ajuste a temperatura automaticamente<\/span><\/p>\n<p style=\"border: 0px;color: #333333\"><span>3.Design de drenagem com veda\u00e7\u00e3o dupla<\/span><\/p>\n<p style=\"border: 0px;color: #333333\"><span>4.Adequado para aquecimento de \u00e1gua doce e \u00e1gua do mar<\/span><\/p>\n<div style=\"clear:both\"><\/article>\n","protected":false},"excerpt":{"rendered":"<p>2015 novo aquecedor de aqu\u00e1rio HAKAWIN aquecedor de a\u00e7o inoxid\u00e1vel HE908<\/p>\n","protected":false},"featured_media":2743,"comment_status":"open","ping_status":"closed","template":"","meta":[],"product_brand":[],"product_cat":[627],"product_tag":[],"class_list":{"0":"post-32832","1":"product","2":"type-product","3":"status-publish","4":"has-post-thumbnail","6":"product_cat-filtros-de-aquario","8":"first","9":"instock","10":"shipping-taxable","11":"purchasable","12":"product-type-simple"},"_links":{"self":[{"href":"https:\/\/www.myaquastore.com\/pt-br\/wp-json\/wp\/v2\/product\/32832","targetHints":{"allow":["GET"]}}],"collection":[{"href":"https:\/\/www.myaquastore.com\/pt-br\/wp-json\/wp\/v2\/product"}],"about":[{"href":"https:\/\/www.myaquastore.com\/pt-br\/wp-json\/wp\/v2\/types\/product"}],"replies":[{"embeddable":true,"href":"https:\/\/www.myaquastore.com\/pt-br\/wp-json\/wp\/v2\/comments?post=32832"}],"wp:featuredmedia":[{"embeddable":true,"href":"https:\/\/www.myaquastore.com\/pt-br\/wp-json\/wp\/v2\/media\/2743"}],"wp:attachment":[{"href":"https:\/\/www.myaquastore.com\/pt-br\/wp-json\/wp\/v2\/media?parent=32832"}],"wp:term":[{"taxonomy":"product_brand","embeddable":true,"href":"https:\/\/www.myaquastore.com\/pt-br\/wp-json\/wp\/v2\/product_brand?post=32832"},{"taxonomy":"product_cat","embeddable":true,"href":"https:\/\/www.myaquastore.com\/pt-br\/wp-json\/wp\/v2\/product_cat?post=32832"},{"taxonomy":"product_tag","embeddable":true,"href":"https:\/\/www.myaquastore.com\/pt-br\/wp-json\/wp\/v2\/product_tag?post=32832"}],"curies":[{"name":"wp","href":"https:\/\/api.w.org\/{rel}","templated":true}]}}