{"id":32881,"date":"2016-09-25T23:27:51","date_gmt":"2016-09-25T23:27:51","guid":{"rendered":"https:\/\/www.myaquastore.com\/product\/bomba-de-agua-eletrica-submersivel-para-aquario-minjiang-ns803\/"},"modified":"2025-03-16T08:21:11","modified_gmt":"2025-03-16T08:21:11","slug":"bomba-de-agua-eletrica-submersivel-para-aquario-minjiang-ns803","status":"publish","type":"product","link":"https:\/\/www.myaquastore.com\/pt-br\/produto\/bomba-de-agua-eletrica-submersivel-para-aquario-minjiang-ns803\/","title":{"rendered":"Bomba de \u00e1gua el\u00e9trica submers\u00edvel para aqu\u00e1rio minjiang NS803"},"content":{"rendered":"<article class=\"article richtext richtext-detail AE:disable\" id=\"richTextContainer\">\n<div style=\"clear:both\">\n<p><span style=\"font-family: 'times new roman', times;font-size: 24px\"> bomba de \u00e1gua el\u00e9trica submers\u00edvel para aqu\u00e1rio minjiang NS803 <\/span><\/p>\n<p><span style=\"font-family: 'times new roman', times;font-size: 24px\"> 1. Adota cer\u00e2mica de alto alum\u00ednio para produzir o eixo, para uso duplo de \u00e1gua doce e do mar. <\/span><br \/><span style=\"font-family: 'times new roman', times;font-size: 24px\">2. Adota part\u00edculas originais ABS de super qualidade para moldar a caixa, que nunca se desgasta. <\/span><br \/><span style=\"font-family: 'times new roman', times;font-size: 24px\">3. Dupla utiliza\u00e7\u00e3o para debaixo ou para baixo da \u00e1gua. <\/span><br \/><span style=\"font-family: 'times new roman', times;font-size: 24px\">4.Aplica-se para drenagem de \u00e1gua, fornecimento de oxig\u00eanio, forma\u00e7\u00e3o de ondas, filtragem e fonte. <\/span><br \/><span style=\"font-family: 'times new roman', times;font-size: 24px\">5.Adota um sugador forte para consertar a bomba intensamente, que nunca fica rachada. <\/span><\/p>\n<\/p>\n<\/p>\n<div style=\"clear:both\"><\/article>\n","protected":false},"excerpt":{"rendered":"<p>Bomba de \u00e1gua el\u00e9trica submers\u00edvel para aqu\u00e1rio minjiang NS803<\/p>\n","protected":false},"featured_media":2842,"comment_status":"open","ping_status":"closed","template":"","meta":[],"product_brand":[],"product_cat":[627],"product_tag":[],"class_list":{"0":"post-32881","1":"product","2":"type-product","3":"status-publish","4":"has-post-thumbnail","6":"product_cat-filtros-de-aquario","8":"first","9":"instock","10":"shipping-taxable","11":"purchasable","12":"product-type-simple"},"_links":{"self":[{"href":"https:\/\/www.myaquastore.com\/pt-br\/wp-json\/wp\/v2\/product\/32881","targetHints":{"allow":["GET"]}}],"collection":[{"href":"https:\/\/www.myaquastore.com\/pt-br\/wp-json\/wp\/v2\/product"}],"about":[{"href":"https:\/\/www.myaquastore.com\/pt-br\/wp-json\/wp\/v2\/types\/product"}],"replies":[{"embeddable":true,"href":"https:\/\/www.myaquastore.com\/pt-br\/wp-json\/wp\/v2\/comments?post=32881"}],"wp:featuredmedia":[{"embeddable":true,"href":"https:\/\/www.myaquastore.com\/pt-br\/wp-json\/wp\/v2\/media\/2842"}],"wp:attachment":[{"href":"https:\/\/www.myaquastore.com\/pt-br\/wp-json\/wp\/v2\/media?parent=32881"}],"wp:term":[{"taxonomy":"product_brand","embeddable":true,"href":"https:\/\/www.myaquastore.com\/pt-br\/wp-json\/wp\/v2\/product_brand?post=32881"},{"taxonomy":"product_cat","embeddable":true,"href":"https:\/\/www.myaquastore.com\/pt-br\/wp-json\/wp\/v2\/product_cat?post=32881"},{"taxonomy":"product_tag","embeddable":true,"href":"https:\/\/www.myaquastore.com\/pt-br\/wp-json\/wp\/v2\/product_tag?post=32881"}],"curies":[{"name":"wp","href":"https:\/\/api.w.org\/{rel}","templated":true}]}}