{"id":32912,"date":"2016-09-25T23:27:52","date_gmt":"2016-09-25T23:27:52","guid":{"rendered":"https:\/\/www.myaquastore.com\/product\/10w-rs-novo-aquario-uv-ight-rs113-para-tanque-de-peixes\/"},"modified":"2025-03-16T08:21:18","modified_gmt":"2025-03-16T08:21:18","slug":"10w-rs-novo-aquario-uv-ight-rs113-para-tanque-de-peixes","status":"publish","type":"product","link":"https:\/\/www.myaquastore.com\/pt-br\/produto\/10w-rs-novo-aquario-uv-ight-rs113-para-tanque-de-peixes\/","title":{"rendered":"10w RS novo aqu\u00e1rio UV ight RS113 para tanque de peixes"},"content":{"rendered":"<article class=\"article richtext richtext-detail AE:disable\" id=\"richTextContainer\">\n<div style=\"clear:both\">\n<p><span style=\"font-family: 'times new roman', times;font-size: 24px\"> 10w RS novo aqu\u00e1rio UV ight RS113 para aqu\u00e1rio <\/span><\/p>\n<ol>\n<li><span style=\"font-family: 'times new roman', times;font-size: 24px\">Adotando tubo de vidro de quartzo de alta qualidade separado da \u00e1gua para aumentar a efic\u00e1cia do tratamento UV e ter boa permea\u00e7\u00e3o de raios.<\/span><\/li>\n<li><span style=\"font-family: 'times new roman', times;font-size: 24px\">Adotando radia\u00e7\u00e3o ultravioleta UVC de alta qualidade, boa esteriliza\u00e7\u00e3o <\/span><\/li>\n<li><span style=\"font-family: 'times new roman', times;font-size: 24px\">embalagem:40 pe\u00e7as\/caixa<\/span><\/li>\n<li><span style=\"font-family: 'times new roman', times;font-size: 24px\"> longa vida \u00fatil.<\/span><\/li>\n<\/ol>\n<div style=\"clear:both\"><\/article>\n","protected":false},"excerpt":{"rendered":"<p>10w RS novo aqu\u00e1rio UV ight RS113 para tanque de peixes<\/p>\n","protected":false},"featured_media":2904,"comment_status":"open","ping_status":"closed","template":"","meta":[],"product_brand":[],"product_cat":[627],"product_tag":[],"class_list":{"0":"post-32912","1":"product","2":"type-product","3":"status-publish","4":"has-post-thumbnail","6":"product_cat-filtros-de-aquario","8":"first","9":"instock","10":"shipping-taxable","11":"purchasable","12":"product-type-simple"},"_links":{"self":[{"href":"https:\/\/www.myaquastore.com\/pt-br\/wp-json\/wp\/v2\/product\/32912","targetHints":{"allow":["GET"]}}],"collection":[{"href":"https:\/\/www.myaquastore.com\/pt-br\/wp-json\/wp\/v2\/product"}],"about":[{"href":"https:\/\/www.myaquastore.com\/pt-br\/wp-json\/wp\/v2\/types\/product"}],"replies":[{"embeddable":true,"href":"https:\/\/www.myaquastore.com\/pt-br\/wp-json\/wp\/v2\/comments?post=32912"}],"wp:featuredmedia":[{"embeddable":true,"href":"https:\/\/www.myaquastore.com\/pt-br\/wp-json\/wp\/v2\/media\/2904"}],"wp:attachment":[{"href":"https:\/\/www.myaquastore.com\/pt-br\/wp-json\/wp\/v2\/media?parent=32912"}],"wp:term":[{"taxonomy":"product_brand","embeddable":true,"href":"https:\/\/www.myaquastore.com\/pt-br\/wp-json\/wp\/v2\/product_brand?post=32912"},{"taxonomy":"product_cat","embeddable":true,"href":"https:\/\/www.myaquastore.com\/pt-br\/wp-json\/wp\/v2\/product_cat?post=32912"},{"taxonomy":"product_tag","embeddable":true,"href":"https:\/\/www.myaquastore.com\/pt-br\/wp-json\/wp\/v2\/product_tag?post=32912"}],"curies":[{"name":"wp","href":"https:\/\/api.w.org\/{rel}","templated":true}]}}