{"id":32915,"date":"2016-09-25T23:27:52","date_gmt":"2016-09-25T23:27:52","guid":{"rendered":"https:\/\/www.myaquastore.com\/product\/bomba-de-agua-super-submersivel-haibao-hb-d555\/"},"modified":"2025-03-16T08:21:19","modified_gmt":"2025-03-16T08:21:19","slug":"bomba-de-agua-super-submersivel-haibao-hb-d555","status":"publish","type":"product","link":"https:\/\/www.myaquastore.com\/pt-br\/produto\/bomba-de-agua-super-submersivel-haibao-hb-d555\/","title":{"rendered":"Bomba de \u00e1gua super submers\u00edvel HAIBAO HB-D555"},"content":{"rendered":"<article class=\"article richtext richtext-detail AE:disable\" id=\"richTextContainer\">\n<div style=\"clear:both\">\n<p><span style=\"font-family: 'times new roman', times;font-size: 24px\"> Bomba de \u00e1gua super submers\u00edvel HAIBAO HB-D555<\/span><br \/><span style=\"font-family: 'times new roman', times;font-size: 24px\">1.F\u00e1cil configura\u00e7\u00e3o e manuten\u00e7\u00e3o<\/span><br \/><span style=\"font-family: 'times new roman', times;font-size: 24px\">2.quite,safe<\/span><br \/><span style=\"font-family: 'times new roman', times;font-size: 24px\">3.Bombeamento no lado inferior<\/span><\/p>\n<p><span style=\"font-family: 'times new roman', times;font-size: 24px\">4.Par\u00e2metros(220V~240V 50Hz)<\/span><\/p>\n<p><span style=\"font-family: 'times new roman', times;font-size: 24px\">5. tamanho: 107*66*91mm<\/span><\/p>\n<p><span style=\"font-family: 'times new roman', times;font-size: 24px\">6.a embalagem \u00e9 de 18 pe\u00e7as\/caixa<\/span><\/p>\n<div style=\"clear:both\"><\/article>\n","protected":false},"excerpt":{"rendered":"<p>Bomba de \u00e1gua super submers\u00edvel HAIBAO HB-D555<\/p>\n","protected":false},"featured_media":2910,"comment_status":"open","ping_status":"closed","template":"","meta":[],"product_brand":[],"product_cat":[627],"product_tag":[],"class_list":{"0":"post-32915","1":"product","2":"type-product","3":"status-publish","4":"has-post-thumbnail","6":"product_cat-filtros-de-aquario","8":"first","9":"instock","10":"shipping-taxable","11":"purchasable","12":"product-type-simple"},"_links":{"self":[{"href":"https:\/\/www.myaquastore.com\/pt-br\/wp-json\/wp\/v2\/product\/32915","targetHints":{"allow":["GET"]}}],"collection":[{"href":"https:\/\/www.myaquastore.com\/pt-br\/wp-json\/wp\/v2\/product"}],"about":[{"href":"https:\/\/www.myaquastore.com\/pt-br\/wp-json\/wp\/v2\/types\/product"}],"replies":[{"embeddable":true,"href":"https:\/\/www.myaquastore.com\/pt-br\/wp-json\/wp\/v2\/comments?post=32915"}],"wp:featuredmedia":[{"embeddable":true,"href":"https:\/\/www.myaquastore.com\/pt-br\/wp-json\/wp\/v2\/media\/2910"}],"wp:attachment":[{"href":"https:\/\/www.myaquastore.com\/pt-br\/wp-json\/wp\/v2\/media?parent=32915"}],"wp:term":[{"taxonomy":"product_brand","embeddable":true,"href":"https:\/\/www.myaquastore.com\/pt-br\/wp-json\/wp\/v2\/product_brand?post=32915"},{"taxonomy":"product_cat","embeddable":true,"href":"https:\/\/www.myaquastore.com\/pt-br\/wp-json\/wp\/v2\/product_cat?post=32915"},{"taxonomy":"product_tag","embeddable":true,"href":"https:\/\/www.myaquastore.com\/pt-br\/wp-json\/wp\/v2\/product_tag?post=32915"}],"curies":[{"name":"wp","href":"https:\/\/api.w.org\/{rel}","templated":true}]}}