{"id":32939,"date":"2016-09-25T23:27:54","date_gmt":"2016-09-25T23:27:54","guid":{"rendered":"https:\/\/www.myaquastore.com\/product\/165-g-de-comida-natural-para-peixe-de-camarao-sera\/"},"modified":"2025-03-16T08:21:24","modified_gmt":"2025-03-16T08:21:24","slug":"165-g-de-comida-natural-para-peixe-de-camarao-sera","status":"publish","type":"product","link":"https:\/\/www.myaquastore.com\/pt-br\/produto\/165-g-de-comida-natural-para-peixe-de-camarao-sera\/","title":{"rendered":"165 g de comida natural para peixe de camar\u00e3o SERA"},"content":{"rendered":"<article class=\"article richtext richtext-detail AE:disable\" id=\"richTextContainer\">\n<div style=\"clear:both\">\n<p><span style=\"font-family: 'times new roman', times;font-size: 24px\"> 165g de SERA camar\u00e3o comida natural para peixes<\/span><br \/><span style=\"font-family: 'times new roman', times;font-size: 24px\">1. excelente qualidade<\/span><br \/><span style=\"font-family: 'times new roman', times;font-size: 24px\">2. pre\u00e7o razo\u00e1vel<\/span><br \/><span style=\"font-family: 'times new roman', times;font-size: 24px\">3. o volume \u00e9 165g\/250ml<\/span><\/p>\n<p><span style=\"font-family: 'times new roman', times;font-size: 24px\">4. granulado est\u00e1vel e afundante para crescimento \u00f3ptico de camar\u00f5es de \u00e1gua doce e marinha<\/span><\/p>\n<p><span style=\"font-family: 'times new roman', times\">5.a embalagem \u00e9 24 barris\/caixa <\/span><\/p>\n<div style=\"clear:both\"><\/article>\n","protected":false},"excerpt":{"rendered":"<p>165 g de comida natural para peixe de camar\u00e3o SERA<\/p>\n","protected":false},"featured_media":2958,"comment_status":"open","ping_status":"closed","template":"","meta":[],"product_brand":[],"product_cat":[627],"product_tag":[],"class_list":{"0":"post-32939","1":"product","2":"type-product","3":"status-publish","4":"has-post-thumbnail","6":"product_cat-filtros-de-aquario","8":"first","9":"instock","10":"shipping-taxable","11":"purchasable","12":"product-type-simple"},"_links":{"self":[{"href":"https:\/\/www.myaquastore.com\/pt-br\/wp-json\/wp\/v2\/product\/32939","targetHints":{"allow":["GET"]}}],"collection":[{"href":"https:\/\/www.myaquastore.com\/pt-br\/wp-json\/wp\/v2\/product"}],"about":[{"href":"https:\/\/www.myaquastore.com\/pt-br\/wp-json\/wp\/v2\/types\/product"}],"replies":[{"embeddable":true,"href":"https:\/\/www.myaquastore.com\/pt-br\/wp-json\/wp\/v2\/comments?post=32939"}],"wp:featuredmedia":[{"embeddable":true,"href":"https:\/\/www.myaquastore.com\/pt-br\/wp-json\/wp\/v2\/media\/2958"}],"wp:attachment":[{"href":"https:\/\/www.myaquastore.com\/pt-br\/wp-json\/wp\/v2\/media?parent=32939"}],"wp:term":[{"taxonomy":"product_brand","embeddable":true,"href":"https:\/\/www.myaquastore.com\/pt-br\/wp-json\/wp\/v2\/product_brand?post=32939"},{"taxonomy":"product_cat","embeddable":true,"href":"https:\/\/www.myaquastore.com\/pt-br\/wp-json\/wp\/v2\/product_cat?post=32939"},{"taxonomy":"product_tag","embeddable":true,"href":"https:\/\/www.myaquastore.com\/pt-br\/wp-json\/wp\/v2\/product_tag?post=32939"}],"curies":[{"name":"wp","href":"https:\/\/api.w.org\/{rel}","templated":true}]}}