{"id":32956,"date":"2016-09-25T23:27:54","date_gmt":"2016-09-25T23:27:54","guid":{"rendered":"https:\/\/www.myaquastore.com\/product\/2kg-de-comida-de-peixe-sera-color-spirulina-para-koi\/"},"modified":"2025-03-16T08:21:28","modified_gmt":"2025-03-16T08:21:28","slug":"2kg-de-comida-de-peixe-sera-color-spirulina-para-koi","status":"publish","type":"product","link":"https:\/\/www.myaquastore.com\/pt-br\/produto\/2kg-de-comida-de-peixe-sera-color-spirulina-para-koi\/","title":{"rendered":"2kg de comida de peixe SERA color spirulina para koi"},"content":{"rendered":"<article class=\"article richtext richtext-detail AE:disable\" id=\"richTextContainer\">\n<div style=\"clear:both\">\n<p><span style=\"font-family: 'times new roman', times;font-size: 24px\"> 2 kg de comida de peixe sera color spirulina para koi<\/span><br \/><span style=\"font-family: 'times new roman', times;font-size: 24px\">1. excelente qualidade<\/span><br \/><span style=\"font-family: 'times new roman', times;font-size: 24px\">2. pre\u00e7o razo\u00e1vel<\/span><br \/><span style=\"font-family: 'times new roman', times;font-size: 24px\">3. o peso \u00e9 2kg<\/span><\/p>\n<p><span style=\"font-family: 'times new roman', times;font-size: 24px\">4. alimento flutuante peletizado m\u00e9dio para koi vital m\u00e9dio e outros peixes de lago de tamanho m\u00e9dio<\/span><\/p>\n<p><span style=\"font-family: 'times new roman', times;font-size: 24px\">5. ingredientes valiosos em boas quantidades fazem com que esses peixes cres\u00e7am rapidamente e desenvolvam boa sa\u00fade e fertilidade <\/span><\/p>\n<p><span style=\"font-family: 'times new roman', times;font-size: 24px\">quantidade extra elevada de espirulina altamente diger\u00edvel causa um r\u00e1pido aprimoramento da cor<\/span><\/p>\n<div style=\"clear:both\"><\/article>\n","protected":false},"excerpt":{"rendered":"<p>2kg de comida de peixe SERA color spirulina para koi<\/p>\n","protected":false},"featured_media":2992,"comment_status":"open","ping_status":"closed","template":"","meta":[],"product_brand":[],"product_cat":[627],"product_tag":[],"class_list":{"0":"post-32956","1":"product","2":"type-product","3":"status-publish","4":"has-post-thumbnail","6":"product_cat-filtros-de-aquario","8":"first","9":"instock","10":"shipping-taxable","11":"purchasable","12":"product-type-simple"},"_links":{"self":[{"href":"https:\/\/www.myaquastore.com\/pt-br\/wp-json\/wp\/v2\/product\/32956","targetHints":{"allow":["GET"]}}],"collection":[{"href":"https:\/\/www.myaquastore.com\/pt-br\/wp-json\/wp\/v2\/product"}],"about":[{"href":"https:\/\/www.myaquastore.com\/pt-br\/wp-json\/wp\/v2\/types\/product"}],"replies":[{"embeddable":true,"href":"https:\/\/www.myaquastore.com\/pt-br\/wp-json\/wp\/v2\/comments?post=32956"}],"wp:featuredmedia":[{"embeddable":true,"href":"https:\/\/www.myaquastore.com\/pt-br\/wp-json\/wp\/v2\/media\/2992"}],"wp:attachment":[{"href":"https:\/\/www.myaquastore.com\/pt-br\/wp-json\/wp\/v2\/media?parent=32956"}],"wp:term":[{"taxonomy":"product_brand","embeddable":true,"href":"https:\/\/www.myaquastore.com\/pt-br\/wp-json\/wp\/v2\/product_brand?post=32956"},{"taxonomy":"product_cat","embeddable":true,"href":"https:\/\/www.myaquastore.com\/pt-br\/wp-json\/wp\/v2\/product_cat?post=32956"},{"taxonomy":"product_tag","embeddable":true,"href":"https:\/\/www.myaquastore.com\/pt-br\/wp-json\/wp\/v2\/product_tag?post=32956"}],"curies":[{"name":"wp","href":"https:\/\/api.w.org\/{rel}","templated":true}]}}