{"id":32969,"date":"2016-09-25T23:27:54","date_gmt":"2016-09-25T23:27:54","guid":{"rendered":"https:\/\/www.myaquastore.com\/product\/ventilador-de-resfriamento-de-aquario-fashional-para-aquario\/"},"modified":"2025-03-16T08:21:31","modified_gmt":"2025-03-16T08:21:31","slug":"ventilador-de-resfriamento-de-aquario-fashional-para-aquario","status":"publish","type":"product","link":"https:\/\/www.myaquastore.com\/pt-br\/produto\/ventilador-de-resfriamento-de-aquario-fashional-para-aquario\/","title":{"rendered":"ventilador de resfriamento de aqu\u00e1rio fashional para aqu\u00e1rio"},"content":{"rendered":"<article class=\"article richtext richtext-detail AE:disable\" id=\"richTextContainer\">\n<div style=\"clear:both\">\n<p><span style=\"font-family: 'times new roman', times;font-size: 24px\"> ventilador de resfriamento de aqu\u00e1rio fashional para aqu\u00e1rio<\/span><br \/><span style=\"font-family: 'times new roman', times;font-size: 24px\">1.tamanho:128X116X54mm<\/span><br \/><span style=\"font-family: 'times new roman', times;font-size: 24px\">2.power:3.3W<\/span><br \/>&lt;span style=&quot;font-family: &#039;times new roman&#039;, times; longo<\/span><\/p>\n<p><span style=\"font-family: 'times new roman', times;font-size: 24px\">4.ser ajust\u00e1vel para fornecer ar e pode ser girado para a esquerda ou direita em 180 graus no m\u00e1ximo e livremente para cima ou para baixo em 45 graus para obter uma dire\u00e7\u00e3o ideal para melhor efeito de resfriamento.<\/span><\/p>\n<p><span style=\"font-family: 'times new roman', times;font-size: 24px\">Fonte de alimenta\u00e7\u00e3o 5.DC12V<\/span><\/p>\n<div style=\"clear:both\"><\/article>\n","protected":false},"excerpt":{"rendered":"<p>ventilador de resfriamento de aqu\u00e1rio fashional para aqu\u00e1rio<\/p>\n","protected":false},"featured_media":3018,"comment_status":"open","ping_status":"closed","template":"","meta":[],"product_brand":[],"product_cat":[627],"product_tag":[],"class_list":{"0":"post-32969","1":"product","2":"type-product","3":"status-publish","4":"has-post-thumbnail","6":"product_cat-filtros-de-aquario","8":"first","9":"instock","10":"shipping-taxable","11":"purchasable","12":"product-type-simple"},"_links":{"self":[{"href":"https:\/\/www.myaquastore.com\/pt-br\/wp-json\/wp\/v2\/product\/32969","targetHints":{"allow":["GET"]}}],"collection":[{"href":"https:\/\/www.myaquastore.com\/pt-br\/wp-json\/wp\/v2\/product"}],"about":[{"href":"https:\/\/www.myaquastore.com\/pt-br\/wp-json\/wp\/v2\/types\/product"}],"replies":[{"embeddable":true,"href":"https:\/\/www.myaquastore.com\/pt-br\/wp-json\/wp\/v2\/comments?post=32969"}],"wp:featuredmedia":[{"embeddable":true,"href":"https:\/\/www.myaquastore.com\/pt-br\/wp-json\/wp\/v2\/media\/3018"}],"wp:attachment":[{"href":"https:\/\/www.myaquastore.com\/pt-br\/wp-json\/wp\/v2\/media?parent=32969"}],"wp:term":[{"taxonomy":"product_brand","embeddable":true,"href":"https:\/\/www.myaquastore.com\/pt-br\/wp-json\/wp\/v2\/product_brand?post=32969"},{"taxonomy":"product_cat","embeddable":true,"href":"https:\/\/www.myaquastore.com\/pt-br\/wp-json\/wp\/v2\/product_cat?post=32969"},{"taxonomy":"product_tag","embeddable":true,"href":"https:\/\/www.myaquastore.com\/pt-br\/wp-json\/wp\/v2\/product_tag?post=32969"}],"curies":[{"name":"wp","href":"https:\/\/api.w.org\/{rel}","templated":true}]}}