{"id":32971,"date":"2016-09-25T23:27:54","date_gmt":"2016-09-25T23:27:54","guid":{"rendered":"https:\/\/www.myaquastore.com\/product\/1-kg-de-racao-para-peixes-sera-espirulina-de-cor-dourada\/"},"modified":"2025-03-16T08:21:32","modified_gmt":"2025-03-16T08:21:32","slug":"1-kg-de-racao-para-peixes-sera-espirulina-de-cor-dourada","status":"publish","type":"product","link":"https:\/\/www.myaquastore.com\/pt-br\/produto\/1-kg-de-racao-para-peixes-sera-espirulina-de-cor-dourada\/","title":{"rendered":"1 kg de ra\u00e7\u00e3o para peixes SERA espirulina de cor dourada"},"content":{"rendered":"<article class=\"article richtext richtext-detail AE:disable\" id=\"richTextContainer\">\n<div style=\"clear:both\">\n<p><span style=\"font-family: 'times new roman', times;font-size: 24px\"> 1 kg de comida de peixe espirulina de cor dourada <\/span><\/p>\n<p><span style=\"font-family: 'times new roman', times;font-size: 24px\">1. excelente qualidade<\/span><br \/><span style=\"font-family: 'times new roman', times;font-size: 24px\">2. pre\u00e7o razo\u00e1vel<\/span><br \/><span style=\"font-family: 'times new roman', times;font-size: 24px\">3.volume \u00e9 1000g<\/span><\/p>\n<p><span style=\"font-family: 'times new roman', times;font-size: 24px\">4.cont\u00e9m alimentos nutritivos e f\u00e1ceis de digerir para todos os peixes de \u00e1gua fria anteriores e sofisticados.<\/span><\/p>\n<p><span style=\"font-family: 'times new roman', times;font-size: 24px\">5.a embalagem \u00e9 de 6 barris\/caixa <\/span><\/p>\n<\/p>\n<div style=\"clear:both\"><\/article>\n","protected":false},"excerpt":{"rendered":"<p>1 kg de ra\u00e7\u00e3o para peixes SERA espirulina de cor dourada<\/p>\n","protected":false},"featured_media":3022,"comment_status":"open","ping_status":"closed","template":"","meta":[],"product_brand":[],"product_cat":[627],"product_tag":[],"class_list":{"0":"post-32971","1":"product","2":"type-product","3":"status-publish","4":"has-post-thumbnail","6":"product_cat-filtros-de-aquario","8":"first","9":"instock","10":"shipping-taxable","11":"purchasable","12":"product-type-simple"},"_links":{"self":[{"href":"https:\/\/www.myaquastore.com\/pt-br\/wp-json\/wp\/v2\/product\/32971","targetHints":{"allow":["GET"]}}],"collection":[{"href":"https:\/\/www.myaquastore.com\/pt-br\/wp-json\/wp\/v2\/product"}],"about":[{"href":"https:\/\/www.myaquastore.com\/pt-br\/wp-json\/wp\/v2\/types\/product"}],"replies":[{"embeddable":true,"href":"https:\/\/www.myaquastore.com\/pt-br\/wp-json\/wp\/v2\/comments?post=32971"}],"wp:featuredmedia":[{"embeddable":true,"href":"https:\/\/www.myaquastore.com\/pt-br\/wp-json\/wp\/v2\/media\/3022"}],"wp:attachment":[{"href":"https:\/\/www.myaquastore.com\/pt-br\/wp-json\/wp\/v2\/media?parent=32971"}],"wp:term":[{"taxonomy":"product_brand","embeddable":true,"href":"https:\/\/www.myaquastore.com\/pt-br\/wp-json\/wp\/v2\/product_brand?post=32971"},{"taxonomy":"product_cat","embeddable":true,"href":"https:\/\/www.myaquastore.com\/pt-br\/wp-json\/wp\/v2\/product_cat?post=32971"},{"taxonomy":"product_tag","embeddable":true,"href":"https:\/\/www.myaquastore.com\/pt-br\/wp-json\/wp\/v2\/product_tag?post=32971"}],"curies":[{"name":"wp","href":"https:\/\/api.w.org\/{rel}","templated":true}]}}