{"id":32973,"date":"2016-09-25T23:27:54","date_gmt":"2016-09-25T23:27:54","guid":{"rendered":"https:\/\/www.myaquastore.com\/product\/1kg-2mm-sera-comida-de-peixe-de-aquario-sangue-papagaio-peixe\/"},"modified":"2025-03-16T08:21:32","modified_gmt":"2025-03-16T08:21:32","slug":"1kg-2mm-sera-comida-de-peixe-de-aquario-sangue-papagaio-peixe","status":"publish","type":"product","link":"https:\/\/www.myaquastore.com\/pt-br\/produto\/1kg-2mm-sera-comida-de-peixe-de-aquario-sangue-papagaio-peixe\/","title":{"rendered":"1kg 2mm sera comida de peixe de aqu\u00e1rio sangue papagaio peixe"},"content":{"rendered":"<article class=\"article richtext richtext-detail AE:disable\" id=\"richTextContainer\">\n<div style=\"clear:both\">\n<p><span style=\"font-family: 'times new roman', times;font-size: 24px\"> 1kg 2mm sera aqu\u00e1rio peixe comida sangue papagaio peixe <\/span><\/p>\n<p><span style=\"font-family: 'times new roman', times\">1. excelente qualidade<\/span><br \/><span style=\"font-family: 'times new roman', times;font-size: 24px\">2. pre\u00e7o razo\u00e1vel<\/span><br \/><span style=\"font-family: 'times new roman', times;font-size: 24px\">3. peso \u00e91000G<\/span><br \/><span style=\"font-family: 'times new roman', times;font-size: 24px\">4.gr\u00e2nulos flutuantes cont\u00eam ingredientes que causam colora\u00e7\u00e3o laranja-avermelhada r\u00e1pida e brilhante, mesmo em grandes peixes parroe vermelhos<\/span><\/p>\n<p><span style=\"font-family: 'times new roman', times;font-size: 24px\">5.packing \u00e9 6 unidades\/caixa<\/span><\/p>\n<\/p>\n<div style=\"clear:both\"><\/article>\n","protected":false},"excerpt":{"rendered":"<p>1kg 2mm sera comida de peixe de aqu\u00e1rio sangue papagaio peixe<\/p>\n","protected":false},"featured_media":3026,"comment_status":"open","ping_status":"closed","template":"","meta":[],"product_brand":[],"product_cat":[627],"product_tag":[],"class_list":{"0":"post-32973","1":"product","2":"type-product","3":"status-publish","4":"has-post-thumbnail","6":"product_cat-filtros-de-aquario","8":"first","9":"instock","10":"shipping-taxable","11":"purchasable","12":"product-type-simple"},"_links":{"self":[{"href":"https:\/\/www.myaquastore.com\/pt-br\/wp-json\/wp\/v2\/product\/32973","targetHints":{"allow":["GET"]}}],"collection":[{"href":"https:\/\/www.myaquastore.com\/pt-br\/wp-json\/wp\/v2\/product"}],"about":[{"href":"https:\/\/www.myaquastore.com\/pt-br\/wp-json\/wp\/v2\/types\/product"}],"replies":[{"embeddable":true,"href":"https:\/\/www.myaquastore.com\/pt-br\/wp-json\/wp\/v2\/comments?post=32973"}],"wp:featuredmedia":[{"embeddable":true,"href":"https:\/\/www.myaquastore.com\/pt-br\/wp-json\/wp\/v2\/media\/3026"}],"wp:attachment":[{"href":"https:\/\/www.myaquastore.com\/pt-br\/wp-json\/wp\/v2\/media?parent=32973"}],"wp:term":[{"taxonomy":"product_brand","embeddable":true,"href":"https:\/\/www.myaquastore.com\/pt-br\/wp-json\/wp\/v2\/product_brand?post=32973"},{"taxonomy":"product_cat","embeddable":true,"href":"https:\/\/www.myaquastore.com\/pt-br\/wp-json\/wp\/v2\/product_cat?post=32973"},{"taxonomy":"product_tag","embeddable":true,"href":"https:\/\/www.myaquastore.com\/pt-br\/wp-json\/wp\/v2\/product_tag?post=32973"}],"curies":[{"name":"wp","href":"https:\/\/api.w.org\/{rel}","templated":true}]}}