{"id":32974,"date":"2016-09-25T23:27:54","date_gmt":"2016-09-25T23:27:54","guid":{"rendered":"https:\/\/www.myaquastore.com\/product\/340g-sera-comida-para-peixe-aruana-basico-0282\/"},"modified":"2025-03-16T08:21:32","modified_gmt":"2025-03-16T08:21:32","slug":"340g-sera-comida-para-peixe-aruana-basico-0282","status":"publish","type":"product","link":"https:\/\/www.myaquastore.com\/pt-br\/produto\/340g-sera-comida-para-peixe-aruana-basico-0282\/","title":{"rendered":"340g SERA comida para peixe aruan\u00e3 b\u00e1sico 0282"},"content":{"rendered":"<article class=\"article richtext richtext-detail AE:disable\" id=\"richTextContainer\">\n<div style=\"clear:both\">\n<p><span style=\"font-family: 'times new roman', times;font-size: 24px\"> 340g SERA comida de peixe arowana basic 0282<\/span><br \/><span style=\"font-family: 'times new roman', times;font-size: 24px\">1 excelente qualidade<\/span><br \/><span style=\"font-family: 'times new roman', times;font-size: 24px\">2 pre\u00e7o razo\u00e1vel<\/span><br \/><span style=\"font-family: 'times new roman', times;font-size: 24px\">3. 340G, 6mm<\/span><br \/><span style=\"font-family: 'times new roman', times;font-size: 24px\">4.suit para aruan\u00e3s de tamanho m\u00e9dio, cicl\u00eddeos e outros peixes carn\u00edvoros anteriores<\/span><\/p>\n<p><span style=\"font-family: 'times new roman', times;font-size: 24px\">5.packing is 12 unidades\/caixa<\/span><\/p>\n<div style=\"clear:both\"><\/article>\n","protected":false},"excerpt":{"rendered":"<p>340g SERA comida para peixe aruan\u00e3 b\u00e1sico 0282<\/p>\n","protected":false},"featured_media":3028,"comment_status":"open","ping_status":"closed","template":"","meta":[],"product_brand":[],"product_cat":[627],"product_tag":[],"class_list":{"0":"post-32974","1":"product","2":"type-product","3":"status-publish","4":"has-post-thumbnail","6":"product_cat-filtros-de-aquario","8":"first","9":"instock","10":"shipping-taxable","11":"purchasable","12":"product-type-simple"},"_links":{"self":[{"href":"https:\/\/www.myaquastore.com\/pt-br\/wp-json\/wp\/v2\/product\/32974","targetHints":{"allow":["GET"]}}],"collection":[{"href":"https:\/\/www.myaquastore.com\/pt-br\/wp-json\/wp\/v2\/product"}],"about":[{"href":"https:\/\/www.myaquastore.com\/pt-br\/wp-json\/wp\/v2\/types\/product"}],"replies":[{"embeddable":true,"href":"https:\/\/www.myaquastore.com\/pt-br\/wp-json\/wp\/v2\/comments?post=32974"}],"wp:featuredmedia":[{"embeddable":true,"href":"https:\/\/www.myaquastore.com\/pt-br\/wp-json\/wp\/v2\/media\/3028"}],"wp:attachment":[{"href":"https:\/\/www.myaquastore.com\/pt-br\/wp-json\/wp\/v2\/media?parent=32974"}],"wp:term":[{"taxonomy":"product_brand","embeddable":true,"href":"https:\/\/www.myaquastore.com\/pt-br\/wp-json\/wp\/v2\/product_brand?post=32974"},{"taxonomy":"product_cat","embeddable":true,"href":"https:\/\/www.myaquastore.com\/pt-br\/wp-json\/wp\/v2\/product_cat?post=32974"},{"taxonomy":"product_tag","embeddable":true,"href":"https:\/\/www.myaquastore.com\/pt-br\/wp-json\/wp\/v2\/product_tag?post=32974"}],"curies":[{"name":"wp","href":"https:\/\/api.w.org\/{rel}","templated":true}]}}