{"id":33011,"date":"2016-09-25T23:27:55","date_gmt":"2016-09-25T23:27:55","guid":{"rendered":"https:\/\/www.myaquastore.com\/product\/aquecedor-de-tubo-de-vidro-periha-300w-he300\/"},"modified":"2025-03-16T08:21:41","modified_gmt":"2025-03-16T08:21:41","slug":"aquecedor-de-tubo-de-vidro-periha-300w-he300","status":"publish","type":"product","link":"https:\/\/www.myaquastore.com\/pt-br\/produto\/aquecedor-de-tubo-de-vidro-periha-300w-he300\/","title":{"rendered":"Aquecedor de tubo de vidro PERIHA 300W HE300"},"content":{"rendered":"<article class=\"article richtext richtext-detail AE:disable\" id=\"richTextContainer\">\n<h2 class=\"article-title\">Especifica\u00e7\u00f5es<\/h2>\n<div style=\"clear:both\"> Aquecedor de tubo de vidro PERIHA 300W HE300 <br \/>1 Vidro \u00e0 prova de explos\u00e3o <br \/>2 Isolamento duplo <br \/>3 Design compacto, alta resist\u00eancia <\/p>\n<div style=\"clear:both\">\n<p>Aquecedor de tubo de vidro PERIHA HE300 de 300W<\/p>\n<p>1 Vidro \u00e0 prova de explos\u00e3o<br \/>2 Isolamento duplo<br \/>3 Design compacto, alta resist\u00eancia<br \/>4 Precis\u00e3o de temperatura segura e confi\u00e1vel<br \/>5 Adequado para \u00e1gua doce e salgada<\/p>\n<p>6 Prote\u00e7\u00e3o externa, seguran\u00e7a aprimorada<\/p>\n<div style=\"clear:both\"><\/article>\n","protected":false},"excerpt":{"rendered":"<p>Aquecedor de tubo de vidro PERIHA 300W HE300<\/p>\n","protected":false},"featured_media":3102,"comment_status":"open","ping_status":"closed","template":"","meta":[],"product_brand":[],"product_cat":[627],"product_tag":[],"class_list":{"0":"post-33011","1":"product","2":"type-product","3":"status-publish","4":"has-post-thumbnail","6":"product_cat-filtros-de-aquario","8":"first","9":"instock","10":"shipping-taxable","11":"purchasable","12":"product-type-simple"},"_links":{"self":[{"href":"https:\/\/www.myaquastore.com\/pt-br\/wp-json\/wp\/v2\/product\/33011","targetHints":{"allow":["GET"]}}],"collection":[{"href":"https:\/\/www.myaquastore.com\/pt-br\/wp-json\/wp\/v2\/product"}],"about":[{"href":"https:\/\/www.myaquastore.com\/pt-br\/wp-json\/wp\/v2\/types\/product"}],"replies":[{"embeddable":true,"href":"https:\/\/www.myaquastore.com\/pt-br\/wp-json\/wp\/v2\/comments?post=33011"}],"wp:featuredmedia":[{"embeddable":true,"href":"https:\/\/www.myaquastore.com\/pt-br\/wp-json\/wp\/v2\/media\/3102"}],"wp:attachment":[{"href":"https:\/\/www.myaquastore.com\/pt-br\/wp-json\/wp\/v2\/media?parent=33011"}],"wp:term":[{"taxonomy":"product_brand","embeddable":true,"href":"https:\/\/www.myaquastore.com\/pt-br\/wp-json\/wp\/v2\/product_brand?post=33011"},{"taxonomy":"product_cat","embeddable":true,"href":"https:\/\/www.myaquastore.com\/pt-br\/wp-json\/wp\/v2\/product_cat?post=33011"},{"taxonomy":"product_tag","embeddable":true,"href":"https:\/\/www.myaquastore.com\/pt-br\/wp-json\/wp\/v2\/product_tag?post=33011"}],"curies":[{"name":"wp","href":"https:\/\/api.w.org\/{rel}","templated":true}]}}