{"id":33026,"date":"2016-09-25T23:27:55","date_gmt":"2016-09-25T23:27:55","guid":{"rendered":"https:\/\/www.myaquastore.com\/product\/aquecedor-de-aquario-anti-rachadura-hopar-j223-de-200-w-mais-vendido\/"},"modified":"2025-03-16T08:21:45","modified_gmt":"2025-03-16T08:21:45","slug":"aquecedor-de-aquario-anti-rachadura-hopar-j223-de-200-w-mais-vendido","status":"publish","type":"product","link":"https:\/\/www.myaquastore.com\/pt-br\/produto\/aquecedor-de-aquario-anti-rachadura-hopar-j223-de-200-w-mais-vendido\/","title":{"rendered":"Aquecedor de aqu\u00e1rio anti-rachadura hopar J223 de 200 W mais vendido"},"content":{"rendered":"<article class=\"article richtext richtext-detail AE:disable\" id=\"richTextContainer\">\n<div style=\"clear:both\">\n<p><span style=\"font-family: 'times new roman', times;font-size: 24px\"> best-seller 200W hopar Aquecedor de aqu\u00e1rio anti-crack J223 <\/span><\/p>\n<p><span style=\"font-family: 'times new roman', times;font-size: 24px\">1 configura\u00e7\u00e3o f\u00e1cil e precisa da temperatura desejada<\/span><br \/><span style=\"font-family: 'times new roman', times;font-size: 24px\">2 indicadores de temperatura de estilo s\u00e3o vis\u00edveis <\/span><\/p>\n<p>&lt;span style=&quot;font-family: &#039;times new roman&#039;, times; temperatura<\/span><\/p>\n<p><span style=\"font-family: 'times new roman', times;font-size: 24px\">4 elementos de aquecimento s\u00e3o altamente eficientes e compactos<\/span><\/p>\n<p><span style=\"font-family: 'times new roman', times;font-size: 24px\">5 projetados para uso prolongado e total seguran\u00e7a<\/span><\/p>\n<p><span style=\"font-family: 'times new roman', vezes\">6.a embalagem \u00e9 de 50 pe\u00e7as\/caixa <\/span><\/p>\n<div style=\"clear:both\"><\/article>\n","protected":false},"excerpt":{"rendered":"<p>Aquecedor de aqu\u00e1rio anti-rachadura hopar J223 de 200 W mais vendido<\/p>\n","protected":false},"featured_media":3132,"comment_status":"open","ping_status":"closed","template":"","meta":[],"product_brand":[],"product_cat":[627],"product_tag":[],"class_list":{"0":"post-33026","1":"product","2":"type-product","3":"status-publish","4":"has-post-thumbnail","6":"product_cat-filtros-de-aquario","8":"first","9":"instock","10":"shipping-taxable","11":"purchasable","12":"product-type-simple"},"_links":{"self":[{"href":"https:\/\/www.myaquastore.com\/pt-br\/wp-json\/wp\/v2\/product\/33026","targetHints":{"allow":["GET"]}}],"collection":[{"href":"https:\/\/www.myaquastore.com\/pt-br\/wp-json\/wp\/v2\/product"}],"about":[{"href":"https:\/\/www.myaquastore.com\/pt-br\/wp-json\/wp\/v2\/types\/product"}],"replies":[{"embeddable":true,"href":"https:\/\/www.myaquastore.com\/pt-br\/wp-json\/wp\/v2\/comments?post=33026"}],"wp:featuredmedia":[{"embeddable":true,"href":"https:\/\/www.myaquastore.com\/pt-br\/wp-json\/wp\/v2\/media\/3132"}],"wp:attachment":[{"href":"https:\/\/www.myaquastore.com\/pt-br\/wp-json\/wp\/v2\/media?parent=33026"}],"wp:term":[{"taxonomy":"product_brand","embeddable":true,"href":"https:\/\/www.myaquastore.com\/pt-br\/wp-json\/wp\/v2\/product_brand?post=33026"},{"taxonomy":"product_cat","embeddable":true,"href":"https:\/\/www.myaquastore.com\/pt-br\/wp-json\/wp\/v2\/product_cat?post=33026"},{"taxonomy":"product_tag","embeddable":true,"href":"https:\/\/www.myaquastore.com\/pt-br\/wp-json\/wp\/v2\/product_tag?post=33026"}],"curies":[{"name":"wp","href":"https:\/\/api.w.org\/{rel}","templated":true}]}}