{"id":33057,"date":"2016-09-25T23:27:57","date_gmt":"2016-09-25T23:27:57","guid":{"rendered":"https:\/\/www.myaquastore.com\/product\/125ml-aquario-amazonico-aruana-tesouro\/"},"modified":"2025-03-16T08:21:52","modified_gmt":"2025-03-16T08:21:52","slug":"125ml-aquario-amazonico-aruana-tesouro","status":"publish","type":"product","link":"https:\/\/www.myaquastore.com\/pt-br\/produto\/125ml-aquario-amazonico-aruana-tesouro\/","title":{"rendered":"125ml aqu\u00e1rio amaz\u00f4nico Aruan\u00e3 Tesouro"},"content":{"rendered":"<article class=\"article richtext richtext-detail AE:disable\" id=\"richTextContainer\">\n<div style=\"clear:both\">\n<div><span style=\"font-family: 'times new roman', times;font-size: 24px\"> Aqu\u00e1rio amaz\u00f4nico de 125ml Arowana Treasure<br \/>1. cont\u00e9m muitos tipos de vitamina, c\u00e1lcio, magn\u00e9sio e albumina, etc. mas tamb\u00e9m pode fazer com que os peixes cres\u00e7am mais. \u00e9 um bom produto para os peixes crescerem, cuidarem e protegerem. 10 gotas, se os peixes n\u00e3o puderem se conformar, reutilize<\/span><\/div>\n<div><span style=\"font-size: 24px;font-family: 'times new roman', times\">4.a embalagem \u00e9 120 unidades\/caixa<\/span><\/div>\n<\/div>\n<div style=\"clear:both\"><\/article>\n","protected":false},"excerpt":{"rendered":"<p>125ml aqu\u00e1rio amaz\u00f4nico Aruan\u00e3 Tesouro<\/p>\n","protected":false},"featured_media":3194,"comment_status":"open","ping_status":"closed","template":"","meta":[],"product_brand":[],"product_cat":[627],"product_tag":[],"class_list":{"0":"post-33057","1":"product","2":"type-product","3":"status-publish","4":"has-post-thumbnail","6":"product_cat-filtros-de-aquario","8":"first","9":"instock","10":"shipping-taxable","11":"purchasable","12":"product-type-simple"},"_links":{"self":[{"href":"https:\/\/www.myaquastore.com\/pt-br\/wp-json\/wp\/v2\/product\/33057","targetHints":{"allow":["GET"]}}],"collection":[{"href":"https:\/\/www.myaquastore.com\/pt-br\/wp-json\/wp\/v2\/product"}],"about":[{"href":"https:\/\/www.myaquastore.com\/pt-br\/wp-json\/wp\/v2\/types\/product"}],"replies":[{"embeddable":true,"href":"https:\/\/www.myaquastore.com\/pt-br\/wp-json\/wp\/v2\/comments?post=33057"}],"wp:featuredmedia":[{"embeddable":true,"href":"https:\/\/www.myaquastore.com\/pt-br\/wp-json\/wp\/v2\/media\/3194"}],"wp:attachment":[{"href":"https:\/\/www.myaquastore.com\/pt-br\/wp-json\/wp\/v2\/media?parent=33057"}],"wp:term":[{"taxonomy":"product_brand","embeddable":true,"href":"https:\/\/www.myaquastore.com\/pt-br\/wp-json\/wp\/v2\/product_brand?post=33057"},{"taxonomy":"product_cat","embeddable":true,"href":"https:\/\/www.myaquastore.com\/pt-br\/wp-json\/wp\/v2\/product_cat?post=33057"},{"taxonomy":"product_tag","embeddable":true,"href":"https:\/\/www.myaquastore.com\/pt-br\/wp-json\/wp\/v2\/product_tag?post=33057"}],"curies":[{"name":"wp","href":"https:\/\/api.w.org\/{rel}","templated":true}]}}