{"id":33061,"date":"2016-09-25T23:27:57","date_gmt":"2016-09-25T23:27:57","guid":{"rendered":"https:\/\/www.myaquastore.com\/product\/125ml-medicamento-para-aquario-amazonico-tratador-de-algas\/"},"modified":"2025-03-16T08:21:53","modified_gmt":"2025-03-16T08:21:53","slug":"125ml-medicamento-para-aquario-amazonico-tratador-de-algas","status":"publish","type":"product","link":"https:\/\/www.myaquastore.com\/pt-br\/produto\/125ml-medicamento-para-aquario-amazonico-tratador-de-algas\/","title":{"rendered":"125ml medicamento para aqu\u00e1rio amaz\u00f4nico tratador de algas"},"content":{"rendered":"<article class=\"article richtext richtext-detail AE:disable\" id=\"richTextContainer\">\n<div style=\"clear:both\">\n<p><span style=\"font-family: 'times new roman', times;font-size: 24px\"> 125ml de medicamento para aqu\u00e1rio da Amaz\u00f4nia Algae Treater <\/span><br \/><span style=\"font-family: 'times new roman', times;font-size: 24px\">1 O tratamento de algas secas cont\u00e9m cloraminas, ozon\u00eddeos e outro germicida, pode contra adesivo<\/span><\/p>\n<p><span style=\"font-family: 'times new roman', times;font-size: 24px\">2 Por favor, adicione 5ml por 100 litros de \u00e1gua a cada 3 dias.<\/span><\/p>\n<div><span style=\"font-size: 24px;font-family: 'times new roman', times\">3 Nota: Este tratador de algas \u00e9 usado apenas para animais aqu\u00e1ticos. Mantenha fora do alcance das crian\u00e7as.<\/span><\/div>\n<div><span style=\"font-size: 24px;font-family: 'times new roman', times\">4 embalagens equivalem a 120 garrafas\/caixa<\/span><\/div>\n<div style=\"clear:both\"><\/article>\n","protected":false},"excerpt":{"rendered":"<p>125ml medicamento para aqu\u00e1rio amaz\u00f4nico tratador de algas<\/p>\n","protected":false},"featured_media":3202,"comment_status":"open","ping_status":"closed","template":"","meta":[],"product_brand":[],"product_cat":[627],"product_tag":[],"class_list":{"0":"post-33061","1":"product","2":"type-product","3":"status-publish","4":"has-post-thumbnail","6":"product_cat-filtros-de-aquario","8":"first","9":"instock","10":"shipping-taxable","11":"purchasable","12":"product-type-simple"},"_links":{"self":[{"href":"https:\/\/www.myaquastore.com\/pt-br\/wp-json\/wp\/v2\/product\/33061","targetHints":{"allow":["GET"]}}],"collection":[{"href":"https:\/\/www.myaquastore.com\/pt-br\/wp-json\/wp\/v2\/product"}],"about":[{"href":"https:\/\/www.myaquastore.com\/pt-br\/wp-json\/wp\/v2\/types\/product"}],"replies":[{"embeddable":true,"href":"https:\/\/www.myaquastore.com\/pt-br\/wp-json\/wp\/v2\/comments?post=33061"}],"wp:featuredmedia":[{"embeddable":true,"href":"https:\/\/www.myaquastore.com\/pt-br\/wp-json\/wp\/v2\/media\/3202"}],"wp:attachment":[{"href":"https:\/\/www.myaquastore.com\/pt-br\/wp-json\/wp\/v2\/media?parent=33061"}],"wp:term":[{"taxonomy":"product_brand","embeddable":true,"href":"https:\/\/www.myaquastore.com\/pt-br\/wp-json\/wp\/v2\/product_brand?post=33061"},{"taxonomy":"product_cat","embeddable":true,"href":"https:\/\/www.myaquastore.com\/pt-br\/wp-json\/wp\/v2\/product_cat?post=33061"},{"taxonomy":"product_tag","embeddable":true,"href":"https:\/\/www.myaquastore.com\/pt-br\/wp-json\/wp\/v2\/product_tag?post=33061"}],"curies":[{"name":"wp","href":"https:\/\/api.w.org\/{rel}","templated":true}]}}