{"id":33062,"date":"2016-09-25T23:27:57","date_gmt":"2016-09-25T23:27:57","guid":{"rendered":"https:\/\/www.myaquastore.com\/product\/125ml-de-remedio-para-aquario-da-amazonia-para-matar-caracois\/"},"modified":"2025-03-16T08:21:53","modified_gmt":"2025-03-16T08:21:53","slug":"125ml-de-remedio-para-aquario-da-amazonia-para-matar-caracois","status":"publish","type":"product","link":"https:\/\/www.myaquastore.com\/pt-br\/produto\/125ml-de-remedio-para-aquario-da-amazonia-para-matar-caracois\/","title":{"rendered":"125ml de rem\u00e9dio para aqu\u00e1rio da Amaz\u00f4nia para matar carac\u00f3is"},"content":{"rendered":"<article class=\"article richtext richtext-detail AE:disable\" id=\"richTextContainer\">\n<div style=\"clear:both\">\n<p><span style=\"font-family: 'times new roman', times;font-size: 24px\"> 125ml de rem\u00e9dio para aqu\u00e1rio da Amaz\u00f4nia Matan\u00e7a de carac\u00f3is<\/span><br \/><span style=\"font-family: 'times new roman', times;font-size: 24px\">1.O agente matador de carac\u00f3is pode matar completamente os carac\u00f3is em aqu\u00e1rios e efetivamente inibir o crescimento desses seres vivos. Ele tamb\u00e9m pode atuar como um tratamento para novas ervas daninhas aqu\u00e1ticas para prevenir quando este agente \u00e9 usado de acordo com as instru\u00e7\u00f5es. usado estritamente de acordo com as instru\u00e7\u00f5es.adicione 10ml de agente matador de carac\u00f3is por 100L de \u00e1gua (o frasco ouve 20ml de l\u00edquido quando estiver cheio). o tratamento deve continuar por tr\u00eas dias.durante os quais o suprimento de ar deve ser aumentado e a alimenta\u00e7\u00e3o interrompida temporariamente.durante o tratamento.se os peixes estiverem com falta de ar.mostrando que o aqent est\u00e1 sendo usado em excesso.ent\u00e3o 50% da \u00e1gua dentro do aqu\u00e1rio deve ser substitu\u00edda imediatamente por \u00e1gua nova.para quarentena de novas ervas daninhas aqu\u00e1ticas.o deve ser duplo<\/span><\/p>\n<p><span style=\"font-family: 'times new roman', times;font-size: 24px\">3.a embalagem \u00e9 de 120 garrafas\/caixa <\/span><\/p>\n<div style=\"clear:both\"><\/article>\n","protected":false},"excerpt":{"rendered":"<p>125ml de rem\u00e9dio para aqu\u00e1rio da Amaz\u00f4nia para matar carac\u00f3is<\/p>\n","protected":false},"featured_media":3204,"comment_status":"open","ping_status":"closed","template":"","meta":[],"product_brand":[],"product_cat":[627],"product_tag":[],"class_list":{"0":"post-33062","1":"product","2":"type-product","3":"status-publish","4":"has-post-thumbnail","6":"product_cat-filtros-de-aquario","8":"first","9":"instock","10":"shipping-taxable","11":"purchasable","12":"product-type-simple"},"_links":{"self":[{"href":"https:\/\/www.myaquastore.com\/pt-br\/wp-json\/wp\/v2\/product\/33062","targetHints":{"allow":["GET"]}}],"collection":[{"href":"https:\/\/www.myaquastore.com\/pt-br\/wp-json\/wp\/v2\/product"}],"about":[{"href":"https:\/\/www.myaquastore.com\/pt-br\/wp-json\/wp\/v2\/types\/product"}],"replies":[{"embeddable":true,"href":"https:\/\/www.myaquastore.com\/pt-br\/wp-json\/wp\/v2\/comments?post=33062"}],"wp:featuredmedia":[{"embeddable":true,"href":"https:\/\/www.myaquastore.com\/pt-br\/wp-json\/wp\/v2\/media\/3204"}],"wp:attachment":[{"href":"https:\/\/www.myaquastore.com\/pt-br\/wp-json\/wp\/v2\/media?parent=33062"}],"wp:term":[{"taxonomy":"product_brand","embeddable":true,"href":"https:\/\/www.myaquastore.com\/pt-br\/wp-json\/wp\/v2\/product_brand?post=33062"},{"taxonomy":"product_cat","embeddable":true,"href":"https:\/\/www.myaquastore.com\/pt-br\/wp-json\/wp\/v2\/product_cat?post=33062"},{"taxonomy":"product_tag","embeddable":true,"href":"https:\/\/www.myaquastore.com\/pt-br\/wp-json\/wp\/v2\/product_tag?post=33062"}],"curies":[{"name":"wp","href":"https:\/\/api.w.org\/{rel}","templated":true}]}}