{"id":33067,"date":"2016-09-25T23:27:58","date_gmt":"2016-09-25T23:27:58","guid":{"rendered":"https:\/\/www.myaquastore.com\/product\/bola-de-fertilizante-i-501\/"},"modified":"2025-03-16T08:21:54","modified_gmt":"2025-03-16T08:21:54","slug":"bola-de-fertilizante-i-501","status":"publish","type":"product","link":"https:\/\/www.myaquastore.com\/pt-br\/produto\/bola-de-fertilizante-i-501\/","title":{"rendered":"bola de fertilizante I-501"},"content":{"rendered":"<article class=\"article richtext richtext-detail AE:disable\" id=\"richTextContainer\">\n<h2 class=\"article-title\">Especifica\u00e7\u00f5es<\/h2>\n<div style=\"clear:both\"> bola de fertilizante I-501 <br \/>1 Fornece a nutri\u00e7\u00e3o essencial que as plantas aqu\u00e1ticas precisam para prosperar. <br \/>2 Efeito duradouro at\u00e9 1 ano <br \/>3 Fosfato <\/p>\n<div style=\"clear:both\">\n<p>bola fertilizante I-501<\/p>\n<p>1 Fornece nutri\u00e7\u00e3o essencial que as plantas aqu\u00e1ticas precisam para prosperar.<br \/>2 Efeito duradouro at\u00e9 1 ano.<br \/>3 Livre de fosfato e nitrato.<br \/>4 N\u00e3o altera o valor de PH ou dureza da \u00e1gua.<\/p>\n<div style=\"clear:both\"><\/article>\n","protected":false},"excerpt":{"rendered":"<p>bola de fertilizante I-501<\/p>\n","protected":false},"featured_media":3214,"comment_status":"open","ping_status":"closed","template":"","meta":[],"product_brand":[],"product_cat":[627],"product_tag":[],"class_list":{"0":"post-33067","1":"product","2":"type-product","3":"status-publish","4":"has-post-thumbnail","6":"product_cat-filtros-de-aquario","8":"first","9":"instock","10":"shipping-taxable","11":"purchasable","12":"product-type-simple"},"_links":{"self":[{"href":"https:\/\/www.myaquastore.com\/pt-br\/wp-json\/wp\/v2\/product\/33067","targetHints":{"allow":["GET"]}}],"collection":[{"href":"https:\/\/www.myaquastore.com\/pt-br\/wp-json\/wp\/v2\/product"}],"about":[{"href":"https:\/\/www.myaquastore.com\/pt-br\/wp-json\/wp\/v2\/types\/product"}],"replies":[{"embeddable":true,"href":"https:\/\/www.myaquastore.com\/pt-br\/wp-json\/wp\/v2\/comments?post=33067"}],"wp:featuredmedia":[{"embeddable":true,"href":"https:\/\/www.myaquastore.com\/pt-br\/wp-json\/wp\/v2\/media\/3214"}],"wp:attachment":[{"href":"https:\/\/www.myaquastore.com\/pt-br\/wp-json\/wp\/v2\/media?parent=33067"}],"wp:term":[{"taxonomy":"product_brand","embeddable":true,"href":"https:\/\/www.myaquastore.com\/pt-br\/wp-json\/wp\/v2\/product_brand?post=33067"},{"taxonomy":"product_cat","embeddable":true,"href":"https:\/\/www.myaquastore.com\/pt-br\/wp-json\/wp\/v2\/product_cat?post=33067"},{"taxonomy":"product_tag","embeddable":true,"href":"https:\/\/www.myaquastore.com\/pt-br\/wp-json\/wp\/v2\/product_tag?post=33067"}],"curies":[{"name":"wp","href":"https:\/\/api.w.org\/{rel}","templated":true}]}}