{"id":33076,"date":"2016-09-25T23:27:58","date_gmt":"2016-09-25T23:27:58","guid":{"rendered":"https:\/\/www.myaquastore.com\/product\/contador-de-bolhas-de-co2-i-530\/"},"modified":"2025-03-16T08:21:56","modified_gmt":"2025-03-16T08:21:56","slug":"contador-de-bolhas-de-co2-i-530","status":"publish","type":"product","link":"https:\/\/www.myaquastore.com\/pt-br\/produto\/contador-de-bolhas-de-co2-i-530\/","title":{"rendered":"Contador de bolhas de CO2 I-530"},"content":{"rendered":"<article class=\"article richtext richtext-detail AE:disable\" id=\"richTextContainer\">\n<h2 class=\"article-title\">Especifica\u00e7\u00f5es<\/h2>\n<div style=\"clear:both\"> Contador de bolhas de CO2 I-530 <br \/>1 Contador de bolhas de CO2 <br \/>2 Feito de material dur\u00e1vel para evitar impactos e evitar deforma\u00e7\u00f5es <\/p>\n<div style=\"clear:both\">\n<p><span>Contador de bolhas de CO2 I-530<\/span><\/p>\n<p>1Feito de material dur\u00e1vel para evitar impactos e evitar deforma\u00e7\u00f5es<br \/>2A aglutina\u00e7\u00e3o ultrass\u00f4nica garante nenhum vazamento e resist\u00eancia a altas temperaturas.<br \/>3A c\u00e2mara acr\u00edlica fornece uma leitura visual clara da bolha de CO2. <\/p>\n<div style=\"clear:both\"><\/article>\n","protected":false},"excerpt":{"rendered":"<p>Contador de bolhas de CO2 I-530<\/p>\n","protected":false},"featured_media":3232,"comment_status":"open","ping_status":"closed","template":"","meta":[],"product_brand":[],"product_cat":[627],"product_tag":[],"class_list":{"0":"post-33076","1":"product","2":"type-product","3":"status-publish","4":"has-post-thumbnail","6":"product_cat-filtros-de-aquario","8":"first","9":"instock","10":"shipping-taxable","11":"purchasable","12":"product-type-simple"},"_links":{"self":[{"href":"https:\/\/www.myaquastore.com\/pt-br\/wp-json\/wp\/v2\/product\/33076","targetHints":{"allow":["GET"]}}],"collection":[{"href":"https:\/\/www.myaquastore.com\/pt-br\/wp-json\/wp\/v2\/product"}],"about":[{"href":"https:\/\/www.myaquastore.com\/pt-br\/wp-json\/wp\/v2\/types\/product"}],"replies":[{"embeddable":true,"href":"https:\/\/www.myaquastore.com\/pt-br\/wp-json\/wp\/v2\/comments?post=33076"}],"wp:featuredmedia":[{"embeddable":true,"href":"https:\/\/www.myaquastore.com\/pt-br\/wp-json\/wp\/v2\/media\/3232"}],"wp:attachment":[{"href":"https:\/\/www.myaquastore.com\/pt-br\/wp-json\/wp\/v2\/media?parent=33076"}],"wp:term":[{"taxonomy":"product_brand","embeddable":true,"href":"https:\/\/www.myaquastore.com\/pt-br\/wp-json\/wp\/v2\/product_brand?post=33076"},{"taxonomy":"product_cat","embeddable":true,"href":"https:\/\/www.myaquastore.com\/pt-br\/wp-json\/wp\/v2\/product_cat?post=33076"},{"taxonomy":"product_tag","embeddable":true,"href":"https:\/\/www.myaquastore.com\/pt-br\/wp-json\/wp\/v2\/product_tag?post=33076"}],"curies":[{"name":"wp","href":"https:\/\/api.w.org\/{rel}","templated":true}]}}