{"id":33090,"date":"2016-09-25T23:27:58","date_gmt":"2016-09-25T23:27:58","guid":{"rendered":"https:\/\/www.myaquastore.com\/product\/promocao-taiwan-ista-co2-cilindro-de-gas-co2-de-aluminio-i-591-para-aquario-de-plantas\/"},"modified":"2025-03-16T08:21:59","modified_gmt":"2025-03-16T08:21:59","slug":"promocao-taiwan-ista-co2-cilindro-de-gas-co2-de-aluminio-i-591-para-aquario-de-plantas","status":"publish","type":"product","link":"https:\/\/www.myaquastore.com\/pt-br\/produto\/promocao-taiwan-ista-co2-cilindro-de-gas-co2-de-aluminio-i-591-para-aquario-de-plantas\/","title":{"rendered":"Promo\u00e7\u00e3o taiwan ISTA CO2 Cilindro de g\u00e1s CO2 de alum\u00ednio I-591 para aqu\u00e1rio de plantas"},"content":{"rendered":"<article class=\"article richtext richtext-detail AE:disable\" id=\"richTextContainer\">\n<div style=\"clear:both\">\n<p><span style=\"font-family: 'times new roman', times;font-size: 24px\"> promo\u00e7\u00e3o taiwan ISTA CO2 Alum\u00ednio CO2 cilindro de g\u00e1s I-591 para aqu\u00e1rio de plantas<\/span><br \/><span style=\"font-family: 'times new roman', times;font-size: 24px\">1 O alum\u00ednio de qualidade adiciona profiss\u00e3o e eleg\u00e2ncia \u00e0 configura\u00e7\u00e3o do seu tanque.<\/span><\/p>\n<p><span style=\"font-family: 'times new roman', times;font-size: 24px\">2 V\u00e1rias op\u00e7\u00f5es de tamanho dispon\u00edveis, do tamanho do volume 0,38L a 3L.<\/span><\/p>\n<p><span style=\"font-family: 'times new roman', times;24px\"> I-591 238mm*54,0mm( 9oz \/ 0,38L)<\/span><br \/><span style=\"font-family: 'times new roman', times;font-size: 24px\">I-592 238mm*63,8mm(12oz \/ 0,50L)<\/span><br \/><span style=\"font-family: 'times new roman', tempos\">I-593 238mm*81,5mm(20oz \/ 0,82L)<\/span><br \/><span style=\"font-family: 'times new roman', times;font-size: 24px\">I-594 280mm*81,5mm(24oz \/ 1,00L)<\/span><br \/><span style=\"font-family: 'times new roman', times;font-size: 24px\">I-595 330mm*81mm (1.2L)<\/span><br \/><span style=\"font-family: 'times new roman', times\">I-596 252mm*115mm(1.6L)<\/span><br \/><span style=\"font-family: 'times new roman', times;font-size: 24px\">I-597 280mm*115mm(2.0L)<\/span><br \/><span style=\"font-family: 'times new roman', times\">I-604 405mm*115mm(3.0L)<\/span><\/p>\n<p><span style=\"font-family: 'times new roman', times;font-size: 24px\">3.feito em taiwan<\/span><\/p>\n<p><span style=\"font-family: 'times new roman', times\">4.excelente qualidade<\/span><\/p>\n<div style=\"clear:both\"><\/article>\n","protected":false},"excerpt":{"rendered":"<p>Promo\u00e7\u00e3o taiwan ISTA CO2 Cilindro de g\u00e1s CO2 de alum\u00ednio I-591 para aqu\u00e1rio de plantas<\/p>\n","protected":false},"featured_media":3257,"comment_status":"open","ping_status":"closed","template":"","meta":[],"product_brand":[],"product_cat":[627],"product_tag":[],"class_list":{"0":"post-33090","1":"product","2":"type-product","3":"status-publish","4":"has-post-thumbnail","6":"product_cat-filtros-de-aquario","8":"first","9":"instock","10":"shipping-taxable","11":"purchasable","12":"product-type-simple"},"_links":{"self":[{"href":"https:\/\/www.myaquastore.com\/pt-br\/wp-json\/wp\/v2\/product\/33090","targetHints":{"allow":["GET"]}}],"collection":[{"href":"https:\/\/www.myaquastore.com\/pt-br\/wp-json\/wp\/v2\/product"}],"about":[{"href":"https:\/\/www.myaquastore.com\/pt-br\/wp-json\/wp\/v2\/types\/product"}],"replies":[{"embeddable":true,"href":"https:\/\/www.myaquastore.com\/pt-br\/wp-json\/wp\/v2\/comments?post=33090"}],"wp:featuredmedia":[{"embeddable":true,"href":"https:\/\/www.myaquastore.com\/pt-br\/wp-json\/wp\/v2\/media\/3257"}],"wp:attachment":[{"href":"https:\/\/www.myaquastore.com\/pt-br\/wp-json\/wp\/v2\/media?parent=33090"}],"wp:term":[{"taxonomy":"product_brand","embeddable":true,"href":"https:\/\/www.myaquastore.com\/pt-br\/wp-json\/wp\/v2\/product_brand?post=33090"},{"taxonomy":"product_cat","embeddable":true,"href":"https:\/\/www.myaquastore.com\/pt-br\/wp-json\/wp\/v2\/product_cat?post=33090"},{"taxonomy":"product_tag","embeddable":true,"href":"https:\/\/www.myaquastore.com\/pt-br\/wp-json\/wp\/v2\/product_tag?post=33090"}],"curies":[{"name":"wp","href":"https:\/\/api.w.org\/{rel}","templated":true}]}}