{"id":33096,"date":"2016-09-25T23:27:58","date_gmt":"2016-09-25T23:27:58","guid":{"rendered":"https:\/\/www.myaquastore.com\/product\/conjunto-de-presente-difusor-ista-co2-i-518\/"},"modified":"2025-03-16T08:22:01","modified_gmt":"2025-03-16T08:22:01","slug":"conjunto-de-presente-difusor-ista-co2-i-518","status":"publish","type":"product","link":"https:\/\/www.myaquastore.com\/pt-br\/produto\/conjunto-de-presente-difusor-ista-co2-i-518\/","title":{"rendered":"Conjunto de presente difusor ISTA CO2 I-518"},"content":{"rendered":"<article class=\"article richtext richtext-detail AE:disable\" id=\"richTextContainer\">\n<h2 class=\"article-title\">Especifica\u00e7\u00f5es<\/h2>\n<div style=\"clear:both\"> Conjunto de presente difusor ISTA CO2 I-518 <br \/>1 Cont\u00e9m 95g de Co2 l\u00edquido pressurizado. Peso total garantido para a melhor compra <br \/>2 seguran\u00e7a <\/p>\n<div style=\"clear:both\">\n<p>Conjunto de presente difusor ISTA CO2 I-518<\/p>\n<p>1 Cont\u00e9m 95g de Co2 l\u00edquido pressurizado. Peso total garantido para a melhor compra em compara\u00e7\u00e3o com outros cartuchos similares existentes no mercado.<br \/>2 Com rigoroso controle de qualidade, qualidade e seguran\u00e7a garantidas.<br \/>3 Cartucho descart\u00e1vel, livre do problema de recarga de Co2.<br \/>4 Simples e f\u00e1cil na troca do cartucho.<\/p>\n<div style=\"clear:both\"><\/article>\n","protected":false},"excerpt":{"rendered":"<p>Conjunto de presente difusor ISTA CO2 I-518<\/p>\n","protected":false},"featured_media":3269,"comment_status":"open","ping_status":"closed","template":"","meta":[],"product_brand":[],"product_cat":[627],"product_tag":[],"class_list":{"0":"post-33096","1":"product","2":"type-product","3":"status-publish","4":"has-post-thumbnail","6":"product_cat-filtros-de-aquario","8":"first","9":"instock","10":"shipping-taxable","11":"purchasable","12":"product-type-simple"},"_links":{"self":[{"href":"https:\/\/www.myaquastore.com\/pt-br\/wp-json\/wp\/v2\/product\/33096","targetHints":{"allow":["GET"]}}],"collection":[{"href":"https:\/\/www.myaquastore.com\/pt-br\/wp-json\/wp\/v2\/product"}],"about":[{"href":"https:\/\/www.myaquastore.com\/pt-br\/wp-json\/wp\/v2\/types\/product"}],"replies":[{"embeddable":true,"href":"https:\/\/www.myaquastore.com\/pt-br\/wp-json\/wp\/v2\/comments?post=33096"}],"wp:featuredmedia":[{"embeddable":true,"href":"https:\/\/www.myaquastore.com\/pt-br\/wp-json\/wp\/v2\/media\/3269"}],"wp:attachment":[{"href":"https:\/\/www.myaquastore.com\/pt-br\/wp-json\/wp\/v2\/media?parent=33096"}],"wp:term":[{"taxonomy":"product_brand","embeddable":true,"href":"https:\/\/www.myaquastore.com\/pt-br\/wp-json\/wp\/v2\/product_brand?post=33096"},{"taxonomy":"product_cat","embeddable":true,"href":"https:\/\/www.myaquastore.com\/pt-br\/wp-json\/wp\/v2\/product_cat?post=33096"},{"taxonomy":"product_tag","embeddable":true,"href":"https:\/\/www.myaquastore.com\/pt-br\/wp-json\/wp\/v2\/product_tag?post=33096"}],"curies":[{"name":"wp","href":"https:\/\/api.w.org\/{rel}","templated":true}]}}