{"id":33101,"date":"2016-09-25T23:27:58","date_gmt":"2016-09-25T23:27:58","guid":{"rendered":"https:\/\/www.myaquastore.com\/product\/conjunto-de-presente-difusor-ista-co2-i-513\/"},"modified":"2025-03-16T08:22:02","modified_gmt":"2025-03-16T08:22:02","slug":"conjunto-de-presente-difusor-ista-co2-i-513","status":"publish","type":"product","link":"https:\/\/www.myaquastore.com\/pt-br\/produto\/conjunto-de-presente-difusor-ista-co2-i-513\/","title":{"rendered":"Conjunto de presente difusor ISTA CO2 I-513"},"content":{"rendered":"<article class=\"article richtext richtext-detail AE:disable\" id=\"richTextContainer\">\n<h2 class=\"article-title\">Especifica\u00e7\u00f5es<\/h2>\n<div style=\"clear:both\"> Conjunto de presente difusor de CO2 ISTA I-513 <br \/>1 Conveniente de usar, f\u00e1cil de instalar e livre do problema de enchimento de CO2. <\/p>\n<div style=\"clear:both\">\n<p>Conjunto de presente difusor de CO2 ISTA I-513<\/p>\n<ul>\n<li>Conjunto completo de fornecimento de CO2 que garante fornecimento de CO2 f\u00e1cil e confi\u00e1vel.<span> <\/span><\/li>\n<li>Cartucho de CO2 descart\u00e1vel inclu\u00eddo, livre do problema de recarga de CO2.<\/li>\n<li>Regulador de press\u00e3o de CO2 inclu\u00eddo, fornece ajuste preciso da taxa de fornecimento de CO2.<\/li>\n<li>3 em 1 Difusor de CO2 inclu\u00eddo, melhor taxa de difus\u00e3o de CO2 prometida.<\/li>\n<li>Rack de suporte inclu\u00eddo, fornece instala\u00e7\u00e3o f\u00e1cil e conveniente.<\/li>\n<\/ul>\n<div style=\"clear:both\"><\/article>\n","protected":false},"excerpt":{"rendered":"<p>Conjunto de presente difusor ISTA CO2 I-513<\/p>\n","protected":false},"featured_media":3276,"comment_status":"open","ping_status":"closed","template":"","meta":[],"product_brand":[],"product_cat":[627],"product_tag":[],"class_list":{"0":"post-33101","1":"product","2":"type-product","3":"status-publish","4":"has-post-thumbnail","6":"product_cat-filtros-de-aquario","8":"first","9":"instock","10":"shipping-taxable","11":"purchasable","12":"product-type-simple"},"_links":{"self":[{"href":"https:\/\/www.myaquastore.com\/pt-br\/wp-json\/wp\/v2\/product\/33101","targetHints":{"allow":["GET"]}}],"collection":[{"href":"https:\/\/www.myaquastore.com\/pt-br\/wp-json\/wp\/v2\/product"}],"about":[{"href":"https:\/\/www.myaquastore.com\/pt-br\/wp-json\/wp\/v2\/types\/product"}],"replies":[{"embeddable":true,"href":"https:\/\/www.myaquastore.com\/pt-br\/wp-json\/wp\/v2\/comments?post=33101"}],"wp:featuredmedia":[{"embeddable":true,"href":"https:\/\/www.myaquastore.com\/pt-br\/wp-json\/wp\/v2\/media\/3276"}],"wp:attachment":[{"href":"https:\/\/www.myaquastore.com\/pt-br\/wp-json\/wp\/v2\/media?parent=33101"}],"wp:term":[{"taxonomy":"product_brand","embeddable":true,"href":"https:\/\/www.myaquastore.com\/pt-br\/wp-json\/wp\/v2\/product_brand?post=33101"},{"taxonomy":"product_cat","embeddable":true,"href":"https:\/\/www.myaquastore.com\/pt-br\/wp-json\/wp\/v2\/product_cat?post=33101"},{"taxonomy":"product_tag","embeddable":true,"href":"https:\/\/www.myaquastore.com\/pt-br\/wp-json\/wp\/v2\/product_tag?post=33101"}],"curies":[{"name":"wp","href":"https:\/\/api.w.org\/{rel}","templated":true}]}}