{"id":33427,"date":"2016-09-25T23:27:58","date_gmt":"2016-09-25T23:27:58","guid":{"rendered":"https:\/\/www.myaquastore.com\/product\/unidade-de-resfriamento-de-aquario-boyu-1-8hp-l-075\/"},"modified":"2025-03-16T08:28:05","modified_gmt":"2025-03-16T08:28:05","slug":"unidade-de-resfriamento-de-aquario-boyu-1-8hp-l-075","status":"publish","type":"product","link":"https:\/\/www.myaquastore.com\/pt-br\/produto\/unidade-de-resfriamento-de-aquario-boyu-1-8hp-l-075\/","title":{"rendered":"Unidade de resfriamento de aqu\u00e1rio BOYU 1\/8HP L-075"},"content":{"rendered":"<article class=\"article richtext richtext-detail AE:disable\" id=\"richTextContainer\">\n<div style=\"clear:both\">\n<p><span style=\"color: #666666;font-family: 'times new roman', times;font-size: 24px\"> unidade de resfriamento de aqu\u00e1rio BOYU 1\/8HP L-075 <\/span><\/p>\n<p><span style=\"color: #666666;font-family: 'times new roman', times;font-size: 24px\">1.A super-refrigera\u00e7\u00e3o pode diminuir a temperatura da \u00e1gua de 35\u00b0C para 18\u00b0C \u200b\u200brapidamente. #666666; fam\u00edlia de fontes: &#8216;times new roman&#8217;, times; tamanho da fonte: 24px;&#8221;&gt;4. O volume de \u00e1gua para resfriamento \u00e9 de 80-400L<\/span><\/p>\n<p><span style=\"color: #666666;font-family: 'times new roman', times;font-size: 24px\">5. o fluxo de \u00e1gua \u00e9 600-2000L\/H<\/span><\/p>\n<div style=\"clear:both\"><\/article>\n","protected":false},"excerpt":{"rendered":"<p>Unidade de resfriamento de aqu\u00e1rio BOYU 1\/8HP L-075<\/p>\n","protected":false},"featured_media":3315,"comment_status":"open","ping_status":"closed","template":"","meta":[],"product_brand":[],"product_cat":[627],"product_tag":[],"class_list":{"0":"post-33427","1":"product","2":"type-product","3":"status-publish","4":"has-post-thumbnail","6":"product_cat-filtros-de-aquario","8":"first","9":"instock","10":"shipping-taxable","11":"purchasable","12":"product-type-simple"},"_links":{"self":[{"href":"https:\/\/www.myaquastore.com\/pt-br\/wp-json\/wp\/v2\/product\/33427","targetHints":{"allow":["GET"]}}],"collection":[{"href":"https:\/\/www.myaquastore.com\/pt-br\/wp-json\/wp\/v2\/product"}],"about":[{"href":"https:\/\/www.myaquastore.com\/pt-br\/wp-json\/wp\/v2\/types\/product"}],"replies":[{"embeddable":true,"href":"https:\/\/www.myaquastore.com\/pt-br\/wp-json\/wp\/v2\/comments?post=33427"}],"wp:featuredmedia":[{"embeddable":true,"href":"https:\/\/www.myaquastore.com\/pt-br\/wp-json\/wp\/v2\/media\/3315"}],"wp:attachment":[{"href":"https:\/\/www.myaquastore.com\/pt-br\/wp-json\/wp\/v2\/media?parent=33427"}],"wp:term":[{"taxonomy":"product_brand","embeddable":true,"href":"https:\/\/www.myaquastore.com\/pt-br\/wp-json\/wp\/v2\/product_brand?post=33427"},{"taxonomy":"product_cat","embeddable":true,"href":"https:\/\/www.myaquastore.com\/pt-br\/wp-json\/wp\/v2\/product_cat?post=33427"},{"taxonomy":"product_tag","embeddable":true,"href":"https:\/\/www.myaquastore.com\/pt-br\/wp-json\/wp\/v2\/product_tag?post=33427"}],"curies":[{"name":"wp","href":"https:\/\/api.w.org\/{rel}","templated":true}]}}