{"id":33439,"date":"2016-09-25T23:27:58","date_gmt":"2016-09-25T23:27:58","guid":{"rendered":"https:\/\/www.myaquastore.com\/product\/resun-poderoso-compressor-de-ar-portatil-aco-001\/"},"modified":"2025-03-16T08:28:07","modified_gmt":"2025-03-16T08:28:07","slug":"resun-poderoso-compressor-de-ar-portatil-aco-001","status":"publish","type":"product","link":"https:\/\/www.myaquastore.com\/pt-br\/produto\/resun-poderoso-compressor-de-ar-portatil-aco-001\/","title":{"rendered":"RESUN poderoso compressor de ar port\u00e1til ACO-001"},"content":{"rendered":"<article class=\"article richtext richtext-detail AE:disable\" id=\"richTextContainer\">\n<h2 class=\"article-title\">Especifica\u00e7\u00f5es<\/h2>\n<div style=\"clear:both\"> RESUN poderoso compressor de ar port\u00e1til ACO-001 <br \/>1Conveniente para operar e sem necessidade de \u00f3leo lubrificante <br \/>2mais ar <\/p>\n<div style=\"clear:both\">\n<p align=\"left\"> RESUN poderoso compressor de ar port\u00e1til ACO-001<\/p>\n<p>a. Conveniente para operar e sem necessidade de \u00f3leo lubrificante.<\/p>\n<p>b. Cilindro e pist\u00e3o fortes e dur\u00e1veis \u200b\u200bresultam em alta press\u00e3o e economia de energia<\/p>\n<p>c. Divisores de ar inclu\u00eddos<\/p>\n<p>d. Amplamente utilizado em pisciculturas, restaurantes de frutos do mar e aqu\u00e1rios para fins de oxigena\u00e7\u00e3o<\/p>\n<p>e.tens\u00e3o: 220V\/50Hz<\/p>\n<\/p>\n<\/p>\n<div style=\"clear:both\"><\/article>\n","protected":false},"excerpt":{"rendered":"<p>RESUN poderoso compressor de ar port\u00e1til ACO-001<\/p>\n","protected":false},"featured_media":3339,"comment_status":"open","ping_status":"closed","template":"","meta":[],"product_brand":[],"product_cat":[627],"product_tag":[],"class_list":{"0":"post-33439","1":"product","2":"type-product","3":"status-publish","4":"has-post-thumbnail","6":"product_cat-filtros-de-aquario","8":"first","9":"instock","10":"shipping-taxable","11":"purchasable","12":"product-type-simple"},"_links":{"self":[{"href":"https:\/\/www.myaquastore.com\/pt-br\/wp-json\/wp\/v2\/product\/33439","targetHints":{"allow":["GET"]}}],"collection":[{"href":"https:\/\/www.myaquastore.com\/pt-br\/wp-json\/wp\/v2\/product"}],"about":[{"href":"https:\/\/www.myaquastore.com\/pt-br\/wp-json\/wp\/v2\/types\/product"}],"replies":[{"embeddable":true,"href":"https:\/\/www.myaquastore.com\/pt-br\/wp-json\/wp\/v2\/comments?post=33439"}],"wp:featuredmedia":[{"embeddable":true,"href":"https:\/\/www.myaquastore.com\/pt-br\/wp-json\/wp\/v2\/media\/3339"}],"wp:attachment":[{"href":"https:\/\/www.myaquastore.com\/pt-br\/wp-json\/wp\/v2\/media?parent=33439"}],"wp:term":[{"taxonomy":"product_brand","embeddable":true,"href":"https:\/\/www.myaquastore.com\/pt-br\/wp-json\/wp\/v2\/product_brand?post=33439"},{"taxonomy":"product_cat","embeddable":true,"href":"https:\/\/www.myaquastore.com\/pt-br\/wp-json\/wp\/v2\/product_cat?post=33439"},{"taxonomy":"product_tag","embeddable":true,"href":"https:\/\/www.myaquastore.com\/pt-br\/wp-json\/wp\/v2\/product_tag?post=33439"}],"curies":[{"name":"wp","href":"https:\/\/api.w.org\/{rel}","templated":true}]}}