{"id":33440,"date":"2016-09-25T23:27:58","date_gmt":"2016-09-25T23:27:58","guid":{"rendered":"https:\/\/www.myaquastore.com\/product\/boyu-uv-bomba-de-filtro-de-agua-para-aquario-sp101a\/"},"modified":"2025-03-16T08:28:08","modified_gmt":"2025-03-16T08:28:08","slug":"boyu-uv-bomba-de-filtro-de-agua-para-aquario-sp101a","status":"publish","type":"product","link":"https:\/\/www.myaquastore.com\/pt-br\/produto\/boyu-uv-bomba-de-filtro-de-agua-para-aquario-sp101a\/","title":{"rendered":"BOYU UV bomba de filtro de \u00e1gua para aqu\u00e1rio SP101A"},"content":{"rendered":"<article class=\"article richtext richtext-detail AE:disable\" id=\"richTextContainer\">\n<h2 class=\"article-title\">Especifica\u00e7\u00f5es<\/h2>\n<div style=\"clear:both\"> BOYU UV bomba de filtro de \u00e1gua para aqu\u00e1rio SP101A <br \/>1 bombeamento, filtragem <br \/>2 Fornece oxig\u00eanio suficiente e faz com que os peixes cres\u00e7am mais saud\u00e1veis \u200b\u200b<\/p>\n<div style=\"clear:both\">\n<p>BOYU UV bomba de filtro de \u00e1gua de aqu\u00e1rio SP101A<\/p>\n<p>1. Nitificador bioqu\u00edmico de algod\u00e3o para melhorar a qualidade da \u00e1gua.<\/p>\n<p>2. Axie de porcelana de alumina antifric\u00e7\u00e3o; sem ferrugem, adequado para \u00e1gua salgada e doce.<\/p>\n<p>3. M\u00e1quina s\u00edncrona magn\u00e9tica permanente; consumo eficiente de energia.<\/p>\n<p>4. Corrente interna excessiva e prote\u00e7\u00e3o contra superaquecimento.<\/p>\n<p>5. Corpo revestido de pl\u00e1stico ABS, constru\u00e7\u00e3o dur\u00e1vel, n\u00e3o corrosiva.<\/p>\n<p>6. M\u00faltiplas aplica\u00e7\u00f5es capazes de bombear e filtrar \u00e1gua, pulverizar oxig\u00eanio.<\/p>\n<div style=\"clear:both\"><\/article>\n","protected":false},"excerpt":{"rendered":"<p>BOYU UV bomba de filtro de \u00e1gua para aqu\u00e1rio SP101A<\/p>\n","protected":false},"featured_media":3341,"comment_status":"open","ping_status":"closed","template":"","meta":[],"product_brand":[],"product_cat":[627],"product_tag":[],"class_list":{"0":"post-33440","1":"product","2":"type-product","3":"status-publish","4":"has-post-thumbnail","6":"product_cat-filtros-de-aquario","8":"first","9":"instock","10":"shipping-taxable","11":"purchasable","12":"product-type-simple"},"_links":{"self":[{"href":"https:\/\/www.myaquastore.com\/pt-br\/wp-json\/wp\/v2\/product\/33440","targetHints":{"allow":["GET"]}}],"collection":[{"href":"https:\/\/www.myaquastore.com\/pt-br\/wp-json\/wp\/v2\/product"}],"about":[{"href":"https:\/\/www.myaquastore.com\/pt-br\/wp-json\/wp\/v2\/types\/product"}],"replies":[{"embeddable":true,"href":"https:\/\/www.myaquastore.com\/pt-br\/wp-json\/wp\/v2\/comments?post=33440"}],"wp:featuredmedia":[{"embeddable":true,"href":"https:\/\/www.myaquastore.com\/pt-br\/wp-json\/wp\/v2\/media\/3341"}],"wp:attachment":[{"href":"https:\/\/www.myaquastore.com\/pt-br\/wp-json\/wp\/v2\/media?parent=33440"}],"wp:term":[{"taxonomy":"product_brand","embeddable":true,"href":"https:\/\/www.myaquastore.com\/pt-br\/wp-json\/wp\/v2\/product_brand?post=33440"},{"taxonomy":"product_cat","embeddable":true,"href":"https:\/\/www.myaquastore.com\/pt-br\/wp-json\/wp\/v2\/product_cat?post=33440"},{"taxonomy":"product_tag","embeddable":true,"href":"https:\/\/www.myaquastore.com\/pt-br\/wp-json\/wp\/v2\/product_tag?post=33440"}],"curies":[{"name":"wp","href":"https:\/\/api.w.org\/{rel}","templated":true}]}}