{"id":33497,"date":"2016-09-25T23:28:00","date_gmt":"2016-09-25T23:28:00","guid":{"rendered":"https:\/\/www.myaquastore.com\/product\/filtro-canister-externo-automatico-de-50w\/"},"modified":"2025-03-16T08:28:19","modified_gmt":"2025-03-16T08:28:19","slug":"filtro-canister-externo-automatico-de-50w","status":"publish","type":"product","link":"https:\/\/www.myaquastore.com\/pt-br\/produto\/filtro-canister-externo-automatico-de-50w\/","title":{"rendered":"Filtro canister externo autom\u00e1tico de 50W"},"content":{"rendered":"<article class=\"article richtext richtext-detail AE:disable\" id=\"richTextContainer\">\n<h2 class=\"article-title\">Especifica\u00e7\u00f5es<\/h2>\n<div style=\"clear:both\"> Filtro de caixa externo autom\u00e1tico de 50W <br \/>1. filtro de caixa externo autom\u00e1tico <br \/>2.sistemas de filtragem f\u00edsica e biol\u00f3gica de tr\u00eas camadas <\/p>\n<div style=\"clear:both\">\n<p>Externo autom\u00e1tico de 50W filtro canister<br \/>1.filtro canister externo autom\u00e1tico<br \/>2.sistemas de filtragem f\u00edsica e biol\u00f3gica de tr\u00eas camadas<\/p>\n<p>3. DUAS pe\u00e7as por caixa<\/p>\n<p>4.data de entrega:7 a 15 dias<\/p>\n<div style=\"clear:both\"><\/article>\n","protected":false},"excerpt":{"rendered":"<p>Filtro canister externo autom\u00e1tico de 50W<\/p>\n","protected":false},"featured_media":3448,"comment_status":"open","ping_status":"closed","template":"","meta":[],"product_brand":[],"product_cat":[627],"product_tag":[],"class_list":{"0":"post-33497","1":"product","2":"type-product","3":"status-publish","4":"has-post-thumbnail","6":"product_cat-filtros-de-aquario","8":"first","9":"instock","10":"shipping-taxable","11":"purchasable","12":"product-type-simple"},"_links":{"self":[{"href":"https:\/\/www.myaquastore.com\/pt-br\/wp-json\/wp\/v2\/product\/33497","targetHints":{"allow":["GET"]}}],"collection":[{"href":"https:\/\/www.myaquastore.com\/pt-br\/wp-json\/wp\/v2\/product"}],"about":[{"href":"https:\/\/www.myaquastore.com\/pt-br\/wp-json\/wp\/v2\/types\/product"}],"replies":[{"embeddable":true,"href":"https:\/\/www.myaquastore.com\/pt-br\/wp-json\/wp\/v2\/comments?post=33497"}],"wp:featuredmedia":[{"embeddable":true,"href":"https:\/\/www.myaquastore.com\/pt-br\/wp-json\/wp\/v2\/media\/3448"}],"wp:attachment":[{"href":"https:\/\/www.myaquastore.com\/pt-br\/wp-json\/wp\/v2\/media?parent=33497"}],"wp:term":[{"taxonomy":"product_brand","embeddable":true,"href":"https:\/\/www.myaquastore.com\/pt-br\/wp-json\/wp\/v2\/product_brand?post=33497"},{"taxonomy":"product_cat","embeddable":true,"href":"https:\/\/www.myaquastore.com\/pt-br\/wp-json\/wp\/v2\/product_cat?post=33497"},{"taxonomy":"product_tag","embeddable":true,"href":"https:\/\/www.myaquastore.com\/pt-br\/wp-json\/wp\/v2\/product_tag?post=33497"}],"curies":[{"name":"wp","href":"https:\/\/api.w.org\/{rel}","templated":true}]}}