{"id":33504,"date":"2016-09-25T23:28:00","date_gmt":"2016-09-25T23:28:00","guid":{"rendered":"https:\/\/www.myaquastore.com\/product\/filtro-interno-de-aquario-eletrico-30w-rs-rs-3310e\/"},"modified":"2025-03-16T08:28:20","modified_gmt":"2025-03-16T08:28:20","slug":"filtro-interno-de-aquario-eletrico-30w-rs-rs-3310e","status":"publish","type":"product","link":"https:\/\/www.myaquastore.com\/pt-br\/produto\/filtro-interno-de-aquario-eletrico-30w-rs-rs-3310e\/","title":{"rendered":"Filtro interno de aqu\u00e1rio el\u00e9trico 30w rs RS-3310E"},"content":{"rendered":"<article class=\"article richtext richtext-detail AE:disable\" id=\"richTextContainer\">\n<div style=\"clear:both\">\n<p><span style=\"font-family: 'times new roman', times;font-size: 24px\"> filtro interno de aqu\u00e1rio el\u00e9trico 30w rs RS-3310E <\/span><\/p>\n<p><span style=\"font-family: 'times new roman', times;font-size: 24px\">1 material de filtro tem fun\u00e7\u00e3o de percora\u00e7\u00e3o<\/span><br \/><span style=\"font-family: 'times new roman', times;font-size: 24px\">2 excelente combina\u00e7\u00e3o de motor e bomba<\/span><br \/><span style=\"font-family: 'times new roman', times;font-size: 24px\">3 instala\u00e7\u00e3o flex\u00edvel e f\u00e1cil de ser mantida<\/span><br \/><span style=\"font-family: 'times new roman', times;font-size: 24px\">4 cabem em todos os tanques e aqu\u00e1rios de zoologia, etc. 24px;&#8221;&gt;6 super desempenho<\/span><\/p>\n<div style=\"clear:both\"><\/article>\n","protected":false},"excerpt":{"rendered":"<p>Filtro interno de aqu\u00e1rio el\u00e9trico 30w rs RS-3310E<\/p>\n","protected":false},"featured_media":3462,"comment_status":"open","ping_status":"closed","template":"","meta":[],"product_brand":[],"product_cat":[627],"product_tag":[],"class_list":{"0":"post-33504","1":"product","2":"type-product","3":"status-publish","4":"has-post-thumbnail","6":"product_cat-filtros-de-aquario","8":"first","9":"instock","10":"shipping-taxable","11":"purchasable","12":"product-type-simple"},"_links":{"self":[{"href":"https:\/\/www.myaquastore.com\/pt-br\/wp-json\/wp\/v2\/product\/33504","targetHints":{"allow":["GET"]}}],"collection":[{"href":"https:\/\/www.myaquastore.com\/pt-br\/wp-json\/wp\/v2\/product"}],"about":[{"href":"https:\/\/www.myaquastore.com\/pt-br\/wp-json\/wp\/v2\/types\/product"}],"replies":[{"embeddable":true,"href":"https:\/\/www.myaquastore.com\/pt-br\/wp-json\/wp\/v2\/comments?post=33504"}],"wp:featuredmedia":[{"embeddable":true,"href":"https:\/\/www.myaquastore.com\/pt-br\/wp-json\/wp\/v2\/media\/3462"}],"wp:attachment":[{"href":"https:\/\/www.myaquastore.com\/pt-br\/wp-json\/wp\/v2\/media?parent=33504"}],"wp:term":[{"taxonomy":"product_brand","embeddable":true,"href":"https:\/\/www.myaquastore.com\/pt-br\/wp-json\/wp\/v2\/product_brand?post=33504"},{"taxonomy":"product_cat","embeddable":true,"href":"https:\/\/www.myaquastore.com\/pt-br\/wp-json\/wp\/v2\/product_cat?post=33504"},{"taxonomy":"product_tag","embeddable":true,"href":"https:\/\/www.myaquastore.com\/pt-br\/wp-json\/wp\/v2\/product_tag?post=33504"}],"curies":[{"name":"wp","href":"https:\/\/api.w.org\/{rel}","templated":true}]}}