{"id":33505,"date":"2016-09-25T23:28:00","date_gmt":"2016-09-25T23:28:00","guid":{"rendered":"https:\/\/www.myaquastore.com\/product\/rs-filtro-de-energia-interno-para-aquario-eletrico-barato-rs-3300d\/"},"modified":"2025-03-16T08:28:21","modified_gmt":"2025-03-16T08:28:21","slug":"rs-filtro-de-energia-interno-para-aquario-eletrico-barato-rs-3300d","status":"publish","type":"product","link":"https:\/\/www.myaquastore.com\/pt-br\/produto\/rs-filtro-de-energia-interno-para-aquario-eletrico-barato-rs-3300d\/","title":{"rendered":"rs filtro de energia interno para aqu\u00e1rio el\u00e9trico barato RS-3300D"},"content":{"rendered":"<article class=\"article richtext richtext-detail AE:disable\" id=\"richTextContainer\">\n<div style=\"clear:both\">\n<p><span style=\"font-family: 'times new roman', times;font-size: 24px\"> rs filtro de energia interno para aqu\u00e1rio el\u00e9trico barato RS-3300D <\/span><\/p>\n<p><span style=\"font-family: 'times new roman', times;font-size: 24px\">1 material de filtro tem fun\u00e7\u00e3o de percora\u00e7\u00e3o<\/span><br \/><span style=\"font-family: 'times new roman', times;font-size: 24px\">2 excelente combina\u00e7\u00e3o de motor e bomba<\/span><br \/><span style=\"font-family: 'times new roman', times;font-size: 24px\">3 instala\u00e7\u00e3o flex\u00edvel e f\u00e1cil de ser mantida<\/span><br \/><span style=\"font-family: 'times new roman', times;font-size: 24px\">4 cabem em todos os tanques e aqu\u00e1rios de zoologia, etc. 24px;&#8221;&gt;6 super desempenho<\/span><\/p>\n<div style=\"clear:both\"><\/article>\n","protected":false},"excerpt":{"rendered":"<p>rs filtro de energia interno para aqu\u00e1rio el\u00e9trico barato RS-3300D<\/p>\n","protected":false},"featured_media":3464,"comment_status":"open","ping_status":"closed","template":"","meta":[],"product_brand":[],"product_cat":[627],"product_tag":[],"class_list":{"0":"post-33505","1":"product","2":"type-product","3":"status-publish","4":"has-post-thumbnail","6":"product_cat-filtros-de-aquario","8":"first","9":"instock","10":"shipping-taxable","11":"purchasable","12":"product-type-simple"},"_links":{"self":[{"href":"https:\/\/www.myaquastore.com\/pt-br\/wp-json\/wp\/v2\/product\/33505","targetHints":{"allow":["GET"]}}],"collection":[{"href":"https:\/\/www.myaquastore.com\/pt-br\/wp-json\/wp\/v2\/product"}],"about":[{"href":"https:\/\/www.myaquastore.com\/pt-br\/wp-json\/wp\/v2\/types\/product"}],"replies":[{"embeddable":true,"href":"https:\/\/www.myaquastore.com\/pt-br\/wp-json\/wp\/v2\/comments?post=33505"}],"wp:featuredmedia":[{"embeddable":true,"href":"https:\/\/www.myaquastore.com\/pt-br\/wp-json\/wp\/v2\/media\/3464"}],"wp:attachment":[{"href":"https:\/\/www.myaquastore.com\/pt-br\/wp-json\/wp\/v2\/media?parent=33505"}],"wp:term":[{"taxonomy":"product_brand","embeddable":true,"href":"https:\/\/www.myaquastore.com\/pt-br\/wp-json\/wp\/v2\/product_brand?post=33505"},{"taxonomy":"product_cat","embeddable":true,"href":"https:\/\/www.myaquastore.com\/pt-br\/wp-json\/wp\/v2\/product_cat?post=33505"},{"taxonomy":"product_tag","embeddable":true,"href":"https:\/\/www.myaquastore.com\/pt-br\/wp-json\/wp\/v2\/product_tag?post=33505"}],"curies":[{"name":"wp","href":"https:\/\/api.w.org\/{rel}","templated":true}]}}