{"id":33514,"date":"2016-09-25T23:28:00","date_gmt":"2016-09-25T23:28:00","guid":{"rendered":"https:\/\/www.myaquastore.com\/product\/bomba-de-ar-eletrica-para-aquario-resun-de-baixa-pressao-air8000\/"},"modified":"2025-03-16T08:28:22","modified_gmt":"2025-03-16T08:28:22","slug":"bomba-de-ar-eletrica-para-aquario-resun-de-baixa-pressao-air8000","status":"publish","type":"product","link":"https:\/\/www.myaquastore.com\/pt-br\/produto\/bomba-de-ar-eletrica-para-aquario-resun-de-baixa-pressao-air8000\/","title":{"rendered":"Bomba de ar el\u00e9trica para aqu\u00e1rio resun de baixa press\u00e3o AIR8000"},"content":{"rendered":"<article class=\"article richtext richtext-detail AE:disable\" id=\"richTextContainer\">\n<div style=\"clear:both\">\n<p><span style=\"font-family: 'times new roman', times;font-size: 24px\"> resun bomba de ar el\u00e9trica de baixa press\u00e3o para aqu\u00e1rio AIR8000 <\/span><\/p>\n<p><span style=\"font-family: 'times new roman', times;font-size: 24px\">a. O diafragma e a v\u00e1lvula de borracha resistentes a impactos garantem longa vida \u00fatil<\/span><\/p>\n<p><span style=\"font-family: 'times new roman', times;font-size: 24px\">b. Estrutura \u00fanica com boa dispers\u00e3o de calor e baixo ru\u00eddo<\/span><\/p>\n<p><span style=\"font-family: 'times new roman', times;font-size: 24px\">c. Amplamente utilizado em pisciculturas, lagoas, aqu\u00e1rios e usos industriais para fins de oxigena\u00e7\u00e3o<\/span><\/p>\n<p><span style=\"font-family: 'times new roman', times;font-size: 24px\">d. Divisores de ar de pl\u00e1stico inclu\u00eddos e divisores de metal dispon\u00edveis mediante solicita\u00e7\u00e3o<\/span><\/p>\n<p><span style=\"font-family: 'times new roman', times;font-size: 24px\">e.output \u00e9 640L\/H <\/span><\/p>\n<div style=\"clear:both\"><\/article>\n","protected":false},"excerpt":{"rendered":"<p>Bomba de ar el\u00e9trica para aqu\u00e1rio resun de baixa press\u00e3o AIR8000<\/p>\n","protected":false},"featured_media":3481,"comment_status":"open","ping_status":"closed","template":"","meta":[],"product_brand":[],"product_cat":[627],"product_tag":[],"class_list":{"0":"post-33514","1":"product","2":"type-product","3":"status-publish","4":"has-post-thumbnail","6":"product_cat-filtros-de-aquario","8":"first","9":"instock","10":"shipping-taxable","11":"purchasable","12":"product-type-simple"},"_links":{"self":[{"href":"https:\/\/www.myaquastore.com\/pt-br\/wp-json\/wp\/v2\/product\/33514","targetHints":{"allow":["GET"]}}],"collection":[{"href":"https:\/\/www.myaquastore.com\/pt-br\/wp-json\/wp\/v2\/product"}],"about":[{"href":"https:\/\/www.myaquastore.com\/pt-br\/wp-json\/wp\/v2\/types\/product"}],"replies":[{"embeddable":true,"href":"https:\/\/www.myaquastore.com\/pt-br\/wp-json\/wp\/v2\/comments?post=33514"}],"wp:featuredmedia":[{"embeddable":true,"href":"https:\/\/www.myaquastore.com\/pt-br\/wp-json\/wp\/v2\/media\/3481"}],"wp:attachment":[{"href":"https:\/\/www.myaquastore.com\/pt-br\/wp-json\/wp\/v2\/media?parent=33514"}],"wp:term":[{"taxonomy":"product_brand","embeddable":true,"href":"https:\/\/www.myaquastore.com\/pt-br\/wp-json\/wp\/v2\/product_brand?post=33514"},{"taxonomy":"product_cat","embeddable":true,"href":"https:\/\/www.myaquastore.com\/pt-br\/wp-json\/wp\/v2\/product_cat?post=33514"},{"taxonomy":"product_tag","embeddable":true,"href":"https:\/\/www.myaquastore.com\/pt-br\/wp-json\/wp\/v2\/product_tag?post=33514"}],"curies":[{"name":"wp","href":"https:\/\/api.w.org\/{rel}","templated":true}]}}