{"id":33522,"date":"2016-09-25T23:28:00","date_gmt":"2016-09-25T23:28:00","guid":{"rendered":"https:\/\/www.myaquastore.com\/product\/resun-pequena-bomba-de-ar-eletrica-de-baixa-pressao-para-aquario-ac500\/"},"modified":"2025-03-16T08:28:24","modified_gmt":"2025-03-16T08:28:24","slug":"resun-pequena-bomba-de-ar-eletrica-de-baixa-pressao-para-aquario-ac500","status":"publish","type":"product","link":"https:\/\/www.myaquastore.com\/pt-br\/produto\/resun-pequena-bomba-de-ar-eletrica-de-baixa-pressao-para-aquario-ac500\/","title":{"rendered":"resun pequena bomba de ar el\u00e9trica de baixa press\u00e3o para aqu\u00e1rio AC500"},"content":{"rendered":"<article class=\"article richtext richtext-detail AE:disable\" id=\"richTextContainer\">\n<div style=\"clear:both\">\n<p><span style=\"font-family: 'times new roman', times;font-size: 24px\"> resun pequena bomba de ar el\u00e9trica de baixa press\u00e3o para aqu\u00e1rio AC500 <\/span><\/p>\n<p><span style=\"font-family: 'times new roman', times;font-size: 24px\">a. O diafragma e a v\u00e1lvula de borracha resistentes a impactos garantem longa vida \u00fatil<\/span><\/p>\n<p><span style=\"font-family: 'times new roman', times;font-size: 24px\">b. Estrutura \u00fanica com boa dispers\u00e3o de calor e baixo ru\u00eddo<\/span><\/p>\n<p><span style=\"font-family: 'times new roman', times;font-size: 24px\">c. Amplamente utilizado em pisciculturas, lagoas, aqu\u00e1rios e usos industriais para fins de oxigena\u00e7\u00e3o<\/span><\/p>\n<p><span style=\"font-family: 'times new roman', times;font-size: 24px\">d. Divis\u00f3rias de ar de pl\u00e1stico inclu\u00eddas e divis\u00f3rias de metal dispon\u00edveis mediante solicita\u00e7\u00e3o<\/span><\/p>\n<p><span style=\"font-family: 'times new roman', times;font-size: 24px\">e.packing \u00e9 de 60 pe\u00e7as\/caixa <\/span><\/p>\n<div style=\"clear:both\"><\/article>\n","protected":false},"excerpt":{"rendered":"<p>resun pequena bomba de ar el\u00e9trica de baixa press\u00e3o para aqu\u00e1rio AC500<\/p>\n","protected":false},"featured_media":3493,"comment_status":"open","ping_status":"closed","template":"","meta":[],"product_brand":[],"product_cat":[627],"product_tag":[],"class_list":{"0":"post-33522","1":"product","2":"type-product","3":"status-publish","4":"has-post-thumbnail","6":"product_cat-filtros-de-aquario","8":"first","9":"instock","10":"shipping-taxable","11":"purchasable","12":"product-type-simple"},"_links":{"self":[{"href":"https:\/\/www.myaquastore.com\/pt-br\/wp-json\/wp\/v2\/product\/33522","targetHints":{"allow":["GET"]}}],"collection":[{"href":"https:\/\/www.myaquastore.com\/pt-br\/wp-json\/wp\/v2\/product"}],"about":[{"href":"https:\/\/www.myaquastore.com\/pt-br\/wp-json\/wp\/v2\/types\/product"}],"replies":[{"embeddable":true,"href":"https:\/\/www.myaquastore.com\/pt-br\/wp-json\/wp\/v2\/comments?post=33522"}],"wp:featuredmedia":[{"embeddable":true,"href":"https:\/\/www.myaquastore.com\/pt-br\/wp-json\/wp\/v2\/media\/3493"}],"wp:attachment":[{"href":"https:\/\/www.myaquastore.com\/pt-br\/wp-json\/wp\/v2\/media?parent=33522"}],"wp:term":[{"taxonomy":"product_brand","embeddable":true,"href":"https:\/\/www.myaquastore.com\/pt-br\/wp-json\/wp\/v2\/product_brand?post=33522"},{"taxonomy":"product_cat","embeddable":true,"href":"https:\/\/www.myaquastore.com\/pt-br\/wp-json\/wp\/v2\/product_cat?post=33522"},{"taxonomy":"product_tag","embeddable":true,"href":"https:\/\/www.myaquastore.com\/pt-br\/wp-json\/wp\/v2\/product_tag?post=33522"}],"curies":[{"name":"wp","href":"https:\/\/api.w.org\/{rel}","templated":true}]}}