{"id":33526,"date":"2016-09-25T23:28:00","date_gmt":"2016-09-25T23:28:00","guid":{"rendered":"https:\/\/www.myaquastore.com\/product\/bomba-de-ar-para-aquario-de-baixo-ruido-100w-resun\/"},"modified":"2025-03-16T08:28:25","modified_gmt":"2025-03-16T08:28:25","slug":"bomba-de-ar-para-aquario-de-baixo-ruido-100w-resun","status":"publish","type":"product","link":"https:\/\/www.myaquastore.com\/pt-br\/produto\/bomba-de-ar-para-aquario-de-baixo-ruido-100w-resun\/","title":{"rendered":"Bomba de ar para aqu\u00e1rio de baixo ru\u00eddo 100W RESUN"},"content":{"rendered":"<article class=\"article richtext richtext-detail AE:disable\" id=\"richTextContainer\">\n<h2 class=\"article-title\">Especifica\u00e7\u00f5es<\/h2>\n<div style=\"clear:both\"> Bomba de ar de aqu\u00e1rio de baixo ru\u00eddo 100W RESUN <br \/>1. longa vida \u00fatil <br \/>2 bastante, economia de energia <br \/>3 sa\u00edda de ar constante e press\u00e3o <\/p>\n<div style=\"clear:both\">\n<p>Bomba de ar de aqu\u00e1rio de baixo ru\u00eddo 100W RESUN<\/p>\n<p>a. O diafragma e a v\u00e1lvula de borracha resistentes a impactos garantem longa vida \u00fatil<\/p>\n<p>b. Estrutura \u00fanica com boa dispers\u00e3o de calor e baixo ru\u00eddo<\/p>\n<p>c. Amplamente utilizado em pisciculturas, lagoas, aqu\u00e1rios e usos industriais para fins de oxigena\u00e7\u00e3o<\/p>\n<p>d. Divisores de ar de pl\u00e1stico inclu\u00eddos e divisores de metal dispon\u00edveis mediante solicita\u00e7\u00e3o<\/p>\n<div style=\"clear:both\"><\/article>\n","protected":false},"excerpt":{"rendered":"<p>Bomba de ar para aqu\u00e1rio de baixo ru\u00eddo 100W RESUN<\/p>\n","protected":false},"featured_media":3501,"comment_status":"open","ping_status":"closed","template":"","meta":[],"product_brand":[],"product_cat":[627],"product_tag":[],"class_list":{"0":"post-33526","1":"product","2":"type-product","3":"status-publish","4":"has-post-thumbnail","6":"product_cat-filtros-de-aquario","8":"first","9":"instock","10":"shipping-taxable","11":"purchasable","12":"product-type-simple"},"_links":{"self":[{"href":"https:\/\/www.myaquastore.com\/pt-br\/wp-json\/wp\/v2\/product\/33526","targetHints":{"allow":["GET"]}}],"collection":[{"href":"https:\/\/www.myaquastore.com\/pt-br\/wp-json\/wp\/v2\/product"}],"about":[{"href":"https:\/\/www.myaquastore.com\/pt-br\/wp-json\/wp\/v2\/types\/product"}],"replies":[{"embeddable":true,"href":"https:\/\/www.myaquastore.com\/pt-br\/wp-json\/wp\/v2\/comments?post=33526"}],"wp:featuredmedia":[{"embeddable":true,"href":"https:\/\/www.myaquastore.com\/pt-br\/wp-json\/wp\/v2\/media\/3501"}],"wp:attachment":[{"href":"https:\/\/www.myaquastore.com\/pt-br\/wp-json\/wp\/v2\/media?parent=33526"}],"wp:term":[{"taxonomy":"product_brand","embeddable":true,"href":"https:\/\/www.myaquastore.com\/pt-br\/wp-json\/wp\/v2\/product_brand?post=33526"},{"taxonomy":"product_cat","embeddable":true,"href":"https:\/\/www.myaquastore.com\/pt-br\/wp-json\/wp\/v2\/product_cat?post=33526"},{"taxonomy":"product_tag","embeddable":true,"href":"https:\/\/www.myaquastore.com\/pt-br\/wp-json\/wp\/v2\/product_tag?post=33526"}],"curies":[{"name":"wp","href":"https:\/\/api.w.org\/{rel}","templated":true}]}}