{"id":33530,"date":"2016-09-25T23:28:00","date_gmt":"2016-09-25T23:28:00","guid":{"rendered":"https:\/\/www.myaquastore.com\/product\/mini-limpador-magnetico-flutuante-para-aquarios\/"},"modified":"2025-03-16T08:28:25","modified_gmt":"2025-03-16T08:28:25","slug":"mini-limpador-magnetico-flutuante-para-aquarios","status":"publish","type":"product","link":"https:\/\/www.myaquastore.com\/pt-br\/produto\/mini-limpador-magnetico-flutuante-para-aquarios\/","title":{"rendered":"MINI limpador magn\u00e9tico flutuante para aqu\u00e1rios"},"content":{"rendered":"<article class=\"article richtext richtext-detail AE:disable\" id=\"richTextContainer\">\n<h2 class=\"article-title\">Especifica\u00e7\u00f5es<\/h2>\n<div style=\"clear:both\"> MINI limpador magn\u00e9tico flutuante para aqu\u00e1rios <br \/>1 remove facilmente algas de aqu\u00e1rios de vidro <br \/>2 almofadas permanentemente coladas garantem que n\u00e3o haja riscos <\/p>\n<div style=\"clear:both\">\n<p>MINI limpador magn\u00e9tico flutuante para aqu\u00e1rios<br \/>1 remove facilmente algas de aqu\u00e1rios de vidro<br \/>2 almofadas permanentemente coladas garantem que n\u00e3o haja cicatrizes<\/p>\n<p>3 adequadas apenas para aqu\u00e1rios de vidro<\/p>\n<p>4 adequadas para aqu\u00e1rios de 3 mm de espessura<\/p>\n<p>5 coloque o elemento de limpeza magn\u00e9tico no aqu\u00e1rio com a superf\u00edcie de limpeza \u00e1spera contra o vidro. Coloque a bola de futebol na parte externa do aqu\u00e1rio sobre o elemento de limpeza magn\u00e9tico.<\/p>\n<div style=\"clear:both\"><\/article>\n","protected":false},"excerpt":{"rendered":"<p>MINI limpador magn\u00e9tico flutuante para aqu\u00e1rios<\/p>\n","protected":false},"featured_media":3507,"comment_status":"open","ping_status":"closed","template":"","meta":[],"product_brand":[],"product_cat":[627],"product_tag":[],"class_list":{"0":"post-33530","1":"product","2":"type-product","3":"status-publish","4":"has-post-thumbnail","6":"product_cat-filtros-de-aquario","8":"first","9":"instock","10":"shipping-taxable","11":"purchasable","12":"product-type-simple"},"_links":{"self":[{"href":"https:\/\/www.myaquastore.com\/pt-br\/wp-json\/wp\/v2\/product\/33530","targetHints":{"allow":["GET"]}}],"collection":[{"href":"https:\/\/www.myaquastore.com\/pt-br\/wp-json\/wp\/v2\/product"}],"about":[{"href":"https:\/\/www.myaquastore.com\/pt-br\/wp-json\/wp\/v2\/types\/product"}],"replies":[{"embeddable":true,"href":"https:\/\/www.myaquastore.com\/pt-br\/wp-json\/wp\/v2\/comments?post=33530"}],"wp:featuredmedia":[{"embeddable":true,"href":"https:\/\/www.myaquastore.com\/pt-br\/wp-json\/wp\/v2\/media\/3507"}],"wp:attachment":[{"href":"https:\/\/www.myaquastore.com\/pt-br\/wp-json\/wp\/v2\/media?parent=33530"}],"wp:term":[{"taxonomy":"product_brand","embeddable":true,"href":"https:\/\/www.myaquastore.com\/pt-br\/wp-json\/wp\/v2\/product_brand?post=33530"},{"taxonomy":"product_cat","embeddable":true,"href":"https:\/\/www.myaquastore.com\/pt-br\/wp-json\/wp\/v2\/product_cat?post=33530"},{"taxonomy":"product_tag","embeddable":true,"href":"https:\/\/www.myaquastore.com\/pt-br\/wp-json\/wp\/v2\/product_tag?post=33530"}],"curies":[{"name":"wp","href":"https:\/\/api.w.org\/{rel}","templated":true}]}}