{"id":33534,"date":"2016-09-25T23:28:00","date_gmt":"2016-09-25T23:28:00","guid":{"rendered":"https:\/\/www.myaquastore.com\/product\/filtro-interno-para-aquario-resun-magi-magi380\/"},"modified":"2025-03-16T08:28:27","modified_gmt":"2025-03-16T08:28:27","slug":"filtro-interno-para-aquario-resun-magi-magi380","status":"publish","type":"product","link":"https:\/\/www.myaquastore.com\/pt-br\/produto\/filtro-interno-para-aquario-resun-magi-magi380\/","title":{"rendered":"Filtro interno para aqu\u00e1rio RESUN Magi Magi380"},"content":{"rendered":"<article class=\"article richtext richtext-detail AE:disable\" id=\"richTextContainer\">\n<h2 class=\"article-title\">Especifica\u00e7\u00f5es<\/h2>\n<div style=\"clear:both\"> Filtro interno para aqu\u00e1rio RESUN Magi Magi380 <br \/>1 Estrutura compacta e eficiente <br \/>2 Fluxo de oxig\u00eanio obtido com kits adicionais fornecidos <\/p>\n<div style=\"clear:both\">\n<p>Filtro interno para aqu\u00e1rio RESUN Magi Magi380<br \/>a. Estrutura compacta e eficiente, com dire\u00e7\u00e3o do fluxo de \u00e1gua ajust\u00e1vel por barra pulverizadora<\/p>\n<p>b. Fluxo de oxig\u00eanio obtido com kits adicionais fornecidos<\/p>\n<p>c. Filtragem mec\u00e2nica e biol\u00f3gica realizada com caixa de carbono e esponja de filtro facilmente limpas e substitu\u00edveis<\/p>\n<p>d.30 pe\u00e7as\/caixa<\/p>\n<div style=\"clear:both\"><\/article>\n","protected":false},"excerpt":{"rendered":"<p>Filtro interno para aqu\u00e1rio RESUN Magi Magi380<\/p>\n","protected":false},"featured_media":3520,"comment_status":"open","ping_status":"closed","template":"","meta":[],"product_brand":[],"product_cat":[627],"product_tag":[],"class_list":{"0":"post-33534","1":"product","2":"type-product","3":"status-publish","4":"has-post-thumbnail","6":"product_cat-filtros-de-aquario","8":"first","9":"instock","10":"shipping-taxable","11":"purchasable","12":"product-type-simple"},"_links":{"self":[{"href":"https:\/\/www.myaquastore.com\/pt-br\/wp-json\/wp\/v2\/product\/33534","targetHints":{"allow":["GET"]}}],"collection":[{"href":"https:\/\/www.myaquastore.com\/pt-br\/wp-json\/wp\/v2\/product"}],"about":[{"href":"https:\/\/www.myaquastore.com\/pt-br\/wp-json\/wp\/v2\/types\/product"}],"replies":[{"embeddable":true,"href":"https:\/\/www.myaquastore.com\/pt-br\/wp-json\/wp\/v2\/comments?post=33534"}],"wp:featuredmedia":[{"embeddable":true,"href":"https:\/\/www.myaquastore.com\/pt-br\/wp-json\/wp\/v2\/media\/3520"}],"wp:attachment":[{"href":"https:\/\/www.myaquastore.com\/pt-br\/wp-json\/wp\/v2\/media?parent=33534"}],"wp:term":[{"taxonomy":"product_brand","embeddable":true,"href":"https:\/\/www.myaquastore.com\/pt-br\/wp-json\/wp\/v2\/product_brand?post=33534"},{"taxonomy":"product_cat","embeddable":true,"href":"https:\/\/www.myaquastore.com\/pt-br\/wp-json\/wp\/v2\/product_cat?post=33534"},{"taxonomy":"product_tag","embeddable":true,"href":"https:\/\/www.myaquastore.com\/pt-br\/wp-json\/wp\/v2\/product_tag?post=33534"}],"curies":[{"name":"wp","href":"https:\/\/api.w.org\/{rel}","templated":true}]}}