{"id":33540,"date":"2016-09-25T23:28:02","date_gmt":"2016-09-25T23:28:02","guid":{"rendered":"https:\/\/www.myaquastore.com\/product\/bomba-de-agua-submarina-resun-s-10000\/"},"modified":"2025-03-16T08:28:28","modified_gmt":"2025-03-16T08:28:28","slug":"bomba-de-agua-submarina-resun-s-10000","status":"publish","type":"product","link":"https:\/\/www.myaquastore.com\/pt-br\/produto\/bomba-de-agua-submarina-resun-s-10000\/","title":{"rendered":"Bomba de \u00e1gua submarina RESUN S-10000"},"content":{"rendered":"<article class=\"article richtext richtext-detail AE:disable\" id=\"richTextContainer\">\n<h2 class=\"article-title\">Especifica\u00e7\u00f5es<\/h2>\n<div style=\"clear:both\"> Bomba de \u00e1gua submarina RESUN S-10000 <br \/>a. Design patenteado elegante e exclusivo b. Tamanho compacto e f\u00e1cil instala\u00e7\u00e3o<br \/>c. Terno para \u00e1gua fresca e marinha <\/p>\n<div style=\"clear:both\">\n<p>Bomba de \u00e1gua submarina RESUN S-10000<\/p>\n<p>a. Design patenteado elegante e exclusivo<\/p>\n<p>b. Tamanho compacto e f\u00e1cil de instalar<\/p>\n<p>c. Adequado para \u00e1gua doce e marinha<\/p>\n<p>d. Fornecido com esponja filtrante<\/p>\n<p>e. Ideal para exibi\u00e7\u00e3o de aqu\u00e1rios, lagos, fontes e cachoeiras<\/p>\n<p>f. Uma ampla variedade de fontes opcionais<\/p>\n<\/p>\n<\/p>\n<div style=\"clear:both\"><\/article>\n","protected":false},"excerpt":{"rendered":"<p>Bomba de \u00e1gua submarina RESUN S-10000<\/p>\n","protected":false},"featured_media":3532,"comment_status":"open","ping_status":"closed","template":"","meta":[],"product_brand":[],"product_cat":[627],"product_tag":[],"class_list":{"0":"post-33540","1":"product","2":"type-product","3":"status-publish","4":"has-post-thumbnail","6":"product_cat-filtros-de-aquario","8":"first","9":"instock","10":"shipping-taxable","11":"purchasable","12":"product-type-simple"},"_links":{"self":[{"href":"https:\/\/www.myaquastore.com\/pt-br\/wp-json\/wp\/v2\/product\/33540","targetHints":{"allow":["GET"]}}],"collection":[{"href":"https:\/\/www.myaquastore.com\/pt-br\/wp-json\/wp\/v2\/product"}],"about":[{"href":"https:\/\/www.myaquastore.com\/pt-br\/wp-json\/wp\/v2\/types\/product"}],"replies":[{"embeddable":true,"href":"https:\/\/www.myaquastore.com\/pt-br\/wp-json\/wp\/v2\/comments?post=33540"}],"wp:featuredmedia":[{"embeddable":true,"href":"https:\/\/www.myaquastore.com\/pt-br\/wp-json\/wp\/v2\/media\/3532"}],"wp:attachment":[{"href":"https:\/\/www.myaquastore.com\/pt-br\/wp-json\/wp\/v2\/media?parent=33540"}],"wp:term":[{"taxonomy":"product_brand","embeddable":true,"href":"https:\/\/www.myaquastore.com\/pt-br\/wp-json\/wp\/v2\/product_brand?post=33540"},{"taxonomy":"product_cat","embeddable":true,"href":"https:\/\/www.myaquastore.com\/pt-br\/wp-json\/wp\/v2\/product_cat?post=33540"},{"taxonomy":"product_tag","embeddable":true,"href":"https:\/\/www.myaquastore.com\/pt-br\/wp-json\/wp\/v2\/product_tag?post=33540"}],"curies":[{"name":"wp","href":"https:\/\/api.w.org\/{rel}","templated":true}]}}